{"id":1093,"date":"2013-08-17T07:08:24","date_gmt":"2013-08-17T07:08:24","guid":{"rendered":"http:\/\/www.ultimotipo.com.br\/site\/?page_id=1093"},"modified":"2016-10-25T01:02:59","modified_gmt":"2016-10-25T01:02:59","slug":"videos","status":"publish","type":"page","link":"https:\/\/www.ultimotipo.com.br\/site\/videos\/","title":{"rendered":"V\u00eddeos"},"content":{"rendered":"<p>25 anos Fazendo Tipo<br \/>\n<iframe loading=\"lazy\" title=\"25 anos Fazendo Tipo\" width=\"580\" height=\"435\" src=\"https:\/\/www.youtube.com\/embed\/HaslRKuHc08?feature=oembed\" frameborder=\"0\" allow=\"accelerometer; autoplay; clipboard-write; encrypted-media; gyroscope; picture-in-picture; web-share\" referrerpolicy=\"strict-origin-when-cross-origin\" allowfullscreen><\/iframe><\/p>\n<p>25 anos criando<br \/>\n<iframe loading=\"lazy\" title=\"25 anos criando\" width=\"580\" height=\"435\" src=\"https:\/\/www.youtube.com\/embed\/C-Y6Wn4WpBM?feature=oembed\" frameborder=\"0\" allow=\"accelerometer; autoplay; clipboard-write; encrypted-media; gyroscope; picture-in-picture; web-share\" referrerpolicy=\"strict-origin-when-cross-origin\" allowfullscreen><\/iframe><\/p>\n<p>Teatro nas Escolas<br \/>\nhttp:\/\/www.youtube.com\/watch?v=cqYLYdT8vfI<\/p>\n<p>Reciclando a Cena<br \/>\nhttp:\/\/www.youtube.com\/watch?v=THbrniqP9pI<\/p>\n<p>O Treco da Pata Choca &#8211; Teatro nas Escolas<br \/>\n<iframe loading=\"lazy\" title=\"Pe\u00e7a &quot;O Treco da Pata Choca&quot; \u00e9 atra\u00e7\u00e3o em escolas\" width=\"580\" height=\"435\" src=\"https:\/\/www.youtube.com\/embed\/2LD86okLfXw?feature=oembed\" frameborder=\"0\" allow=\"accelerometer; autoplay; clipboard-write; encrypted-media; gyroscope; picture-in-picture; web-share\" referrerpolicy=\"strict-origin-when-cross-origin\" allowfullscreen><\/iframe><\/p>\n<p>Outra Festa no C\u00e9u &#8211; Ad\u00e3o e a Saracura<br \/>\n<iframe loading=\"lazy\" title=\"Outra Festa no C\u00e9u - Ad\u00e3o e a Saracura\" width=\"580\" height=\"326\" src=\"https:\/\/www.youtube.com\/embed\/1JhMaRGzCfQ?feature=oembed\" frameborder=\"0\" allow=\"accelerometer; autoplay; clipboard-write; encrypted-media; gyroscope; picture-in-picture; web-share\" referrerpolicy=\"strict-origin-when-cross-origin\" allowfullscreen><\/iframe><\/p>\n<p>Circo de Lat\u00e3o<br \/>\n<iframe loading=\"lazy\" title=\"Circo de Lat\u00e3o\" width=\"580\" height=\"435\" src=\"https:\/\/www.youtube.com\/embed\/Vr5UEz4TWPY?feature=oembed\" frameborder=\"0\" allow=\"accelerometer; autoplay; clipboard-write; encrypted-media; gyroscope; picture-in-picture; web-share\" referrerpolicy=\"strict-origin-when-cross-origin\" allowfullscreen><\/iframe><\/p>\n<p>As Cigarras e A Formiga<br \/>\n<iframe loading=\"lazy\" title=\"As Cigarras e A Formiga\" width=\"580\" height=\"435\" src=\"https:\/\/www.youtube.com\/embed\/S6NEZ0LpSfM?feature=oembed\" frameborder=\"0\" allow=\"accelerometer; autoplay; clipboard-write; encrypted-media; gyroscope; picture-in-picture; web-share\" referrerpolicy=\"strict-origin-when-cross-origin\" allowfullscreen><\/iframe><\/p>\n<p>Making of &#8211; O Livro de Rebeca<br \/>\n<iframe loading=\"lazy\" title=\"Making Of da filmagem de  &quot;O livro de Rebeca&quot;\" width=\"580\" height=\"435\" src=\"https:\/\/www.youtube.com\/embed\/dBWsY8N-yQc?feature=oembed\" frameborder=\"0\" allow=\"accelerometer; autoplay; clipboard-write; encrypted-media; gyroscope; picture-in-picture; web-share\" referrerpolicy=\"strict-origin-when-cross-origin\" allowfullscreen><\/iframe><\/p>\n<p>O Livro de Rebeca<br \/>\n<iframe loading=\"lazy\" title=\"O Livro de Rebeca\" width=\"580\" height=\"435\" src=\"https:\/\/www.youtube.com\/embed\/zDo7i5UEUAI?feature=oembed\" frameborder=\"0\" allow=\"accelerometer; autoplay; clipboard-write; encrypted-media; gyroscope; picture-in-picture; web-share\" referrerpolicy=\"strict-origin-when-cross-origin\" allowfullscreen><\/iframe><\/p>\n<p>Ponta de Areia &#8211; Vila Bambu<br \/>\n<iframe loading=\"lazy\" title=\"Ponta de Areia - 2013\" width=\"580\" height=\"326\" src=\"https:\/\/www.youtube.com\/embed\/ndHOiv45ugs?feature=oembed\" frameborder=\"0\" allow=\"accelerometer; autoplay; clipboard-write; encrypted-media; gyroscope; picture-in-picture; web-share\" referrerpolicy=\"strict-origin-when-cross-origin\" allowfullscreen><\/iframe><\/p>\n<p>O Monjolo do Seu Lindorfo &#8211; Vila Bambu<br \/>\n<iframe loading=\"lazy\" title=\"O Monjolo do Seu Lindorfo\" width=\"580\" height=\"326\" src=\"https:\/\/www.youtube.com\/embed\/3xyfBGUqWOI?feature=oembed\" frameborder=\"0\" allow=\"accelerometer; autoplay; clipboard-write; encrypted-media; gyroscope; picture-in-picture; web-share\" referrerpolicy=\"strict-origin-when-cross-origin\" allowfullscreen><\/iframe><\/p>\n<p>Goi\u00e2nia &#8211; Vila Bambu<br \/>\n<iframe loading=\"lazy\" title=\"Goi\u00e2nia\" width=\"580\" height=\"326\" src=\"https:\/\/www.youtube.com\/embed\/aP4WlOMdmCc?feature=oembed\" frameborder=\"0\" allow=\"accelerometer; autoplay; clipboard-write; encrypted-media; gyroscope; picture-in-picture; web-share\" referrerpolicy=\"strict-origin-when-cross-origin\" allowfullscreen><\/iframe><\/p>\n<p>Romance P\u00f3s-moderno<br \/>\n<iframe loading=\"lazy\" title=\"Romance P\u00f3s-moderno - Aninha foi ao sexshop\" width=\"580\" height=\"326\" src=\"https:\/\/www.youtube.com\/embed\/c_bGBJdBBNA?feature=oembed\" frameborder=\"0\" allow=\"accelerometer; autoplay; clipboard-write; encrypted-media; gyroscope; picture-in-picture; web-share\" referrerpolicy=\"strict-origin-when-cross-origin\" allowfullscreen><\/iframe><\/p>\n<p>Bala com Bala &#8211; Lan\u00e7amento CD \u00daltimo Tipo<br \/>\n<iframe loading=\"lazy\" title=\"Bala com Bala - Jo\u00e3o Bosco e Aldir Blanc\" width=\"580\" height=\"326\" src=\"https:\/\/www.youtube.com\/embed\/N3DHY995uv0?feature=oembed\" frameborder=\"0\" allow=\"accelerometer; autoplay; clipboard-write; encrypted-media; gyroscope; picture-in-picture; web-share\" referrerpolicy=\"strict-origin-when-cross-origin\" allowfullscreen><\/iframe><\/p>\n<p>Cirque du Chul\u00e9 &#8211; mat\u00e9ria TV<br \/>\n<iframe loading=\"lazy\" title=\"Cirque du Chul\u00e9\" width=\"580\" height=\"435\" src=\"https:\/\/www.youtube.com\/embed\/p2zK04SaTuQ?feature=oembed\" frameborder=\"0\" allow=\"accelerometer; autoplay; clipboard-write; encrypted-media; gyroscope; picture-in-picture; web-share\" referrerpolicy=\"strict-origin-when-cross-origin\" allowfullscreen><\/iframe><\/p>\n<p>Vera<br \/>\n<iframe loading=\"lazy\" title=\"Vera\" width=\"580\" height=\"435\" src=\"https:\/\/www.youtube.com\/embed\/MV9BmwmuEzw?feature=oembed\" frameborder=\"0\" allow=\"accelerometer; autoplay; clipboard-write; encrypted-media; gyroscope; picture-in-picture; web-share\" referrerpolicy=\"strict-origin-when-cross-origin\" allowfullscreen><\/iframe><\/p>\n<p>Alice<br \/>\n<iframe loading=\"lazy\" title=\"Alice - Clipe\" width=\"580\" height=\"435\" src=\"https:\/\/www.youtube.com\/embed\/XiTKXCtO5QM?feature=oembed\" frameborder=\"0\" allow=\"accelerometer; autoplay; clipboard-write; encrypted-media; gyroscope; picture-in-picture; web-share\" referrerpolicy=\"strict-origin-when-cross-origin\" allowfullscreen><\/iframe><\/p>\n<p>Jingle ABCS &#8211; Saneago &#8211; 2001<br \/>\n<iframe loading=\"lazy\" title=\"Jingle ABCS\" width=\"580\" height=\"435\" src=\"https:\/\/www.youtube.com\/embed\/eAjZPvTuHXg?feature=oembed\" frameborder=\"0\" allow=\"accelerometer; autoplay; clipboard-write; encrypted-media; gyroscope; picture-in-picture; web-share\" referrerpolicy=\"strict-origin-when-cross-origin\" allowfullscreen><\/iframe><\/p>\n<p>Saneago ETE &#8211; 2001<br \/>\n<iframe loading=\"lazy\" title=\"Saneago ETE\" width=\"580\" height=\"435\" src=\"https:\/\/www.youtube.com\/embed\/guiDw7TEjd8?feature=oembed\" frameborder=\"0\" allow=\"accelerometer; autoplay; clipboard-write; encrypted-media; gyroscope; picture-in-picture; web-share\" referrerpolicy=\"strict-origin-when-cross-origin\" allowfullscreen><\/iframe><\/p>\n<p style=\"text-align: center;\"><a href=\"http:\/\/www.youtube.com\/jaracarvalho\" target=\"_blank\"><img loading=\"lazy\" decoding=\"async\" class=\"aligncenter size-full wp-image-1735\" src=\"http:\/\/www.ultimotipo.com.br\/site\/wp-content\/uploads\/2013\/08\/youtube.png\" alt=\"youtube\" width=\"550\" height=\"50\" \/><\/a><\/p>\n","protected":false},"excerpt":{"rendered":"<p>25 anos Fazendo Tipo 25 anos criando Teatro nas Escolas http:\/\/www.youtube.com\/watch?v=cqYLYdT8vfI Reciclando a Cena http:\/\/www.youtube.com\/watch?v=THbrniqP9pI O Treco da Pata Choca &#8211; Teatro nas Escolas Outra Festa no C\u00e9u &#8211; Ad\u00e3o e a Saracura Circo de Lat\u00e3o As Cigarras e A Formiga Making of &#8211; O Livro de Rebeca O Livro de Rebeca Ponta de Areia &#8211; Vila Bambu O Monjolo do Seu Lindorfo &#8211; Vila Bambu Goi\u00e2nia &#8211; Vila Bambu Romance P\u00f3s-moderno Bala com Bala &#8211; Lan\u00e7amento CD \u00daltimo Tipo &hellip; <a href=\"https:\/\/www.ultimotipo.com.br\/site\/videos\/\">Leia Mais <span class=\"meta-nav\"> | +<\/span><\/a><\/p>\n","protected":false},"author":1,"featured_media":0,"parent":0,"menu_order":0,"comment_status":"closed","ping_status":"closed","template":"","meta":{"footnotes":""},"_links":{"self":[{"href":"https:\/\/www.ultimotipo.com.br\/site\/wp-json\/wp\/v2\/pages\/1093"}],"collection":[{"href":"https:\/\/www.ultimotipo.com.br\/site\/wp-json\/wp\/v2\/pages"}],"about":[{"href":"https:\/\/www.ultimotipo.com.br\/site\/wp-json\/wp\/v2\/types\/page"}],"author":[{"embeddable":true,"href":"https:\/\/www.ultimotipo.com.br\/site\/wp-json\/wp\/v2\/users\/1"}],"replies":[{"embeddable":true,"href":"https:\/\/www.ultimotipo.com.br\/site\/wp-json\/wp\/v2\/comments?post=1093"}],"version-history":[{"count":25,"href":"https:\/\/www.ultimotipo.com.br\/site\/wp-json\/wp\/v2\/pages\/1093\/revisions"}],"predecessor-version":[{"id":6413,"href":"https:\/\/www.ultimotipo.com.br\/site\/wp-json\/wp\/v2\/pages\/1093\/revisions\/6413"}],"wp:attachment":[{"href":"https:\/\/www.ultimotipo.com.br\/site\/wp-json\/wp\/v2\/media?parent=1093"}],"curies":[{"name":"wp","href":"https:\/\/api.w.org\/{rel}","templated":true}]}}