{"id":1758,"date":"2013-10-30T01:52:00","date_gmt":"2013-10-30T01:52:00","guid":{"rendered":"http:\/\/www.ultimotipo.com.br\/site\/?page_id=1758"},"modified":"2017-05-17T17:05:46","modified_gmt":"2017-05-17T17:05:46","slug":"deo-piti","status":"publish","type":"page","link":"https:\/\/www.ultimotipo.com.br\/site\/os-tipos\/deo-piti\/","title":{"rendered":"D\u00e9o Piti"},"content":{"rendered":"<p><img loading=\"lazy\" decoding=\"async\" class=\"size-full wp-image-1932 alignleft\" style=\"margin: 5px 10px;\" src=\"http:\/\/www.ultimotipo.com.br\/site\/wp-content\/uploads\/2013\/10\/tipos_deo.jpg\" alt=\"tipos_deo\" width=\"250\" height=\"250\" srcset=\"https:\/\/www.ultimotipo.com.br\/site\/wp-content\/uploads\/2013\/10\/tipos_deo.jpg 250w, https:\/\/www.ultimotipo.com.br\/site\/wp-content\/uploads\/2013\/10\/tipos_deo-150x150.jpg 150w, https:\/\/www.ultimotipo.com.br\/site\/wp-content\/uploads\/2013\/10\/tipos_deo-70x70.jpg 70w\" sizes=\"(max-width: 250px) 100vw, 250px\" \/>Ed Carlo da Silva, o D\u00e9o, come\u00e7ou a cantar com 4 anos. Sua m\u00e3e, grande apoiadora, levava o menino pra participar de concursos em parques e circos em Itau\u00e7\u00fa, cidade de Goi\u00e1s onde nasceu. Interpretava can\u00e7\u00f5es de Giliard, Patrik Dimon, Jess\u00e9, entre outros &#8220;cl\u00e1ssicos&#8221;. Uma vez, ganhou como pr\u00eamio uma bolsa com um shortinho dentro. N\u00e3o gostou: queria era dinheiro. Hoje segue rico de gra\u00e7a e irrever\u00eancia.<\/p>\n<p>Ele iniciou o canto coral em 1987, em Goi\u00e2nia, onde tamb\u00e9m participou de cursos e oficinas de m\u00fasica e teatro com Alexandre Braga, Tato Fischer, \u00cdtala Nandi e Tet\u00ea Caetano. Na escola de artes Gustav Ritter, estudou t\u00e9cnica vocal com Jocelyn Maroccolo e, ainda em Goi\u00e2nia (2003), participou da Oficina de Experi\u00eancias Teatrais, ministrada por Hugo Zorzetti (Teatro Exerc\u00edcio), no Instituto de Artes da Universidade Federal de Goi\u00e1s (1993).\u00a0 Em Belo Horizonte (1995), estudou canto com Bete Neves na escola de canto Babaya.<\/p>\n<p>Na percuss\u00e3o, estudou com Roberto Peres (Magr\u00e3o), e descobriu um talento especial na t\u00e9cnica do pandeiro. Ministrou oficinas de percuss\u00e3o para adolescentes no Ninho das Artes &#8211; ACADEC, em Campinas (de 2002 a 2007). Tamb\u00e9m ofereceu oficinas de m\u00fasica\u00a0para a comunidade no N\u00facleo Experimental Teatro de T\u00e1buas, em Campinas, e oficinas de m\u00fasica para o Centro de Refer\u00eancia DST\/AIDS de Campinas (2007), e para professores da rede p\u00fablica (2011).<\/p>\n<p>Em 2010, confeccionou adere\u00e7os para o espet\u00e1culo \u201cVira Lata do Lixo\u201d, de L\u00f3 Guimar\u00e3es. Recentemente, criou os figurinos e cen\u00e1rio para o espet\u00e1culo \u201cTra\u00e7o Bra\u00e7o no Compasso\u201d, do grupo das Excaravelhas, contemplado pelo FICC-Fundo de Investimentos Culturais de Campinas (2013).<\/p>\n<p>Entretanto, sua grande forma\u00e7\u00e3o foi, sem d\u00favida, o grupo \u00daltimo Tipo, do qual \u00e9 diretor, cantor, ator e compositor, e no qual desenvolve diversas experimenta\u00e7\u00f5es teatrais e musicais. D\u00e9o tamb\u00e9m integra o grupo QCV (Quarteto de Cordas Vocais), como cantor e pandeirista, tendo acompanhado v\u00e1rios sambistas, dentre eles: Nelson Sargento, Wilson Moreira, Noite ilustrada e Moacir Luz.<\/p>\n","protected":false},"excerpt":{"rendered":"<p>Ed Carlo da Silva, o D\u00e9o, come\u00e7ou a cantar com 4 anos. Sua m\u00e3e, grande apoiadora, levava o menino pra participar de concursos em parques e circos em Itau\u00e7\u00fa, cidade de Goi\u00e1s onde nasceu. Interpretava can\u00e7\u00f5es de Giliard, Patrik Dimon, Jess\u00e9, entre outros &#8220;cl\u00e1ssicos&#8221;. Uma vez, ganhou como pr\u00eamio uma bolsa com um shortinho dentro. N\u00e3o gostou: queria era dinheiro. Hoje segue rico de gra\u00e7a e irrever\u00eancia. Ele iniciou o canto coral em 1987, em Goi\u00e2nia, onde tamb\u00e9m participou de &hellip; <a href=\"https:\/\/www.ultimotipo.com.br\/site\/os-tipos\/deo-piti\/\">Leia Mais <span class=\"meta-nav\"> | +<\/span><\/a><\/p>\n","protected":false},"author":1,"featured_media":1932,"parent":36,"menu_order":0,"comment_status":"closed","ping_status":"closed","template":"","meta":{"footnotes":""},"_links":{"self":[{"href":"https:\/\/www.ultimotipo.com.br\/site\/wp-json\/wp\/v2\/pages\/1758"}],"collection":[{"href":"https:\/\/www.ultimotipo.com.br\/site\/wp-json\/wp\/v2\/pages"}],"about":[{"href":"https:\/\/www.ultimotipo.com.br\/site\/wp-json\/wp\/v2\/types\/page"}],"author":[{"embeddable":true,"href":"https:\/\/www.ultimotipo.com.br\/site\/wp-json\/wp\/v2\/users\/1"}],"replies":[{"embeddable":true,"href":"https:\/\/www.ultimotipo.com.br\/site\/wp-json\/wp\/v2\/comments?post=1758"}],"version-history":[{"count":7,"href":"https:\/\/www.ultimotipo.com.br\/site\/wp-json\/wp\/v2\/pages\/1758\/revisions"}],"predecessor-version":[{"id":5657,"href":"https:\/\/www.ultimotipo.com.br\/site\/wp-json\/wp\/v2\/pages\/1758\/revisions\/5657"}],"up":[{"embeddable":true,"href":"https:\/\/www.ultimotipo.com.br\/site\/wp-json\/wp\/v2\/pages\/36"}],"wp:featuredmedia":[{"embeddable":true,"href":"https:\/\/www.ultimotipo.com.br\/site\/wp-json\/wp\/v2\/media\/1932"}],"wp:attachment":[{"href":"https:\/\/www.ultimotipo.com.br\/site\/wp-json\/wp\/v2\/media?parent=1758"}],"curies":[{"name":"wp","href":"https:\/\/api.w.org\/{rel}","templated":true}]}}