{"id":2626,"date":"2014-06-08T20:22:12","date_gmt":"2014-06-08T20:22:12","guid":{"rendered":"http:\/\/www.ultimotipo.com.br\/site\/?page_id=2626"},"modified":"2016-07-14T16:11:17","modified_gmt":"2016-07-14T16:11:17","slug":"presente-de-natal","status":"publish","type":"page","link":"https:\/\/www.ultimotipo.com.br\/site\/espetaculos\/para-todos\/presente-de-natal\/","title":{"rendered":"Presente de Natal"},"content":{"rendered":"<p>O que voc\u00ea acha do Natal? Que mem\u00f3rias voc\u00ea tem desta data t\u00e3o festejada? Certamente ter\u00e1 muitas, por\u00e9m sempre tem alguma lembran\u00e7a que se faz mais importante em sua vida. \u00c9 sobre ela que vamos falar. Isso, a sua melhor lembran\u00e7a de Natal. Atrav\u00e9s de uma misancene totalmente l\u00fadica, bem humorada e cheia de improvisos, a troupe trar\u00e1 as suas pr\u00f3prias lembran\u00e7as para se juntar \u00e0s do p\u00fablico. No que vai dar isso? \u00c9 o que veremos na hora.<\/p>\n<p>Para rechear esta proposta, o \u00daltimo Tipo traz de presente um repert\u00f3rio musical de primeiro quilate. Parte de can\u00e7\u00f5es sens\u00edveis e festivas como \u201cSaci\u201d, de Dori Caymmi, \u201cBorboleta\u201d, can\u00e7\u00e3o do folclore nordestino conhecida pela interpreta\u00e7\u00e3o de Marisa Monte, passando por \u201cV\u00e9spera de Natal\u201d, de Adoniran Barbosa, \u201cBoas Festas\u201d, de Assis Valente, \u201cA Primeira Estrela\u201d, de Milton Nascimento e Fernando Brant.<\/p>\n<p>Mas tem presente para todos os gostos: Raul Seixas, Roberto Ribeiro, Noel Rosa, Albinone e Jonh Lennon. E para os tradicionais: \u201cJingle Bells\u201d, quer dizer, a nossa vers\u00e3o de \u201cJingle Bells\u201d.<\/p>\n<p>Traga a sua mem\u00f3ria de Natal e venha buscar o seu presente!<\/p>\n<p style=\"color: #666666;\"><strong>Dura\u00e7\u00e3o:<\/strong>\u00a050 minutos<\/p>\n<p style=\"color: #666666;\"><strong>Ficha T\u00e9cnica<\/strong><br \/>\nLora Brito: Voz<br \/>\nVelu Carvalho: Voz e alfaia<br \/>\nD\u00e9o Piti: Pandeiro<br \/>\nJara Carvalho: Voz e viol\u00e3o<\/p>\n<p><strong>M\u00fasicos convidados:<\/strong><br \/>\nPercuss\u00e3o: Magr\u00e3o (Roberto Peres)<br \/>\nTeclado: Anselmo Carvalho<\/p>\n<p><strong>Dire\u00e7\u00e3o:<\/strong> D\u00e9o Piti<\/p>\n<p><strong>Ilumina\u00e7\u00e3o:<\/strong> Andr\u00e9 Salvador<\/p>\n<p>&nbsp;<\/p>\n<div id='gallery-1' class='gallery galleryid-2626 gallery-columns-4 gallery-size-thumbnail'><dl class='gallery-item'>\n\t\t\t<dt class='gallery-icon landscape'>\n\t\t\t\t<a href='https:\/\/www.ultimotipo.com.br\/site\/wp-content\/uploads\/2014\/06\/1383243_10200573141155756_325434770_n.jpg'><img loading=\"lazy\" decoding=\"async\" width=\"150\" height=\"150\" src=\"https:\/\/www.ultimotipo.com.br\/site\/wp-content\/uploads\/2014\/06\/1383243_10200573141155756_325434770_n-150x150.jpg\" class=\"attachment-thumbnail size-thumbnail\" alt=\"\" srcset=\"https:\/\/www.ultimotipo.com.br\/site\/wp-content\/uploads\/2014\/06\/1383243_10200573141155756_325434770_n-150x150.jpg 150w, https:\/\/www.ultimotipo.com.br\/site\/wp-content\/uploads\/2014\/06\/1383243_10200573141155756_325434770_n-70x70.jpg 70w\" sizes=\"(max-width: 150px) 100vw, 150px\" \/><\/a>\n\t\t\t<\/dt><\/dl><dl class='gallery-item'>\n\t\t\t<dt class='gallery-icon landscape'>\n\t\t\t\t<a href='https:\/\/www.ultimotipo.com.br\/site\/wp-content\/uploads\/2014\/06\/1528746_603609716341310_1737628265_n.jpg'><img loading=\"lazy\" decoding=\"async\" width=\"150\" height=\"150\" src=\"https:\/\/www.ultimotipo.com.br\/site\/wp-content\/uploads\/2014\/06\/1528746_603609716341310_1737628265_n-150x150.jpg\" class=\"attachment-thumbnail size-thumbnail\" alt=\"\" srcset=\"https:\/\/www.ultimotipo.com.br\/site\/wp-content\/uploads\/2014\/06\/1528746_603609716341310_1737628265_n-150x150.jpg 150w, https:\/\/www.ultimotipo.com.br\/site\/wp-content\/uploads\/2014\/06\/1528746_603609716341310_1737628265_n-70x70.jpg 70w\" sizes=\"(max-width: 150px) 100vw, 150px\" \/><\/a>\n\t\t\t<\/dt><\/dl><dl class='gallery-item'>\n\t\t\t<dt class='gallery-icon portrait'>\n\t\t\t\t<a href='https:\/\/www.ultimotipo.com.br\/site\/wp-content\/uploads\/2014\/06\/601224_603609186341363_353873687_n.jpg'><img loading=\"lazy\" decoding=\"async\" width=\"150\" height=\"150\" src=\"https:\/\/www.ultimotipo.com.br\/site\/wp-content\/uploads\/2014\/06\/601224_603609186341363_353873687_n-150x150.jpg\" class=\"attachment-thumbnail size-thumbnail\" alt=\"\" srcset=\"https:\/\/www.ultimotipo.com.br\/site\/wp-content\/uploads\/2014\/06\/601224_603609186341363_353873687_n-150x150.jpg 150w, https:\/\/www.ultimotipo.com.br\/site\/wp-content\/uploads\/2014\/06\/601224_603609186341363_353873687_n-70x70.jpg 70w\" sizes=\"(max-width: 150px) 100vw, 150px\" \/><\/a>\n\t\t\t<\/dt><\/dl><dl class='gallery-item'>\n\t\t\t<dt class='gallery-icon portrait'>\n\t\t\t\t<a href='https:\/\/www.ultimotipo.com.br\/site\/wp-content\/uploads\/2014\/06\/945199_603609429674672_37849500_n.jpg'><img loading=\"lazy\" decoding=\"async\" width=\"150\" height=\"150\" src=\"https:\/\/www.ultimotipo.com.br\/site\/wp-content\/uploads\/2014\/06\/945199_603609429674672_37849500_n-150x150.jpg\" class=\"attachment-thumbnail size-thumbnail\" alt=\"\" srcset=\"https:\/\/www.ultimotipo.com.br\/site\/wp-content\/uploads\/2014\/06\/945199_603609429674672_37849500_n-150x150.jpg 150w, https:\/\/www.ultimotipo.com.br\/site\/wp-content\/uploads\/2014\/06\/945199_603609429674672_37849500_n-70x70.jpg 70w\" sizes=\"(max-width: 150px) 100vw, 150px\" \/><\/a>\n\t\t\t<\/dt><\/dl><br style=\"clear: both\" \/><dl class='gallery-item'>\n\t\t\t<dt class='gallery-icon portrait'>\n\t\t\t\t<a href='https:\/\/www.ultimotipo.com.br\/site\/wp-content\/uploads\/2014\/06\/988824_603609789674636_1373742353_n.jpg'><img loading=\"lazy\" decoding=\"async\" width=\"150\" height=\"150\" src=\"https:\/\/www.ultimotipo.com.br\/site\/wp-content\/uploads\/2014\/06\/988824_603609789674636_1373742353_n-150x150.jpg\" class=\"attachment-thumbnail size-thumbnail\" alt=\"\" srcset=\"https:\/\/www.ultimotipo.com.br\/site\/wp-content\/uploads\/2014\/06\/988824_603609789674636_1373742353_n-150x150.jpg 150w, https:\/\/www.ultimotipo.com.br\/site\/wp-content\/uploads\/2014\/06\/988824_603609789674636_1373742353_n-70x70.jpg 70w\" sizes=\"(max-width: 150px) 100vw, 150px\" \/><\/a>\n\t\t\t<\/dt><\/dl><dl class='gallery-item'>\n\t\t\t<dt class='gallery-icon portrait'>\n\t\t\t\t<a href='https:\/\/www.ultimotipo.com.br\/site\/wp-content\/uploads\/2014\/06\/1451987_603609549674660_98186459_n.jpg'><img loading=\"lazy\" decoding=\"async\" width=\"150\" height=\"150\" src=\"https:\/\/www.ultimotipo.com.br\/site\/wp-content\/uploads\/2014\/06\/1451987_603609549674660_98186459_n-150x150.jpg\" class=\"attachment-thumbnail size-thumbnail\" alt=\"\" srcset=\"https:\/\/www.ultimotipo.com.br\/site\/wp-content\/uploads\/2014\/06\/1451987_603609549674660_98186459_n-150x150.jpg 150w, https:\/\/www.ultimotipo.com.br\/site\/wp-content\/uploads\/2014\/06\/1451987_603609549674660_98186459_n-70x70.jpg 70w\" sizes=\"(max-width: 150px) 100vw, 150px\" \/><\/a>\n\t\t\t<\/dt><\/dl><dl class='gallery-item'>\n\t\t\t<dt class='gallery-icon landscape'>\n\t\t\t\t<a href='https:\/\/www.ultimotipo.com.br\/site\/wp-content\/uploads\/2014\/06\/1464098_603609893007959_646850877_n.jpg'><img loading=\"lazy\" decoding=\"async\" width=\"150\" height=\"150\" src=\"https:\/\/www.ultimotipo.com.br\/site\/wp-content\/uploads\/2014\/06\/1464098_603609893007959_646850877_n-150x150.jpg\" class=\"attachment-thumbnail size-thumbnail\" alt=\"\" srcset=\"https:\/\/www.ultimotipo.com.br\/site\/wp-content\/uploads\/2014\/06\/1464098_603609893007959_646850877_n-150x150.jpg 150w, https:\/\/www.ultimotipo.com.br\/site\/wp-content\/uploads\/2014\/06\/1464098_603609893007959_646850877_n-70x70.jpg 70w\" sizes=\"(max-width: 150px) 100vw, 150px\" \/><\/a>\n\t\t\t<\/dt><\/dl><dl class='gallery-item'>\n\t\t\t<dt class='gallery-icon landscape'>\n\t\t\t\t<a href='https:\/\/www.ultimotipo.com.br\/site\/wp-content\/uploads\/2014\/06\/1468772_603609216341360_1194196938_n.jpg'><img loading=\"lazy\" decoding=\"async\" width=\"150\" height=\"150\" src=\"https:\/\/www.ultimotipo.com.br\/site\/wp-content\/uploads\/2014\/06\/1468772_603609216341360_1194196938_n-150x150.jpg\" class=\"attachment-thumbnail size-thumbnail\" alt=\"\" srcset=\"https:\/\/www.ultimotipo.com.br\/site\/wp-content\/uploads\/2014\/06\/1468772_603609216341360_1194196938_n-150x150.jpg 150w, https:\/\/www.ultimotipo.com.br\/site\/wp-content\/uploads\/2014\/06\/1468772_603609216341360_1194196938_n-70x70.jpg 70w\" sizes=\"(max-width: 150px) 100vw, 150px\" \/><\/a>\n\t\t\t<\/dt><\/dl><br style=\"clear: both\" \/><dl class='gallery-item'>\n\t\t\t<dt class='gallery-icon landscape'>\n\t\t\t\t<a href='https:\/\/www.ultimotipo.com.br\/site\/wp-content\/uploads\/2014\/06\/1472852_603609546341327_169394331_n.jpg'><img loading=\"lazy\" decoding=\"async\" width=\"150\" height=\"150\" src=\"https:\/\/www.ultimotipo.com.br\/site\/wp-content\/uploads\/2014\/06\/1472852_603609546341327_169394331_n-150x150.jpg\" class=\"attachment-thumbnail size-thumbnail\" alt=\"\" srcset=\"https:\/\/www.ultimotipo.com.br\/site\/wp-content\/uploads\/2014\/06\/1472852_603609546341327_169394331_n-150x150.jpg 150w, https:\/\/www.ultimotipo.com.br\/site\/wp-content\/uploads\/2014\/06\/1472852_603609546341327_169394331_n-70x70.jpg 70w\" sizes=\"(max-width: 150px) 100vw, 150px\" \/><\/a>\n\t\t\t<\/dt><\/dl><dl class='gallery-item'>\n\t\t\t<dt class='gallery-icon landscape'>\n\t\t\t\t<a href='https:\/\/www.ultimotipo.com.br\/site\/wp-content\/uploads\/2014\/06\/1475901_603609306341351_1283436864_n.jpg'><img loading=\"lazy\" decoding=\"async\" width=\"150\" height=\"150\" src=\"https:\/\/www.ultimotipo.com.br\/site\/wp-content\/uploads\/2014\/06\/1475901_603609306341351_1283436864_n-150x150.jpg\" class=\"attachment-thumbnail size-thumbnail\" alt=\"\" srcset=\"https:\/\/www.ultimotipo.com.br\/site\/wp-content\/uploads\/2014\/06\/1475901_603609306341351_1283436864_n-150x150.jpg 150w, https:\/\/www.ultimotipo.com.br\/site\/wp-content\/uploads\/2014\/06\/1475901_603609306341351_1283436864_n-70x70.jpg 70w\" sizes=\"(max-width: 150px) 100vw, 150px\" \/><\/a>\n\t\t\t<\/dt><\/dl><dl class='gallery-item'>\n\t\t\t<dt class='gallery-icon landscape'>\n\t\t\t\t<a href='https:\/\/www.ultimotipo.com.br\/site\/wp-content\/uploads\/2014\/06\/1475936_603609493007999_1300104382_n.jpg'><img loading=\"lazy\" decoding=\"async\" width=\"150\" height=\"150\" src=\"https:\/\/www.ultimotipo.com.br\/site\/wp-content\/uploads\/2014\/06\/1475936_603609493007999_1300104382_n-150x150.jpg\" class=\"attachment-thumbnail size-thumbnail\" alt=\"\" srcset=\"https:\/\/www.ultimotipo.com.br\/site\/wp-content\/uploads\/2014\/06\/1475936_603609493007999_1300104382_n-150x150.jpg 150w, https:\/\/www.ultimotipo.com.br\/site\/wp-content\/uploads\/2014\/06\/1475936_603609493007999_1300104382_n-70x70.jpg 70w\" sizes=\"(max-width: 150px) 100vw, 150px\" \/><\/a>\n\t\t\t<\/dt><\/dl><dl class='gallery-item'>\n\t\t\t<dt class='gallery-icon landscape'>\n\t\t\t\t<a href='https:\/\/www.ultimotipo.com.br\/site\/wp-content\/uploads\/2014\/06\/1477884_603609669674648_414452508_n.jpg'><img loading=\"lazy\" decoding=\"async\" width=\"150\" height=\"150\" src=\"https:\/\/www.ultimotipo.com.br\/site\/wp-content\/uploads\/2014\/06\/1477884_603609669674648_414452508_n-150x150.jpg\" class=\"attachment-thumbnail size-thumbnail\" alt=\"\" srcset=\"https:\/\/www.ultimotipo.com.br\/site\/wp-content\/uploads\/2014\/06\/1477884_603609669674648_414452508_n-150x150.jpg 150w, https:\/\/www.ultimotipo.com.br\/site\/wp-content\/uploads\/2014\/06\/1477884_603609669674648_414452508_n-70x70.jpg 70w\" sizes=\"(max-width: 150px) 100vw, 150px\" \/><\/a>\n\t\t\t<\/dt><\/dl><br style=\"clear: both\" \/><dl class='gallery-item'>\n\t\t\t<dt class='gallery-icon landscape'>\n\t\t\t\t<a href='https:\/\/www.ultimotipo.com.br\/site\/wp-content\/uploads\/2014\/06\/1477957_603609856341296_1744647365_n.jpg'><img loading=\"lazy\" decoding=\"async\" width=\"150\" height=\"150\" src=\"https:\/\/www.ultimotipo.com.br\/site\/wp-content\/uploads\/2014\/06\/1477957_603609856341296_1744647365_n-150x150.jpg\" class=\"attachment-thumbnail size-thumbnail\" alt=\"\" srcset=\"https:\/\/www.ultimotipo.com.br\/site\/wp-content\/uploads\/2014\/06\/1477957_603609856341296_1744647365_n-150x150.jpg 150w, https:\/\/www.ultimotipo.com.br\/site\/wp-content\/uploads\/2014\/06\/1477957_603609856341296_1744647365_n-70x70.jpg 70w\" sizes=\"(max-width: 150px) 100vw, 150px\" \/><\/a>\n\t\t\t<\/dt><\/dl><dl class='gallery-item'>\n\t\t\t<dt class='gallery-icon landscape'>\n\t\t\t\t<a href='https:\/\/www.ultimotipo.com.br\/site\/wp-content\/uploads\/2014\/06\/1497525_603609913007957_2125948789_n.jpg'><img loading=\"lazy\" decoding=\"async\" width=\"150\" height=\"150\" src=\"https:\/\/www.ultimotipo.com.br\/site\/wp-content\/uploads\/2014\/06\/1497525_603609913007957_2125948789_n-150x150.jpg\" class=\"attachment-thumbnail size-thumbnail\" alt=\"\" srcset=\"https:\/\/www.ultimotipo.com.br\/site\/wp-content\/uploads\/2014\/06\/1497525_603609913007957_2125948789_n-150x150.jpg 150w, https:\/\/www.ultimotipo.com.br\/site\/wp-content\/uploads\/2014\/06\/1497525_603609913007957_2125948789_n-70x70.jpg 70w\" sizes=\"(max-width: 150px) 100vw, 150px\" \/><\/a>\n\t\t\t<\/dt><\/dl><dl class='gallery-item'>\n\t\t\t<dt class='gallery-icon portrait'>\n\t\t\t\t<a href='https:\/\/www.ultimotipo.com.br\/site\/wp-content\/uploads\/2014\/06\/1504003_603609606341321_1947640776_n.jpg'><img loading=\"lazy\" decoding=\"async\" width=\"150\" height=\"150\" src=\"https:\/\/www.ultimotipo.com.br\/site\/wp-content\/uploads\/2014\/06\/1504003_603609606341321_1947640776_n-150x150.jpg\" class=\"attachment-thumbnail size-thumbnail\" alt=\"\" srcset=\"https:\/\/www.ultimotipo.com.br\/site\/wp-content\/uploads\/2014\/06\/1504003_603609606341321_1947640776_n-150x150.jpg 150w, https:\/\/www.ultimotipo.com.br\/site\/wp-content\/uploads\/2014\/06\/1504003_603609606341321_1947640776_n-70x70.jpg 70w\" sizes=\"(max-width: 150px) 100vw, 150px\" \/><\/a>\n\t\t\t<\/dt><\/dl><dl class='gallery-item'>\n\t\t\t<dt class='gallery-icon portrait'>\n\t\t\t\t<a href='https:\/\/www.ultimotipo.com.br\/site\/wp-content\/uploads\/2014\/06\/1506449_603609173008031_1542130796_n.jpg'><img loading=\"lazy\" decoding=\"async\" width=\"150\" height=\"150\" src=\"https:\/\/www.ultimotipo.com.br\/site\/wp-content\/uploads\/2014\/06\/1506449_603609173008031_1542130796_n-150x150.jpg\" class=\"attachment-thumbnail size-thumbnail\" alt=\"\" srcset=\"https:\/\/www.ultimotipo.com.br\/site\/wp-content\/uploads\/2014\/06\/1506449_603609173008031_1542130796_n-150x150.jpg 150w, https:\/\/www.ultimotipo.com.br\/site\/wp-content\/uploads\/2014\/06\/1506449_603609173008031_1542130796_n-70x70.jpg 70w\" sizes=\"(max-width: 150px) 100vw, 150px\" \/><\/a>\n\t\t\t<\/dt><\/dl><br style=\"clear: both\" \/><dl class='gallery-item'>\n\t\t\t<dt class='gallery-icon landscape'>\n\t\t\t\t<a href='https:\/\/www.ultimotipo.com.br\/site\/wp-content\/uploads\/2014\/06\/1511247_603609343008014_662935844_n.jpg'><img loading=\"lazy\" decoding=\"async\" width=\"150\" height=\"150\" src=\"https:\/\/www.ultimotipo.com.br\/site\/wp-content\/uploads\/2014\/06\/1511247_603609343008014_662935844_n-150x150.jpg\" class=\"attachment-thumbnail size-thumbnail\" alt=\"\" srcset=\"https:\/\/www.ultimotipo.com.br\/site\/wp-content\/uploads\/2014\/06\/1511247_603609343008014_662935844_n-150x150.jpg 150w, https:\/\/www.ultimotipo.com.br\/site\/wp-content\/uploads\/2014\/06\/1511247_603609343008014_662935844_n-70x70.jpg 70w\" sizes=\"(max-width: 150px) 100vw, 150px\" \/><\/a>\n\t\t\t<\/dt><\/dl><dl class='gallery-item'>\n\t\t\t<dt class='gallery-icon landscape'>\n\t\t\t\t<a href='https:\/\/www.ultimotipo.com.br\/site\/wp-content\/uploads\/2014\/06\/1511298_603609266341355_940244024_n.jpg'><img loading=\"lazy\" decoding=\"async\" width=\"150\" height=\"150\" src=\"https:\/\/www.ultimotipo.com.br\/site\/wp-content\/uploads\/2014\/06\/1511298_603609266341355_940244024_n-150x150.jpg\" class=\"attachment-thumbnail size-thumbnail\" alt=\"\" srcset=\"https:\/\/www.ultimotipo.com.br\/site\/wp-content\/uploads\/2014\/06\/1511298_603609266341355_940244024_n-150x150.jpg 150w, https:\/\/www.ultimotipo.com.br\/site\/wp-content\/uploads\/2014\/06\/1511298_603609266341355_940244024_n-70x70.jpg 70w\" sizes=\"(max-width: 150px) 100vw, 150px\" \/><\/a>\n\t\t\t<\/dt><\/dl><dl class='gallery-item'>\n\t\t\t<dt class='gallery-icon landscape'>\n\t\t\t\t<a href='https:\/\/www.ultimotipo.com.br\/site\/wp-content\/uploads\/2014\/06\/1513695_603609949674620_2048252286_n.jpg'><img loading=\"lazy\" decoding=\"async\" width=\"150\" height=\"150\" src=\"https:\/\/www.ultimotipo.com.br\/site\/wp-content\/uploads\/2014\/06\/1513695_603609949674620_2048252286_n-150x150.jpg\" class=\"attachment-thumbnail size-thumbnail\" alt=\"\" srcset=\"https:\/\/www.ultimotipo.com.br\/site\/wp-content\/uploads\/2014\/06\/1513695_603609949674620_2048252286_n-150x150.jpg 150w, https:\/\/www.ultimotipo.com.br\/site\/wp-content\/uploads\/2014\/06\/1513695_603609949674620_2048252286_n-70x70.jpg 70w\" sizes=\"(max-width: 150px) 100vw, 150px\" \/><\/a>\n\t\t\t<\/dt><\/dl><dl class='gallery-item'>\n\t\t\t<dt class='gallery-icon landscape'>\n\t\t\t\t<a href='https:\/\/www.ultimotipo.com.br\/site\/wp-content\/uploads\/2014\/06\/1524662_603609753007973_983234108_n.jpg'><img loading=\"lazy\" decoding=\"async\" width=\"150\" height=\"150\" src=\"https:\/\/www.ultimotipo.com.br\/site\/wp-content\/uploads\/2014\/06\/1524662_603609753007973_983234108_n-150x150.jpg\" class=\"attachment-thumbnail size-thumbnail\" alt=\"\" srcset=\"https:\/\/www.ultimotipo.com.br\/site\/wp-content\/uploads\/2014\/06\/1524662_603609753007973_983234108_n-150x150.jpg 150w, https:\/\/www.ultimotipo.com.br\/site\/wp-content\/uploads\/2014\/06\/1524662_603609753007973_983234108_n-70x70.jpg 70w\" sizes=\"(max-width: 150px) 100vw, 150px\" \/><\/a>\n\t\t\t<\/dt><\/dl><br style=\"clear: both\" \/><dl class='gallery-item'>\n\t\t\t<dt class='gallery-icon portrait'>\n\t\t\t\t<a href='https:\/\/www.ultimotipo.com.br\/site\/wp-content\/uploads\/2014\/06\/1525088_603609373008011_283859142_n.jpg'><img loading=\"lazy\" decoding=\"async\" width=\"150\" height=\"150\" src=\"https:\/\/www.ultimotipo.com.br\/site\/wp-content\/uploads\/2014\/06\/1525088_603609373008011_283859142_n-150x150.jpg\" class=\"attachment-thumbnail size-thumbnail\" alt=\"\" srcset=\"https:\/\/www.ultimotipo.com.br\/site\/wp-content\/uploads\/2014\/06\/1525088_603609373008011_283859142_n-150x150.jpg 150w, https:\/\/www.ultimotipo.com.br\/site\/wp-content\/uploads\/2014\/06\/1525088_603609373008011_283859142_n-70x70.jpg 70w\" sizes=\"(max-width: 150px) 100vw, 150px\" \/><\/a>\n\t\t\t<\/dt><\/dl><dl class='gallery-item'>\n\t\t\t<dt class='gallery-icon landscape'>\n\t\t\t\t<a href='https:\/\/www.ultimotipo.com.br\/site\/wp-content\/uploads\/2014\/06\/1526296_603609416341340_563635058_n.jpg'><img loading=\"lazy\" decoding=\"async\" width=\"150\" height=\"150\" src=\"https:\/\/www.ultimotipo.com.br\/site\/wp-content\/uploads\/2014\/06\/1526296_603609416341340_563635058_n-150x150.jpg\" class=\"attachment-thumbnail size-thumbnail\" alt=\"\" srcset=\"https:\/\/www.ultimotipo.com.br\/site\/wp-content\/uploads\/2014\/06\/1526296_603609416341340_563635058_n-150x150.jpg 150w, https:\/\/www.ultimotipo.com.br\/site\/wp-content\/uploads\/2014\/06\/1526296_603609416341340_563635058_n-70x70.jpg 70w\" sizes=\"(max-width: 150px) 100vw, 150px\" \/><\/a>\n\t\t\t<\/dt><\/dl>\n\t\t\t<br style='clear: both' \/>\n\t\t<\/div>\n\n","protected":false},"excerpt":{"rendered":"<p>O que voc\u00ea acha do Natal? Que mem\u00f3rias voc\u00ea tem desta data t\u00e3o festejada? Certamente ter\u00e1 muitas, por\u00e9m sempre tem alguma lembran\u00e7a que se faz mais importante em sua vida. \u00c9 sobre ela que vamos falar. Isso, a sua melhor lembran\u00e7a de Natal. Atrav\u00e9s de uma misancene totalmente l\u00fadica, bem humorada e cheia de improvisos, a troupe trar\u00e1 as suas pr\u00f3prias lembran\u00e7as para se juntar \u00e0s do p\u00fablico. No que vai dar isso? \u00c9 o que veremos na hora. Para &hellip; <a href=\"https:\/\/www.ultimotipo.com.br\/site\/espetaculos\/para-todos\/presente-de-natal\/\">Leia Mais <span class=\"meta-nav\"> | +<\/span><\/a><\/p>\n","protected":false},"author":1,"featured_media":3625,"parent":2621,"menu_order":0,"comment_status":"closed","ping_status":"open","template":"","meta":{"footnotes":""},"_links":{"self":[{"href":"https:\/\/www.ultimotipo.com.br\/site\/wp-json\/wp\/v2\/pages\/2626"}],"collection":[{"href":"https:\/\/www.ultimotipo.com.br\/site\/wp-json\/wp\/v2\/pages"}],"about":[{"href":"https:\/\/www.ultimotipo.com.br\/site\/wp-json\/wp\/v2\/types\/page"}],"author":[{"embeddable":true,"href":"https:\/\/www.ultimotipo.com.br\/site\/wp-json\/wp\/v2\/users\/1"}],"replies":[{"embeddable":true,"href":"https:\/\/www.ultimotipo.com.br\/site\/wp-json\/wp\/v2\/comments?post=2626"}],"version-history":[{"count":6,"href":"https:\/\/www.ultimotipo.com.br\/site\/wp-json\/wp\/v2\/pages\/2626\/revisions"}],"predecessor-version":[{"id":5961,"href":"https:\/\/www.ultimotipo.com.br\/site\/wp-json\/wp\/v2\/pages\/2626\/revisions\/5961"}],"up":[{"embeddable":true,"href":"https:\/\/www.ultimotipo.com.br\/site\/wp-json\/wp\/v2\/pages\/2621"}],"wp:featuredmedia":[{"embeddable":true,"href":"https:\/\/www.ultimotipo.com.br\/site\/wp-json\/wp\/v2\/media\/3625"}],"wp:attachment":[{"href":"https:\/\/www.ultimotipo.com.br\/site\/wp-json\/wp\/v2\/media?parent=2626"}],"curies":[{"name":"wp","href":"https:\/\/api.w.org\/{rel}","templated":true}]}}