{"id":267,"date":"2013-06-06T16:16:27","date_gmt":"2013-06-06T16:16:27","guid":{"rendered":"http:\/\/ultimotipo.birahcarvalho.com.br\/site\/?page_id=77"},"modified":"2016-07-14T16:07:04","modified_gmt":"2016-07-14T16:07:04","slug":"cordao-animambembe","status":"publish","type":"page","link":"https:\/\/www.ultimotipo.com.br\/site\/espetaculos\/para-todos\/cordao-animambembe\/","title":{"rendered":"Cord\u00e3o Animambembe"},"content":{"rendered":"<p>Tomados por uma onda saudosista e uma vontade de fazer festa, o grupo apresenta o \u201cCord\u00e3o Animambembe\u201d, um show composto por marchinhas, frevos e outros ritmos dan\u00e7antes tradicionais de nossas festas populares. Intera\u00e7\u00e3o, irrever\u00eancia, informalidade e alegria s\u00e3o caracter\u00edsticas deste show, que n\u00e3o tem um repert\u00f3rio fixo, mas apresenta a possibilidade de o grupo sentir o ritmo pr\u00f3prio de cada plateia e entrar neste clima de festa.<\/p>\n<p>Dentre as can\u00e7\u00f5es que n\u00e3o podem faltar est\u00e3o as tradicionais \u201cMam\u00e3e Eu Quero\u201d, \u201cCabeleira do Zez\u00e9\u201d, \u201cEstrela D\u2019Alva\u201d, \u201cA Jardineira\u201d, \u201cA Filha da Chiquita Bacana\u201d, \u201cAtr\u00e1s do Trio El\u00e9trico\u201d, \u201cFesta do Interior\u201d, \u201cMe d\u00e1 um dinheiro a\u00ed\u201d, \u201cBalanc\u00ea\u201d, \u201cLig L\u00e9\u201d, \u201cAurora\u201d.<\/p>\n<p>Como o espet\u00e1culo \u00e9 direcionado para p\u00fablicos de todas as idades, podem estar no repert\u00f3rio m\u00fasicas conhecidas do p\u00fablico infantil, como \u201cO Pato\u201d, \u201cA Casa\u201d (Vin\u00edcius de Moraes), \u201cSuperfant\u00e1stico\u201d, \u201cA Galinha Cocou\u00e1\u201d, \u201cA Galinha Magricela\u201d (Bal\u00e3o M\u00e1gico), todas em ritmo de carnaval.<\/p>\n<p>O show \u00e9 bastante adapt\u00e1vel aos mais variados tipos de espa\u00e7os e eventos, tornando cada apresenta\u00e7\u00e3o singular, em que o improviso pode ser o personagem principal.<\/p>\n<p><strong>Dura\u00e7\u00e3o:<\/strong> At\u00e9 2 horas<\/p>\n<p>&nbsp;<\/p>\n<p><strong>Ficha T\u00e9cnica<\/strong><br \/>\nD\u00e9o Piti: Voz e percuss\u00e3o<br \/>\nJara Carvalho: Voz, Viol\u00e3o e efeitos<br \/>\nL\u00f3ra Brito: Voz e efeitos<br \/>\nVel\u00fa Carvalho: Voz e percuss\u00e3o<\/p>\n<p>M\u00fasicos Convidados:<br \/>\nCaixa e percuss\u00e3o:\u00a0Magr\u00e3o (Roberto Peres)<br \/>\nSopro: F\u00e1bio Oliva<\/p>\n<p>&nbsp;<\/p>\n<div id='gallery-1' class='gallery galleryid-267 gallery-columns-4 gallery-size-thumbnail'><dl class='gallery-item'>\n\t\t\t<dt class='gallery-icon landscape'>\n\t\t\t\t<a href='https:\/\/www.ultimotipo.com.br\/site\/wp-content\/uploads\/2013\/08\/cordao_animambembe_010.jpg'><img loading=\"lazy\" decoding=\"async\" width=\"150\" height=\"150\" src=\"https:\/\/www.ultimotipo.com.br\/site\/wp-content\/uploads\/2013\/08\/cordao_animambembe_010-150x150.jpg\" class=\"attachment-thumbnail size-thumbnail\" alt=\"\" srcset=\"https:\/\/www.ultimotipo.com.br\/site\/wp-content\/uploads\/2013\/08\/cordao_animambembe_010-150x150.jpg 150w, https:\/\/www.ultimotipo.com.br\/site\/wp-content\/uploads\/2013\/08\/cordao_animambembe_010-70x70.jpg 70w\" sizes=\"(max-width: 150px) 100vw, 150px\" \/><\/a>\n\t\t\t<\/dt><\/dl><dl class='gallery-item'>\n\t\t\t<dt class='gallery-icon landscape'>\n\t\t\t\t<a href='https:\/\/www.ultimotipo.com.br\/site\/wp-content\/uploads\/2013\/08\/cordao_animambembe_008.jpg'><img loading=\"lazy\" decoding=\"async\" width=\"150\" height=\"150\" src=\"https:\/\/www.ultimotipo.com.br\/site\/wp-content\/uploads\/2013\/08\/cordao_animambembe_008-150x150.jpg\" class=\"attachment-thumbnail size-thumbnail\" alt=\"\" srcset=\"https:\/\/www.ultimotipo.com.br\/site\/wp-content\/uploads\/2013\/08\/cordao_animambembe_008-150x150.jpg 150w, https:\/\/www.ultimotipo.com.br\/site\/wp-content\/uploads\/2013\/08\/cordao_animambembe_008-70x70.jpg 70w\" sizes=\"(max-width: 150px) 100vw, 150px\" \/><\/a>\n\t\t\t<\/dt><\/dl><dl class='gallery-item'>\n\t\t\t<dt class='gallery-icon landscape'>\n\t\t\t\t<a href='https:\/\/www.ultimotipo.com.br\/site\/wp-content\/uploads\/2013\/08\/cordao_animambembe_011.jpg'><img loading=\"lazy\" decoding=\"async\" width=\"150\" height=\"150\" src=\"https:\/\/www.ultimotipo.com.br\/site\/wp-content\/uploads\/2013\/08\/cordao_animambembe_011-150x150.jpg\" class=\"attachment-thumbnail size-thumbnail\" alt=\"\" srcset=\"https:\/\/www.ultimotipo.com.br\/site\/wp-content\/uploads\/2013\/08\/cordao_animambembe_011-150x150.jpg 150w, https:\/\/www.ultimotipo.com.br\/site\/wp-content\/uploads\/2013\/08\/cordao_animambembe_011-70x70.jpg 70w\" sizes=\"(max-width: 150px) 100vw, 150px\" \/><\/a>\n\t\t\t<\/dt><\/dl><dl class='gallery-item'>\n\t\t\t<dt class='gallery-icon landscape'>\n\t\t\t\t<a href='https:\/\/www.ultimotipo.com.br\/site\/wp-content\/uploads\/2013\/08\/cordao_animambembe_009.jpg'><img loading=\"lazy\" decoding=\"async\" width=\"150\" height=\"150\" src=\"https:\/\/www.ultimotipo.com.br\/site\/wp-content\/uploads\/2013\/08\/cordao_animambembe_009-150x150.jpg\" class=\"attachment-thumbnail size-thumbnail\" alt=\"\" srcset=\"https:\/\/www.ultimotipo.com.br\/site\/wp-content\/uploads\/2013\/08\/cordao_animambembe_009-150x150.jpg 150w, https:\/\/www.ultimotipo.com.br\/site\/wp-content\/uploads\/2013\/08\/cordao_animambembe_009-70x70.jpg 70w\" sizes=\"(max-width: 150px) 100vw, 150px\" \/><\/a>\n\t\t\t<\/dt><\/dl><br style=\"clear: both\" \/><dl class='gallery-item'>\n\t\t\t<dt class='gallery-icon landscape'>\n\t\t\t\t<a href='https:\/\/www.ultimotipo.com.br\/site\/wp-content\/uploads\/2013\/08\/cordao_animambembe_007.jpg'><img loading=\"lazy\" decoding=\"async\" width=\"150\" height=\"150\" src=\"https:\/\/www.ultimotipo.com.br\/site\/wp-content\/uploads\/2013\/08\/cordao_animambembe_007-150x150.jpg\" class=\"attachment-thumbnail size-thumbnail\" alt=\"\" srcset=\"https:\/\/www.ultimotipo.com.br\/site\/wp-content\/uploads\/2013\/08\/cordao_animambembe_007-150x150.jpg 150w, https:\/\/www.ultimotipo.com.br\/site\/wp-content\/uploads\/2013\/08\/cordao_animambembe_007-70x70.jpg 70w\" sizes=\"(max-width: 150px) 100vw, 150px\" \/><\/a>\n\t\t\t<\/dt><\/dl><dl class='gallery-item'>\n\t\t\t<dt class='gallery-icon landscape'>\n\t\t\t\t<a href='https:\/\/www.ultimotipo.com.br\/site\/wp-content\/uploads\/2013\/08\/cordao_animambembe_005.jpg'><img loading=\"lazy\" decoding=\"async\" width=\"150\" height=\"150\" src=\"https:\/\/www.ultimotipo.com.br\/site\/wp-content\/uploads\/2013\/08\/cordao_animambembe_005-150x150.jpg\" class=\"attachment-thumbnail size-thumbnail\" alt=\"\" srcset=\"https:\/\/www.ultimotipo.com.br\/site\/wp-content\/uploads\/2013\/08\/cordao_animambembe_005-150x150.jpg 150w, https:\/\/www.ultimotipo.com.br\/site\/wp-content\/uploads\/2013\/08\/cordao_animambembe_005-70x70.jpg 70w\" sizes=\"(max-width: 150px) 100vw, 150px\" \/><\/a>\n\t\t\t<\/dt><\/dl><dl class='gallery-item'>\n\t\t\t<dt class='gallery-icon landscape'>\n\t\t\t\t<a href='https:\/\/www.ultimotipo.com.br\/site\/wp-content\/uploads\/2013\/08\/cordao_animambembe_004.jpg'><img loading=\"lazy\" decoding=\"async\" width=\"150\" height=\"150\" src=\"https:\/\/www.ultimotipo.com.br\/site\/wp-content\/uploads\/2013\/08\/cordao_animambembe_004-150x150.jpg\" class=\"attachment-thumbnail size-thumbnail\" alt=\"\" srcset=\"https:\/\/www.ultimotipo.com.br\/site\/wp-content\/uploads\/2013\/08\/cordao_animambembe_004-150x150.jpg 150w, https:\/\/www.ultimotipo.com.br\/site\/wp-content\/uploads\/2013\/08\/cordao_animambembe_004-70x70.jpg 70w\" sizes=\"(max-width: 150px) 100vw, 150px\" \/><\/a>\n\t\t\t<\/dt><\/dl><dl class='gallery-item'>\n\t\t\t<dt class='gallery-icon landscape'>\n\t\t\t\t<a href='https:\/\/www.ultimotipo.com.br\/site\/wp-content\/uploads\/2013\/08\/cordao_animambembe_006.jpg'><img loading=\"lazy\" decoding=\"async\" width=\"150\" height=\"150\" src=\"https:\/\/www.ultimotipo.com.br\/site\/wp-content\/uploads\/2013\/08\/cordao_animambembe_006-150x150.jpg\" class=\"attachment-thumbnail size-thumbnail\" alt=\"\" srcset=\"https:\/\/www.ultimotipo.com.br\/site\/wp-content\/uploads\/2013\/08\/cordao_animambembe_006-150x150.jpg 150w, https:\/\/www.ultimotipo.com.br\/site\/wp-content\/uploads\/2013\/08\/cordao_animambembe_006-70x70.jpg 70w\" sizes=\"(max-width: 150px) 100vw, 150px\" \/><\/a>\n\t\t\t<\/dt><\/dl><br style=\"clear: both\" \/><dl class='gallery-item'>\n\t\t\t<dt class='gallery-icon landscape'>\n\t\t\t\t<a href='https:\/\/www.ultimotipo.com.br\/site\/wp-content\/uploads\/2013\/08\/cordao_animambembe_002.jpg'><img loading=\"lazy\" decoding=\"async\" width=\"150\" height=\"150\" src=\"https:\/\/www.ultimotipo.com.br\/site\/wp-content\/uploads\/2013\/08\/cordao_animambembe_002-150x150.jpg\" class=\"attachment-thumbnail size-thumbnail\" alt=\"\" srcset=\"https:\/\/www.ultimotipo.com.br\/site\/wp-content\/uploads\/2013\/08\/cordao_animambembe_002-150x150.jpg 150w, https:\/\/www.ultimotipo.com.br\/site\/wp-content\/uploads\/2013\/08\/cordao_animambembe_002-70x70.jpg 70w\" sizes=\"(max-width: 150px) 100vw, 150px\" \/><\/a>\n\t\t\t<\/dt><\/dl><dl class='gallery-item'>\n\t\t\t<dt class='gallery-icon landscape'>\n\t\t\t\t<a href='https:\/\/www.ultimotipo.com.br\/site\/wp-content\/uploads\/2013\/08\/cordao_animambembe_001.jpg'><img loading=\"lazy\" decoding=\"async\" width=\"150\" height=\"150\" src=\"https:\/\/www.ultimotipo.com.br\/site\/wp-content\/uploads\/2013\/08\/cordao_animambembe_001-150x150.jpg\" class=\"attachment-thumbnail size-thumbnail\" alt=\"\" srcset=\"https:\/\/www.ultimotipo.com.br\/site\/wp-content\/uploads\/2013\/08\/cordao_animambembe_001-150x150.jpg 150w, https:\/\/www.ultimotipo.com.br\/site\/wp-content\/uploads\/2013\/08\/cordao_animambembe_001-70x70.jpg 70w\" sizes=\"(max-width: 150px) 100vw, 150px\" \/><\/a>\n\t\t\t<\/dt><\/dl><dl class='gallery-item'>\n\t\t\t<dt class='gallery-icon landscape'>\n\t\t\t\t<a href='https:\/\/www.ultimotipo.com.br\/site\/wp-content\/uploads\/2013\/08\/cordao_animambembe_003.jpg'><img loading=\"lazy\" decoding=\"async\" width=\"150\" height=\"150\" src=\"https:\/\/www.ultimotipo.com.br\/site\/wp-content\/uploads\/2013\/08\/cordao_animambembe_003-150x150.jpg\" class=\"attachment-thumbnail size-thumbnail\" alt=\"\" srcset=\"https:\/\/www.ultimotipo.com.br\/site\/wp-content\/uploads\/2013\/08\/cordao_animambembe_003-150x150.jpg 150w, https:\/\/www.ultimotipo.com.br\/site\/wp-content\/uploads\/2013\/08\/cordao_animambembe_003-70x70.jpg 70w\" sizes=\"(max-width: 150px) 100vw, 150px\" \/><\/a>\n\t\t\t<\/dt><\/dl>\n\t\t\t<br style='clear: both' \/>\n\t\t<\/div>\n\n","protected":false},"excerpt":{"rendered":"<p>Tomados por uma onda saudosista e uma vontade de fazer festa, o grupo apresenta o \u201cCord\u00e3o Animambembe\u201d, um show composto por marchinhas, frevos e outros ritmos dan\u00e7antes tradicionais de nossas festas populares. Intera\u00e7\u00e3o, irrever\u00eancia, informalidade e alegria s\u00e3o caracter\u00edsticas deste show, que n\u00e3o tem um repert\u00f3rio fixo, mas apresenta a possibilidade de o grupo sentir o ritmo pr\u00f3prio de cada plateia e entrar neste clima de festa. Dentre as can\u00e7\u00f5es que n\u00e3o podem faltar est\u00e3o as tradicionais \u201cMam\u00e3e Eu Quero\u201d, &hellip; <a href=\"https:\/\/www.ultimotipo.com.br\/site\/espetaculos\/para-todos\/cordao-animambembe\/\">Leia Mais <span class=\"meta-nav\"> | +<\/span><\/a><\/p>\n","protected":false},"author":1,"featured_media":1238,"parent":2621,"menu_order":0,"comment_status":"closed","ping_status":"closed","template":"","meta":{"footnotes":""},"_links":{"self":[{"href":"https:\/\/www.ultimotipo.com.br\/site\/wp-json\/wp\/v2\/pages\/267"}],"collection":[{"href":"https:\/\/www.ultimotipo.com.br\/site\/wp-json\/wp\/v2\/pages"}],"about":[{"href":"https:\/\/www.ultimotipo.com.br\/site\/wp-json\/wp\/v2\/types\/page"}],"author":[{"embeddable":true,"href":"https:\/\/www.ultimotipo.com.br\/site\/wp-json\/wp\/v2\/users\/1"}],"replies":[{"embeddable":true,"href":"https:\/\/www.ultimotipo.com.br\/site\/wp-json\/wp\/v2\/comments?post=267"}],"version-history":[{"count":12,"href":"https:\/\/www.ultimotipo.com.br\/site\/wp-json\/wp\/v2\/pages\/267\/revisions"}],"predecessor-version":[{"id":5959,"href":"https:\/\/www.ultimotipo.com.br\/site\/wp-json\/wp\/v2\/pages\/267\/revisions\/5959"}],"up":[{"embeddable":true,"href":"https:\/\/www.ultimotipo.com.br\/site\/wp-json\/wp\/v2\/pages\/2621"}],"wp:featuredmedia":[{"embeddable":true,"href":"https:\/\/www.ultimotipo.com.br\/site\/wp-json\/wp\/v2\/media\/1238"}],"wp:attachment":[{"href":"https:\/\/www.ultimotipo.com.br\/site\/wp-json\/wp\/v2\/media?parent=267"}],"curies":[{"name":"wp","href":"https:\/\/api.w.org\/{rel}","templated":true}]}}