{"id":35,"date":"2013-06-05T19:14:57","date_gmt":"2013-06-05T19:14:57","guid":{"rendered":"http:\/\/ultimotipo.birahcarvalho.com.br\/site\/?page_id=35"},"modified":"2023-06-27T01:45:30","modified_gmt":"2023-06-27T01:45:30","slug":"trajetoria","status":"publish","type":"page","link":"https:\/\/www.ultimotipo.com.br\/site\/trajetoria\/","title":{"rendered":"Trajet\u00f3ria"},"content":{"rendered":"<p><strong>35 anos fazendo tipo\u2026<\/strong><\/p>\n<p><em>O \u00daltimo Tipo \u00e9 um grupo que nunca sai da moda. H\u00e1 35 anos teatraliza a m\u00fasica e musica o teatro, levando com bom humor e alegria sua vis\u00e3o de mundo.<\/em><\/p>\n<p>Com uma trajet\u00f3ria bem-sucedida, o \u00daltimo Tipo, criado em Goi\u00e2nia em 1988 e radicado em Campinas desde 96, j\u00e1 soma um extenso repert\u00f3rio de pe\u00e7as que misturam m\u00fasica e teatro de forma inusitada e po\u00e9tica. O bom humor, a interatividade e a irrever\u00eancia tamb\u00e9m s\u00e3o marcas fundamentais do grupo, que tem no seu esp\u00edrito o teatro mambembe e o clown, fazendo, inclusive, apresenta\u00e7\u00f5es de rua e itinerantes \u00e0 moda dos trovadores medievais.<\/p>\n<p>D\u00e9o Piti, Jara Carvalho, L\u00f3ra Brito, Vel\u00fa Carvalho e Lya Bueno t\u00eam nos arranjos vocais sua base. Mas tamb\u00e9m utilizam muita percuss\u00e3o, que inclui instrumentos inusitados, como esp\u00e1tula de pedreiro, suporte de toalhas, concha de cozinha, caba\u00e7as, chocalhos de beb\u00ea, al\u00e9m de alguns que o pr\u00f3prio grupo cria, como o \u201cPifanite\u201d e a \u201cCaba\u00e7a de Touca\u201d. A seus arranjos, unem-se timbres eletr\u00f4nicos, conferindo sonoridades contempor\u00e2neas ao seu trabalho. Viol\u00e3o, viola, guitarra, teclado, pandeiro, cajon tamb\u00e9m fazem parte dessa receita sonora.<\/p>\n<p>O grupo tem como refer\u00eancias musicais o Grupo Rumo, Arrigo Barnab\u00e9, Mutantes, Premeditando o Breque, Itamar Assump\u00e7\u00e3o, Hermeto Pascoal, dentre tantos outros.<\/p>\n<p>Os figurinos ex\u00f3ticos e os cen\u00e1rios s\u00e3o confeccionados com materiais recicl\u00e1veis e descartes diversos, como cart\u00f5es telef\u00f4nicos, garrafas pet, discos de vinil, retalhos e tudo o que a criatividade permitir, o que se tornou uma marca do grupo em seus 28 anos de exist\u00eancia.<\/p>\n<p>O \u00daltimo Tipo j\u00e1 se apresentou em 10 estados, em mais de 200 cidades diferentes, em espa\u00e7os como teatros municipais, centros culturais, escolas, festivais, al\u00e9m de diversas unidades de Sesc e Sesi.<\/p>\n<p>Hoje tem 13 espet\u00e1culos em seu repert\u00f3rio, sendo 8 infantis, 3 adultos e 2 para todas as idades. Mas, em toda a sua trajet\u00f3ria, j\u00e1 montou 30 espet\u00e1culos. Gravou dois CDs e um DVD, al\u00e9m de ter um CD aguardando lan\u00e7amento.<\/p>\n<p>O grupo j\u00e1 ganhou mais de 30 pr\u00eamios com diversos espet\u00e1culos, m\u00fasicas, clipes, trilhas de filmes, al\u00e9m de ter sido contemplado com fundos de investimento municipais e patroc\u00ednios de diversas empresas.<\/p>\n<p><strong>Biografia<br \/>\n<\/strong>O grupo foi criado no ano de 1988, em Goi\u00e2nia-GO, e, em 1996, radicou-se em Campinas-SP. No in\u00edcio, o foco de seu trabalho, al\u00e9m de ser puramente a m\u00fasica, era direcionado ao p\u00fablico adulto. Aos poucos, foram sendo incorporados textos, elementos visuais, figurinos, que, aliados \u00e0 comicidade espont\u00e2nea de seus integrantes, tornaram o teatro parte insepar\u00e1vel do trabalho do grupo. Trouxeram muita bagagem para esse trabalho os constantes convites para participa\u00e7\u00e3o em pe\u00e7as como: \u201cMorreu Mas Passa Bem\u201d (Hugo Zorzetti), \u201cAurora da Minha Vida\u201d (Naum Alves de Souza), \u201cEmpilhando Horrores de Brincadeira\u201d e \u201cO Camale\u00e3o Fez Palha\u00e7ada e O \u00daltimo Tipo Achou Gra\u00e7a\u201d.<\/p>\n<p>Esse \u00faltimo espet\u00e1culo lhe rendeu, ao lado do grupo Camale\u00e3o, o primeiro Lugar no 1\u00ba Festival de Teatro de Goi\u00e1s, em 1993. Em 1991, estreou \u201cUse a Imagina\u00e7\u00e3o\u201d, seu primeiro espet\u00e1culo teatral para crian\u00e7as. Em 1995, foi a vez de \u201cA Noiva do Condutor\u201d, de Noel Rosa e Arnold Glunckman, sendo o primeiro grupo a mont\u00e1-lo no Brasil.<\/p>\n<p>Em 2002, lan\u00e7ou o CD \u00daltimo Tipo. Em 2006, teve o projeto Reciclando a Cena aprovado pelo FICC (Fundo de Investimentos Culturais de Campinas) para percorrer escolas municipais da cidade. O projeto levou pe\u00e7as do grupo a escolas p\u00fablicas e ofereceu oficinas de elabora\u00e7\u00e3o de cen\u00e1rios com material recicl\u00e1vel.<\/p>\n<p>J\u00e1 atuou em projetos como: Circolando Escola, em Jundia\u00ed-SP; CEDUCA, em Goi\u00e2nia; Arte nas Escolas, em Campinas; Recreio nas F\u00e9rias, em S\u00e3o Paulo; e Teatro nas Escolas, em Curitiba-PR, Campinas-SP, Pindamonhangaba-SP, Americana-SP, Santa Barbara D\u2019Oeste-SP, Salvador-BA, dentre outras cidades. Esse \u00faltimo projeto j\u00e1 foi patrocinado por empresas como Bosch, Goodyear, Ripasa, CPFL, Cutrale, Man Hummel, dentre outras, atrav\u00e9s do ProAC (Programa de A\u00e7\u00e3o Cultural da Secretaria de Estado da Cultura-SP) e Lei Rouanet.<\/p>\n<p>Estreou, em 2009, \u201cO Treco da Pata Choca\u201d, montagem para crian\u00e7as que fala da preserva\u00e7\u00e3o do meio ambiente, patrocinado pelo FICC. Esse espet\u00e1culo tamb\u00e9m foi aprovado no ProAc para realizar apresenta\u00e7\u00f5es em escolas do estado de S\u00e3o Paulo em 2011, sob o patroc\u00ednio das empresas Arjowiggins, Eaton e Man.<\/p>\n<p>Em 2010, no 8\u00ba Festival Gua\u00e7uano de V\u00eddeo (Mogi Gua\u00e7u-SP), e em 2011, no Locomotiva (Festival de Anima\u00e7\u00e3o de Garibaldi-RS), recebeu o pr\u00eamio de melhor trilha sonora na anima\u00e7\u00e3o \u201cOs Hai-Kais do Pr\u00edncipe\u201d, com dire\u00e7\u00e3o de Maur\u00edcio Squarisi.<\/p>\n<p>No mesmo ano de 2011, \u201cO Livro de Rebeca\u201d foi escolhido pela Universidade Anhanguera para ser transformado em DVD e levado para todo o pa\u00eds, em locais onde esta universidade mant\u00e9m o projeto Biblioteca Aberta, como forma de incentivo \u00e0 leitura e \u00e0 criatividade.<\/p>\n<p>Em 2012, realizou, junto \u00e0 empresa Vale do Rio Doce, a parte teatral do projeto Viver Bem, levando oficinas de teatro e apresenta\u00e7\u00f5es de espet\u00e1culos para o interior do estado do Par\u00e1. Executou tamb\u00e9m o projeto Reciclando a Cena, que contou com o patroc\u00ednio da Volvo, atrav\u00e9s da Lei Rouanet.<\/p>\n<p>Em 2013, ano em que completou bodas de prata, o grupo estreou o espet\u00e1culo adulto \u201cO Amor e\u2026 Outras Piadas\u201d, falando de forma bem-humorada desse sentimento t\u00e3o complexo. Nesse mesmo ano, realizou diversas apresenta\u00e7\u00f5es e festas em comemora\u00e7\u00e3o aos seus 25 anos, em Campinas e Goi\u00e2nia. Tamb\u00e9m participou do projeto Teatro nas Escolas novamente, apresentando-se em escolas p\u00fablicas de 12 cidades do interior de S\u00e3o Paulo e Minas Gerais, com \u201cO Treco da Pata Choca\u201d.<\/p>\n<p>Participou do projeto Teatro Infantil Itinerante, da CPFL Cultura, percorrendo as cidades de Sorocaba, Ribeir\u00e3o Preto, Bauru e Santos, com seu repert\u00f3rio para crian\u00e7as. Nesse mesmo ano, iniciou o projeto \u00daltimo Tipo e Convidados no espa\u00e7o do Projeto Escuta o Cheiro, uma festa mensal que contava com diversas performances do grupo e de convidados especiais. Esse projeto se estendeu at\u00e9 o final de 2014.<\/p>\n<p>Ainda em 2013, o grupo participou da grava\u00e7\u00e3o de um clipe em Super 8 da m\u00fasica \u201cLib\u00e9lula\u201d (Jara Carvalho e Deo Piti), que comp\u00f5e o espet\u00e1culo \u201cO Treco da Pata Choca\u201d. O v\u00eddeo foi dirigido por Maur\u00edcio Squarisi, atrav\u00e9s do N\u00facleo de Cinema de Anima\u00e7\u00e3o de Campinas, e foi exibido no 9\u00ba Curta 8 (Festival Internacional de Cinema Super 8 de Curitiba-PR).<\/p>\n<p>Em 2014, lan\u00e7ou o CD \u201cO Treco da Pata Choca\u201d, atrav\u00e9s do FICC 2013, tendo feito diversos shows em Campinas e outras cidades para divulgar esse novo trabalho. Realizou o projeto Luz, Magia e A\u00e7\u00e3o, financiado pela Lei Rouanet, na cidade de Pindamonhangaba, com 42 apresenta\u00e7\u00f5es de \u201cO Livro de Rebeca\u201d, percorrendo 21 escolas municipais. Tamb\u00e9m estreou uma nova pe\u00e7a infanto-juvenil, \u201cRio que passa l\u00e1\u201d, que teve sua montagem aprovada atrav\u00e9s do ProAc ICMS. Com esse espet\u00e1culo, viajou por diversas cidades banhadas pelo rio Tiet\u00ea, protagonista da hist\u00f3ria, realizando a primeira temporada do projeto.<\/p>\n<p>Ainda em 2014, o grupo foi convidado para compor a trilha sonora do curta-metragem de anima\u00e7\u00e3o \u201cZeca\u201d, que conta a hist\u00f3ria de Jos\u00e9 de Castro Mendes, ilustre escritor, jornalista, artista pl\u00e1stico e compositor campineiro. A obra foi idealizada e dirigida por Maur\u00edcio Squarisi, atrav\u00e9s do N\u00facleo de Cinema de Anima\u00e7\u00e3o de Campinas.<\/p>\n<p>Em 2015, foi a estreia de \u201cRio que passa l\u00e1\u201d para o p\u00fablico de Campinas, durante a Campanha de Populariza\u00e7\u00e3o do Teatro, quando o p\u00fablico tamb\u00e9m p\u00f4de prestigiar o espet\u00e1culo adulto \u201cO Amor&#8230; e Outras Piadas\u201d. Dando sequ\u00eancia ao projeto apoiado pelo ProAc ICMS, viajou com \u201cRio que passa l\u00e1\u201d por mais de 30 cidades de S\u00e3o Paulo, totalizando 102 apresenta\u00e7\u00f5es. Tamb\u00e9m fez shows do CD \u201cO Treco da Pata Choca\u201d em Campinas e cidades da regi\u00e3o, atrav\u00e9s do FICC 2014, agora um projeto de divulga\u00e7\u00e3o do CD.\u00a0Pelo projeto Teatro nas Escolas, apresentou \u201cO Treco da Pata Choca\u201d em escolas de Paul\u00ednia, Valinhos e Vinhedo.<\/p>\n<p>Em 2016, montou o espet\u00e1culo infantil \u201cA Fada das Formas e a M\u00e1quina da Pregui\u00e7a\u201d, atrav\u00e9s do ProAc ICMS, contando com a orienta\u00e7\u00e3o de m\u00e1scaras de \u00c9sio Magalh\u00e3es (Barrac\u00e3o Teatro). A estreia ocorreu no teatro Polytheama, em Jundia\u00ed, seguindo para Campinas, Ribeir\u00e3o Preto e Bauru. Atrav\u00e9s do projeto Teatro nas Escolas, com a Lei Rouanet, realizou 6 apresenta\u00e7\u00f5es do \u201cRio que passa l\u00e1\u201d no teatro municipal de Paul\u00ednia. Fez a trilha sonora para o projeto Um Reino Sem Dengue e trabalha atualmente na trilha do longa-metragem de anima\u00e7\u00e3o de Wilson Lazareti \u201cHist\u00f3ria durante uma hist\u00f3ria\u201d.<\/p>\n<p>Em janeiro de 2017, estreou o espet\u00e1culo adulto &#8220;Tocando o Terror&#8221;, durante a Campanha de Populariza\u00e7\u00e3o do Teatro de Campinas. Tamb\u00e9m fez a Mostra de Repert\u00f3rio Infantil no Sesc Vila Mariana em janeiro e fevereiro. Seguiu viajando com os espet\u00e1culos &#8220;Rio que passa l\u00e1&#8221; e &#8220;A Fada das Formas e a M\u00e1quina da Pregui\u00e7a&#8221;, atrav\u00e9s do projeto Teatro nas Escolas. Apresentou-se tamb\u00e9m no festival Galleria Music, do Shopping Galleria, em Campinas.<\/p>\n<p><span style=\"color: #000000;\">Em 2018 \u00e9<\/span> premiado no 2\u00ba Festival de Marchinhas do Tonicos Boteco, obtendo 2\u00ba lugar e Melhor Interprete, defendendo a \u201cMarchinha Problematizadora\u201d de Adriano Dias e Rog\u00e9rio Trentini. Estreia o espet\u00e1culo \u201cM\u00fasica que Pariu\u201d no Teatro do Grupo Estrada em Indaiatuba. Realiza o show em comemora\u00e7\u00e3o aos 30 anos de grupo, como atra\u00e7\u00e3o do 6\u00ba Festival Juriti de M\u00fasica e Poesia Encenada, al\u00e9m de compor o j\u00fari do mesmo. Circula por escolas de S\u00e3o Paulo pelo projeto Teatro nas Escolas, com o espet\u00e1culo \u201cOutra Festa no C\u00e9u\u201d. \u00c9 selecionado para a programa\u00e7\u00e3o do Dia das Boas A\u00e7\u00f5es no Parque Ibirapuera e para o &#8220;Territ\u00f3rio SESI-SP de Arte e Cultura&#8221; de 2018 levando os espet\u00e1culos: \u201cO Livro de Rebeca\u201d e \u201cRio que passa l\u00e1\u201d para as unidades de Campinas, Itu, Jundia\u00ed e Sumar\u00e9. Atrav\u00e9s do projeto Cultura Ensina da \u201cFunda\u00e7\u00e3o para o Desenvolvimento da \u00a0Educa\u00e7\u00e3o\u201d, do governo do estado de S\u00e3o Paulo, levou \u201cRio que passa l\u00e1\u201d para as cidades de Bauru, Assis, Ibitinga e Tanabi. Percorre 16 Escolas municipais de S\u00e3o Paulo-Capital com o espet\u00e1culo \u201cOutra Festa no C\u00e9u\u201d atrav\u00e9s do projeto Teatro Nas Escolas. Com o projeto Teatro na Villa circulou por 20 escolas de Campinas e Sumar\u00e9 com o espet\u00e1culo \u201cO Livro de Rebeca\u201d.<\/p>\n<p>Em 2019 realiza o \u201cCord\u00e3o Animambembe\u201d no SESC Registro. Com o projeto Teatro nas Escolas, da produtora \u201cDire\u00e7\u00e3o Cultura\u201d, circula com o espet\u00e1culo \u201cRio que passa l\u00e1\u201d passando por 14 escolas municipais de Campinas. \u00c9 selecionado para o IV Feleli (Festival de Leitura e Literatura) em Bauru com o espet\u00e1culo \u201cO Livro de Rebeca\u201d. Vence o 3\u00ba festival de marchinhas do Tonicos Boteco, em Campinas com a can\u00e7\u00e3o \u201cCarnaval do Amor\u201d de Adriano Dias. Realiza a Viv\u00eancia \u201cM\u00fasica para Ver\u201d no CCBB em S\u00e3o Paulo. Apresentou \u201cO Livro de Rebeca\u201d no projeto Domingo no Lago, da Casa do Lago na UNICAMP. Participa com \u201cAnimambembe\u201d no 2\u00ba Festival Teatral de F\u00e9rias do Parque das \u00c1guas e no \u201cQuintal do Paineiras Shopping\u201d em Jundia\u00ed, com \u201cRio que passa l\u00e1\u201d na Mostra de F\u00e9rias do Centro Cultural Casar\u00e3o. Se apresenta no projeto \u201cMovidos pelo Cora\u00e7\u00e3o\u201d edi\u00e7\u00e3o de Campinas. Apresenta \u201cO Treco da Pata Choca\u201d no SESC Thermas de Presidente Prudente. Realiza o \u201cAnimambembe\u201d no 7\u00ba Festival Goi\u00e2nia em Cena. Lan\u00e7a o \u00e1lbum \u201cRio que passa l\u00e1\u201d nas principais plataformas digitais de streaming.<\/p>\n<p>No in\u00edcio de 2020 comemora os 32 anos do grupo com uma apresenta\u00e7\u00e3o na Rabeca Cultural (Campinas) e uma na Oficina Cultural Geppetto (Goi\u00e2nia). Com o in\u00edcio da pandemia realiza uma s\u00e9rie de lives transmitidas pelas redes sociais. Participa do projeto \u201cPra Ler o Mundo\u201d com o espet\u00e1culo M\u00fasica Animada, no formato virtual.<\/p>\n<p>Em 2021 \u00e9\u00a0contemplado pelo Proac Lab para realizar o projeto Rio que passa l\u00e1 On Line, realizando 7 apresenta\u00e7\u00f5es virtuais do espet\u00e1culo. Participa, ainda virtualmente, do 2\u00b0 Sarau Viva Nordeste e da Mostra Nacional de Teatro NaLona 6\u00aa Edi\u00e7\u00e3o. Realiza o projeto Reciclando a Cena 4\u00aa edi\u00e7\u00e3o com 12 apresenta\u00e7\u00f5es de \u201cRio que passa l\u00e1\u201d nas cidades de Itu e Porto Feliz. Participa com Animambembe para crian\u00e7as e a grava\u00e7\u00e3o de um clipe de &#8220;Ponta de Areia&#8221; na &#8220;Mostra de Arte para Inf\u00e2ncia&#8221; da produtora Arte &amp; Efeito. Realiza uma apresenta\u00e7\u00e3o virtual no projeto \u201cSarau Viva Nordeste\u201d. Realiza uma s\u00e9rie de oficinas virtuais de instrumentos alternativos para o projeto Semeando Sonhos, para crian\u00e7as de Horizontina RS, Catal\u00e3o\/GO e Ouvidor\/GO.<\/p>\n<p>No ano de 2022 circula com \u201cRio que passa L\u00e1\u201d pelas cidades de Saudades\/SC, Ivoti\/RS, Curitiba\/PR, Campinas, Campo Limpo, Gararapes, Hortol\u00e2ndia e Santa B\u00e1rbara D\u2019Oeste, Guararapes, e Indaiatuba. Selecionado pelo edital do PROAT, atrav\u00e9s da Secretaria de Educa\u00e7\u00e3o da capital, realizou 6\u00a0 apresenta\u00e7\u00f5es para a Virada Sustent\u00e1vel da cidade de S\u00e3o Paulo em 6 unidades dos CEUs. Criou a trilha para o curta de anima\u00e7\u00e3o realizado por animadores de v\u00e1rios pa\u00edses, \u201cA Independ\u00eancia \u00e9 a nossa L\u00edngua\u201d, em comemora\u00e7\u00e3o ao bicenten\u00e1rio da independ\u00eancia do Brasil. Realiza quatro apresenta\u00e7\u00f5es de \u201cO Livro de Rebeca\u201d para o projeto \u201cTeatro na Villa\u201d.<\/p>\n<p>Em 2023 &#8220;Rio que passa l\u00e1&#8221; \u00e9 contemplado pelo FICC &#8211; Fundo de Investimentos Culturais de Campinas para circular por espa\u00e7os dentro da cidade sede o grupo.<\/p>\n<p>Seu repert\u00f3rio conta hoje com os seguintes espet\u00e1culos: \u201cCirco de Lat\u00e3o\u201d (infantil, 1998), \u201cOutra Festa no C\u00e9u\u201d (infantil, 1999), \u201cO Livro de Rebeca\u201d (infantil, 2002), \u201cAnimambembe\u201d (infantil e adulto, 2005), \u201cO Treco da Pata Choca\u201d (infantil, 2009), \u201cCord\u00e3o Animambembe\u201d (Carnaval, todas as idades, 2012), \u201cO Amor\u2026e\u00a0Outras Piadas\u201d (adulto, 2013), \u201cPresente de Natal\u201d (todas as idades, 2013), \u201cRio que passa l\u00e1\u201d (infantil, 2014) e \u201cA Fada das Formas e a M\u00e1quina da Pregui\u00e7a\u201d (infantil, 2016), M\u00fasica que Pariu (adulto, 2018).<\/p>\n","protected":false},"excerpt":{"rendered":"<p>35 anos fazendo tipo\u2026 O \u00daltimo Tipo \u00e9 um grupo que nunca sai da moda. H\u00e1 35 anos teatraliza a m\u00fasica e musica o teatro, levando com bom humor e alegria sua vis\u00e3o de mundo. Com uma trajet\u00f3ria bem-sucedida, o \u00daltimo Tipo, criado em Goi\u00e2nia em 1988 e radicado em Campinas desde 96, j\u00e1 soma um extenso repert\u00f3rio de pe\u00e7as que misturam m\u00fasica e teatro de forma inusitada e po\u00e9tica. O bom humor, a interatividade e a irrever\u00eancia tamb\u00e9m s\u00e3o &hellip; <a href=\"https:\/\/www.ultimotipo.com.br\/site\/trajetoria\/\">Leia Mais <span class=\"meta-nav\"> | +<\/span><\/a><\/p>\n","protected":false},"author":1,"featured_media":0,"parent":0,"menu_order":0,"comment_status":"closed","ping_status":"closed","template":"","meta":{"footnotes":""},"_links":{"self":[{"href":"https:\/\/www.ultimotipo.com.br\/site\/wp-json\/wp\/v2\/pages\/35"}],"collection":[{"href":"https:\/\/www.ultimotipo.com.br\/site\/wp-json\/wp\/v2\/pages"}],"about":[{"href":"https:\/\/www.ultimotipo.com.br\/site\/wp-json\/wp\/v2\/types\/page"}],"author":[{"embeddable":true,"href":"https:\/\/www.ultimotipo.com.br\/site\/wp-json\/wp\/v2\/users\/1"}],"replies":[{"embeddable":true,"href":"https:\/\/www.ultimotipo.com.br\/site\/wp-json\/wp\/v2\/comments?post=35"}],"version-history":[{"count":30,"href":"https:\/\/www.ultimotipo.com.br\/site\/wp-json\/wp\/v2\/pages\/35\/revisions"}],"predecessor-version":[{"id":8446,"href":"https:\/\/www.ultimotipo.com.br\/site\/wp-json\/wp\/v2\/pages\/35\/revisions\/8446"}],"wp:attachment":[{"href":"https:\/\/www.ultimotipo.com.br\/site\/wp-json\/wp\/v2\/media?parent=35"}],"curies":[{"name":"wp","href":"https:\/\/api.w.org\/{rel}","templated":true}]}}