{"id":46,"date":"2013-06-05T19:44:51","date_gmt":"2013-06-05T19:44:51","guid":{"rendered":"http:\/\/ultimotipo.birahcarvalho.com.br\/site\/?page_id=46"},"modified":"2014-07-23T17:29:38","modified_gmt":"2014-07-23T17:29:38","slug":"tipo-na-midia","status":"publish","type":"page","link":"https:\/\/www.ultimotipo.com.br\/site\/tipo-na-midia\/","title":{"rendered":"Pelos amigos"},"content":{"rendered":"<p><b>Primeiro Tipo<\/b><\/p>\n<p><em>Por Pedro Marques*<\/em><\/p>\n<p><b><\/b><i>\u00daltimo Tipo<\/i>, quatro artistas. Bela marca, sabor trocadilho, neon, cartaz&#8230; Nada disso, a ingenuidade parou noutra esta\u00e7\u00e3o. O nome carrega uma reflex\u00e3o sobre o universo reprodutibilidade, moda, m\u00e1quina cultural vomitando \u201cnovas\u201d para serem devoradas hoje, esquecidas amanh\u00e3. At\u00e9 surgir outro \u201ctipo\u201d e mais outro e outro&#8230; O consumo n\u00e3o pode parar, prega a regra do dia.<\/p>\n<p>Dois extremos do mercado de arte. Serial: reprodu\u00e7\u00e3o ou at\u00e9 melhoria de determinada matriz. Matricial: original replic\u00e1vel apenas em c\u00f3pias. Um repagina algo j\u00e1 constru\u00eddo. Outro levanta novos edif\u00edcios na cidadela da can\u00e7\u00e3o. Ambas t\u00eam m\u00e9ritos. Todo artista, no fundo, desfila nessa escala, ocupando a\u00ed pontos diferentes em momentos diversos. Alguns, ali\u00e1s, foram industriais (Lado A) e artesanais (Lado B) no mesmo disco. Salve o vinil!<\/p>\n<p>A can\u00e7\u00e3o popular brasileira de consumo, n\u00e3o podia ser de outro modo, tenciona seu arco criativo entre esses polos. Sinh\u00f4, d\u00e9cada de 1920, forjou um samba urbano que, sucesso, foi seriado at\u00e9 por ele mesmo. Se tomo a musicalidade de Tom Jobim, ela se reproduziu em Carlos Lyra, Roberto Menescal e Chico Buarque, mas virou outras matrizes com Edu Lobo, Baden Powell e Jorge Ben.<\/p>\n<p>Quem chega \u00e0 obra do <i>\u00daltimo Tipo<\/i> escuta cheiro de mil temperos. Cozinha de base cancional, despensa com Nelson Rodrigues e samba, Dal\u00ed e Milton, Quintana e Itamar, Mazzaropi e Scho\u00f6enberg, sustentabilidade e sarcasmo, <i>na\u00eff<\/i> e c\u00e9rebro. Um pomar estapaf\u00fardio digerido coletivamente em vinte e cinco anos. Tempo demais para ser comercial, tempo de sobra para conquistar o duro posto de matriz, isto \u00e9, de <i>Primeiro Tipo<\/i>.<\/p>\n<p><i>\u00daltimo Tipo<\/i>, quatro artistas nucleares, complexos, bomba pelo avesso. Como fosse hoje: \u201cComo chamam?\u201d D\u00e9o, Jara, L\u00f3ra e Velu. Fez-se a primeira redondilha. Nenhum deles uma coisa s\u00f3. Especialidade \u00e9 da can\u00e7\u00e3o maquinal, tudo ao mesmo tempo agora \u00e9 pra poucos. Todos cantam e tocam o cora\u00e7\u00e3o. Usina que encena, costura, dan\u00e7a, escreve, adapta, musica, gerencia, arranja, ilumina, pinta, fabrica a sinestesia geral. Se voc\u00ea gosta de cada arte na sua cadeira, melhor nem sentar nessa mesa.<\/p>\n<p>Vivemos a era do registro multim\u00eddia. Nunca se capturou performances com tantos meios simult\u00e2neos. O problema \u00e9 que o artista tamb\u00e9m fica pregui\u00e7oso. Fulano n\u00e3o toca com a m\u00e3o. Sicrana s\u00f3 canta grav\u00edssimo. Beltrano despeita figurino. Fulana acha que mixagem \u00e9 maquiagem. E multim\u00eddia bem produzida salva total, todo mundo gostoso e <i>updated<\/i>.<\/p>\n<p>Com D\u00e9o-Jara-L\u00f3ra-Velu a simultaneidade rola da fonte. N\u00e3o se trata de catar bandinha de mpb-rock e amplific\u00e1-la em sites, roteiros e clipes. Ao contr\u00e1rio, aqui os shows crescem de alicerce composto. Letra brota com figurino. Acorde \u00e9 montado com cen\u00e1rio. Di\u00e1logos preveem luz. Agudo colhe uma estrela. A multim\u00eddia, claro, salva a mediocridade \u00e0 vontade, mas leva uma sova da cria\u00e7\u00e3o incontida.<\/p>\n<p>Ouvir CD (<i>\u00daltimo Tipo<\/i>, 2002) ou assistir DVD (<i>O Livro de Rebeca<\/i>, 2009) dessa gente \u00e9 algo de inusitado. Vozes querem rasgar o alto-falante, imagens fugir da tela. Se marcar, eles pulam pra sua sala. E se estiver no show \u2013 chance de saber do que falo \u2013 de repente voc\u00ea vai pro tablado. <i>\u00daltimo Tipo<\/i> fronteiras movedi\u00e7as entre artes, p\u00fablicos e criadores. A tecnologia hologr\u00e1fica vem a\u00ed, talvez reproduza um naco desse espet\u00e1culo na minha-casa-minha-vida, mas sem a vibra\u00e7\u00e3o e suor de serem m\u00faltiplos e \u00fanicos no palco.<\/p>\n<p>*<i>Pedro Marques \u00e9 p<\/i><i>oeta, compositor e ensa\u00edsta<\/i><\/p>\n<p>&nbsp;<\/p>\n","protected":false},"excerpt":{"rendered":"<p>Primeiro Tipo Por Pedro Marques* \u00daltimo Tipo, quatro artistas. Bela marca, sabor trocadilho, neon, cartaz&#8230; Nada disso, a ingenuidade parou noutra esta\u00e7\u00e3o. O nome carrega uma reflex\u00e3o sobre o universo reprodutibilidade, moda, m\u00e1quina cultural vomitando \u201cnovas\u201d para serem devoradas hoje, esquecidas amanh\u00e3. At\u00e9 surgir outro \u201ctipo\u201d e mais outro e outro&#8230; O consumo n\u00e3o pode parar, prega a regra do dia. Dois extremos do mercado de arte. Serial: reprodu\u00e7\u00e3o ou at\u00e9 melhoria de determinada matriz. Matricial: original replic\u00e1vel apenas em &hellip; <a href=\"https:\/\/www.ultimotipo.com.br\/site\/tipo-na-midia\/\">Leia Mais <span class=\"meta-nav\"> | +<\/span><\/a><\/p>\n","protected":false},"author":1,"featured_media":0,"parent":0,"menu_order":0,"comment_status":"closed","ping_status":"open","template":"","meta":{"footnotes":""},"_links":{"self":[{"href":"https:\/\/www.ultimotipo.com.br\/site\/wp-json\/wp\/v2\/pages\/46"}],"collection":[{"href":"https:\/\/www.ultimotipo.com.br\/site\/wp-json\/wp\/v2\/pages"}],"about":[{"href":"https:\/\/www.ultimotipo.com.br\/site\/wp-json\/wp\/v2\/types\/page"}],"author":[{"embeddable":true,"href":"https:\/\/www.ultimotipo.com.br\/site\/wp-json\/wp\/v2\/users\/1"}],"replies":[{"embeddable":true,"href":"https:\/\/www.ultimotipo.com.br\/site\/wp-json\/wp\/v2\/comments?post=46"}],"version-history":[{"count":12,"href":"https:\/\/www.ultimotipo.com.br\/site\/wp-json\/wp\/v2\/pages\/46\/revisions"}],"predecessor-version":[{"id":2053,"href":"https:\/\/www.ultimotipo.com.br\/site\/wp-json\/wp\/v2\/pages\/46\/revisions\/2053"}],"wp:attachment":[{"href":"https:\/\/www.ultimotipo.com.br\/site\/wp-json\/wp\/v2\/media?parent=46"}],"curies":[{"name":"wp","href":"https:\/\/api.w.org\/{rel}","templated":true}]}}