{"id":5280,"date":"2015-12-29T01:37:12","date_gmt":"2015-12-29T01:37:12","guid":{"rendered":"http:\/\/www.ultimotipo.com.br\/site\/?page_id=5280"},"modified":"2016-01-04T15:30:54","modified_gmt":"2016-01-04T15:30:54","slug":"cabaca-magica","status":"publish","type":"page","link":"https:\/\/www.ultimotipo.com.br\/site\/espetaculos\/espetaculos-desmontados\/cabaca-magica\/","title":{"rendered":"Caba\u00e7a M\u00e1gica"},"content":{"rendered":"<p>O personagem principal do espet\u00e1culo era o penico caba\u00e7afone. Mas o que \u00e9 isso? Um instrumento de percuss\u00e3o de \u00daltimo Tipo que revolucionou o mundo musical. Descoberto em \u201cMozarl\u00e2ndia\u201d, ele era composto por uma caba\u00e7a, um caldeir\u00e3o e um penico. Foi criado por n\u00f3s, em 1992, ano em que montamos o show \u201cCaba\u00e7a M\u00e1gica\u201d, em Goi\u00e2nia.<\/p>\n<p>O espet\u00e1culo tinha in\u00edcio num clima medieval, com pr\u00edncipes, princesas e bobos, e uma corte repleta de loucos. O repert\u00f3rio contava com as m\u00fasicas: \u201cLu\u00edza\u201d (Tom Jobim), \u201cLenda do Castelo\u201d (Oswaldo Montenegro), \u201cSaci\u201d (Dorival Caymmi), \u201cQue Loucura\u201d (Sergio Sampaio).<\/p>\n<p>Tinha tamb\u00e9m: \u201cO Calhambeque\u201d (Roberto e Erasmo Carlos), mas com combust\u00edvel novo; \u201cPra Ingl\u00eas Ver\u201d (Lamartine Babo), em que se tocava, inusitadamente, viol\u00e3o com um par de baquetas; e \u201cHit the Road, Jack\u201d (P. Mayflad), em uma performance diferenciada.<\/p>\n<p>E n\u00e3o faltavam nossas composi\u00e7\u00f5es pr\u00f3prias: \u201cVera\u201d (Jara Carvalho e D\u00e9o Piti), \u201cO Balc\u00e3o\u201d (Jara Carvalho), \u201cGoi\u00e2nia\u201d (Jara Carvalho, D\u00e9o Piti, Marisa Damas, Jonatas Davi).<\/p>\n<p>Na \u00e9poca, nosso grupo era composto por Jara Carvalho, D\u00e9o Piti, Lora Brito e Rodrigo Alencar. E esse espet\u00e1culo contava com a participa\u00e7\u00e3o especial de Velu Carvalho, que, na \u00e9poca, era Velu Avlis.<\/p>\n<p>O espet\u00e1culo foi desmontado em 1996, depois de termos nos apresentado em diversos espa\u00e7os culturais de Goi\u00e2nia, como o teatro do CCBEU, Tem Arte, Livraria Flicts, e alguns inusitados, como a boata Off Night Club.<\/p>\n<p>&nbsp;<\/p>\n<div id='gallery-1' class='gallery galleryid-5280 gallery-columns-4 gallery-size-thumbnail'><dl class='gallery-item'>\n\t\t\t<dt class='gallery-icon landscape'>\n\t\t\t\t<a href='https:\/\/www.ultimotipo.com.br\/site\/wp-content\/uploads\/2015\/12\/caba\u00e7a-36.jpg'><img loading=\"lazy\" decoding=\"async\" width=\"150\" height=\"150\" src=\"https:\/\/www.ultimotipo.com.br\/site\/wp-content\/uploads\/2015\/12\/caba\u00e7a-36-150x150.jpg\" class=\"attachment-thumbnail size-thumbnail\" alt=\"\" srcset=\"https:\/\/www.ultimotipo.com.br\/site\/wp-content\/uploads\/2015\/12\/caba\u00e7a-36-150x150.jpg 150w, https:\/\/www.ultimotipo.com.br\/site\/wp-content\/uploads\/2015\/12\/caba\u00e7a-36-70x70.jpg 70w\" sizes=\"(max-width: 150px) 100vw, 150px\" \/><\/a>\n\t\t\t<\/dt><\/dl><dl class='gallery-item'>\n\t\t\t<dt class='gallery-icon landscape'>\n\t\t\t\t<a href='https:\/\/www.ultimotipo.com.br\/site\/wp-content\/uploads\/2015\/12\/caba\u00e7a-34.jpg'><img loading=\"lazy\" decoding=\"async\" width=\"150\" height=\"150\" src=\"https:\/\/www.ultimotipo.com.br\/site\/wp-content\/uploads\/2015\/12\/caba\u00e7a-34-150x150.jpg\" class=\"attachment-thumbnail size-thumbnail\" alt=\"\" srcset=\"https:\/\/www.ultimotipo.com.br\/site\/wp-content\/uploads\/2015\/12\/caba\u00e7a-34-150x150.jpg 150w, https:\/\/www.ultimotipo.com.br\/site\/wp-content\/uploads\/2015\/12\/caba\u00e7a-34-70x70.jpg 70w\" sizes=\"(max-width: 150px) 100vw, 150px\" \/><\/a>\n\t\t\t<\/dt><\/dl><dl class='gallery-item'>\n\t\t\t<dt class='gallery-icon portrait'>\n\t\t\t\t<a href='https:\/\/www.ultimotipo.com.br\/site\/wp-content\/uploads\/2015\/12\/caba\u00e7a-33.jpg'><img loading=\"lazy\" decoding=\"async\" width=\"150\" height=\"150\" src=\"https:\/\/www.ultimotipo.com.br\/site\/wp-content\/uploads\/2015\/12\/caba\u00e7a-33-150x150.jpg\" class=\"attachment-thumbnail size-thumbnail\" alt=\"\" srcset=\"https:\/\/www.ultimotipo.com.br\/site\/wp-content\/uploads\/2015\/12\/caba\u00e7a-33-150x150.jpg 150w, https:\/\/www.ultimotipo.com.br\/site\/wp-content\/uploads\/2015\/12\/caba\u00e7a-33-70x70.jpg 70w\" sizes=\"(max-width: 150px) 100vw, 150px\" \/><\/a>\n\t\t\t<\/dt><\/dl><dl class='gallery-item'>\n\t\t\t<dt class='gallery-icon landscape'>\n\t\t\t\t<a href='https:\/\/www.ultimotipo.com.br\/site\/wp-content\/uploads\/2015\/12\/caba\u00e7a-32.jpg'><img loading=\"lazy\" decoding=\"async\" width=\"150\" height=\"150\" src=\"https:\/\/www.ultimotipo.com.br\/site\/wp-content\/uploads\/2015\/12\/caba\u00e7a-32-150x150.jpg\" class=\"attachment-thumbnail size-thumbnail\" alt=\"\" srcset=\"https:\/\/www.ultimotipo.com.br\/site\/wp-content\/uploads\/2015\/12\/caba\u00e7a-32-150x150.jpg 150w, https:\/\/www.ultimotipo.com.br\/site\/wp-content\/uploads\/2015\/12\/caba\u00e7a-32-70x70.jpg 70w\" sizes=\"(max-width: 150px) 100vw, 150px\" \/><\/a>\n\t\t\t<\/dt><\/dl><br style=\"clear: both\" \/><dl class='gallery-item'>\n\t\t\t<dt class='gallery-icon landscape'>\n\t\t\t\t<a href='https:\/\/www.ultimotipo.com.br\/site\/wp-content\/uploads\/2015\/12\/caba\u00e7a-31.jpg'><img loading=\"lazy\" decoding=\"async\" width=\"150\" height=\"150\" src=\"https:\/\/www.ultimotipo.com.br\/site\/wp-content\/uploads\/2015\/12\/caba\u00e7a-31-150x150.jpg\" class=\"attachment-thumbnail size-thumbnail\" alt=\"\" srcset=\"https:\/\/www.ultimotipo.com.br\/site\/wp-content\/uploads\/2015\/12\/caba\u00e7a-31-150x150.jpg 150w, https:\/\/www.ultimotipo.com.br\/site\/wp-content\/uploads\/2015\/12\/caba\u00e7a-31-70x70.jpg 70w\" sizes=\"(max-width: 150px) 100vw, 150px\" \/><\/a>\n\t\t\t<\/dt><\/dl><dl class='gallery-item'>\n\t\t\t<dt class='gallery-icon portrait'>\n\t\t\t\t<a href='https:\/\/www.ultimotipo.com.br\/site\/wp-content\/uploads\/2015\/12\/caba\u00e7a-30.jpg'><img loading=\"lazy\" decoding=\"async\" width=\"150\" height=\"150\" src=\"https:\/\/www.ultimotipo.com.br\/site\/wp-content\/uploads\/2015\/12\/caba\u00e7a-30-150x150.jpg\" class=\"attachment-thumbnail size-thumbnail\" alt=\"\" srcset=\"https:\/\/www.ultimotipo.com.br\/site\/wp-content\/uploads\/2015\/12\/caba\u00e7a-30-150x150.jpg 150w, https:\/\/www.ultimotipo.com.br\/site\/wp-content\/uploads\/2015\/12\/caba\u00e7a-30-70x70.jpg 70w\" sizes=\"(max-width: 150px) 100vw, 150px\" \/><\/a>\n\t\t\t<\/dt><\/dl><dl class='gallery-item'>\n\t\t\t<dt class='gallery-icon landscape'>\n\t\t\t\t<a href='https:\/\/www.ultimotipo.com.br\/site\/wp-content\/uploads\/2015\/12\/caba\u00e7a-29.jpg'><img loading=\"lazy\" decoding=\"async\" width=\"150\" height=\"150\" src=\"https:\/\/www.ultimotipo.com.br\/site\/wp-content\/uploads\/2015\/12\/caba\u00e7a-29-150x150.jpg\" class=\"attachment-thumbnail size-thumbnail\" alt=\"\" srcset=\"https:\/\/www.ultimotipo.com.br\/site\/wp-content\/uploads\/2015\/12\/caba\u00e7a-29-150x150.jpg 150w, https:\/\/www.ultimotipo.com.br\/site\/wp-content\/uploads\/2015\/12\/caba\u00e7a-29-70x70.jpg 70w\" sizes=\"(max-width: 150px) 100vw, 150px\" \/><\/a>\n\t\t\t<\/dt><\/dl><dl class='gallery-item'>\n\t\t\t<dt class='gallery-icon landscape'>\n\t\t\t\t<a href='https:\/\/www.ultimotipo.com.br\/site\/wp-content\/uploads\/2015\/12\/caba\u00e7a-28.jpg'><img loading=\"lazy\" decoding=\"async\" width=\"150\" height=\"150\" src=\"https:\/\/www.ultimotipo.com.br\/site\/wp-content\/uploads\/2015\/12\/caba\u00e7a-28-150x150.jpg\" class=\"attachment-thumbnail size-thumbnail\" alt=\"\" srcset=\"https:\/\/www.ultimotipo.com.br\/site\/wp-content\/uploads\/2015\/12\/caba\u00e7a-28-150x150.jpg 150w, https:\/\/www.ultimotipo.com.br\/site\/wp-content\/uploads\/2015\/12\/caba\u00e7a-28-70x70.jpg 70w\" sizes=\"(max-width: 150px) 100vw, 150px\" \/><\/a>\n\t\t\t<\/dt><\/dl><br style=\"clear: both\" \/><dl class='gallery-item'>\n\t\t\t<dt class='gallery-icon landscape'>\n\t\t\t\t<a href='https:\/\/www.ultimotipo.com.br\/site\/wp-content\/uploads\/2015\/12\/caba\u00e7a-27.jpg'><img loading=\"lazy\" decoding=\"async\" width=\"150\" height=\"150\" src=\"https:\/\/www.ultimotipo.com.br\/site\/wp-content\/uploads\/2015\/12\/caba\u00e7a-27-150x150.jpg\" class=\"attachment-thumbnail size-thumbnail\" alt=\"\" srcset=\"https:\/\/www.ultimotipo.com.br\/site\/wp-content\/uploads\/2015\/12\/caba\u00e7a-27-150x150.jpg 150w, https:\/\/www.ultimotipo.com.br\/site\/wp-content\/uploads\/2015\/12\/caba\u00e7a-27-70x70.jpg 70w\" sizes=\"(max-width: 150px) 100vw, 150px\" \/><\/a>\n\t\t\t<\/dt><\/dl><dl class='gallery-item'>\n\t\t\t<dt class='gallery-icon landscape'>\n\t\t\t\t<a href='https:\/\/www.ultimotipo.com.br\/site\/wp-content\/uploads\/2015\/12\/caba\u00e7a-26.jpg'><img loading=\"lazy\" decoding=\"async\" width=\"150\" height=\"150\" src=\"https:\/\/www.ultimotipo.com.br\/site\/wp-content\/uploads\/2015\/12\/caba\u00e7a-26-150x150.jpg\" class=\"attachment-thumbnail size-thumbnail\" alt=\"\" srcset=\"https:\/\/www.ultimotipo.com.br\/site\/wp-content\/uploads\/2015\/12\/caba\u00e7a-26-150x150.jpg 150w, https:\/\/www.ultimotipo.com.br\/site\/wp-content\/uploads\/2015\/12\/caba\u00e7a-26-70x70.jpg 70w\" sizes=\"(max-width: 150px) 100vw, 150px\" \/><\/a>\n\t\t\t<\/dt><\/dl><dl class='gallery-item'>\n\t\t\t<dt class='gallery-icon landscape'>\n\t\t\t\t<a href='https:\/\/www.ultimotipo.com.br\/site\/wp-content\/uploads\/2015\/12\/caba\u00e7a-25.jpg'><img loading=\"lazy\" decoding=\"async\" width=\"150\" height=\"150\" src=\"https:\/\/www.ultimotipo.com.br\/site\/wp-content\/uploads\/2015\/12\/caba\u00e7a-25-150x150.jpg\" class=\"attachment-thumbnail size-thumbnail\" alt=\"\" srcset=\"https:\/\/www.ultimotipo.com.br\/site\/wp-content\/uploads\/2015\/12\/caba\u00e7a-25-150x150.jpg 150w, https:\/\/www.ultimotipo.com.br\/site\/wp-content\/uploads\/2015\/12\/caba\u00e7a-25-70x70.jpg 70w\" sizes=\"(max-width: 150px) 100vw, 150px\" \/><\/a>\n\t\t\t<\/dt><\/dl><dl class='gallery-item'>\n\t\t\t<dt class='gallery-icon landscape'>\n\t\t\t\t<a href='https:\/\/www.ultimotipo.com.br\/site\/wp-content\/uploads\/2015\/12\/caba\u00e7a-24.jpg'><img loading=\"lazy\" decoding=\"async\" width=\"150\" height=\"150\" src=\"https:\/\/www.ultimotipo.com.br\/site\/wp-content\/uploads\/2015\/12\/caba\u00e7a-24-150x150.jpg\" class=\"attachment-thumbnail size-thumbnail\" alt=\"\" srcset=\"https:\/\/www.ultimotipo.com.br\/site\/wp-content\/uploads\/2015\/12\/caba\u00e7a-24-150x150.jpg 150w, https:\/\/www.ultimotipo.com.br\/site\/wp-content\/uploads\/2015\/12\/caba\u00e7a-24-70x70.jpg 70w\" sizes=\"(max-width: 150px) 100vw, 150px\" \/><\/a>\n\t\t\t<\/dt><\/dl><br style=\"clear: both\" \/><dl class='gallery-item'>\n\t\t\t<dt class='gallery-icon landscape'>\n\t\t\t\t<a href='https:\/\/www.ultimotipo.com.br\/site\/wp-content\/uploads\/2015\/12\/caba\u00e7a-23.jpg'><img loading=\"lazy\" decoding=\"async\" width=\"150\" height=\"150\" src=\"https:\/\/www.ultimotipo.com.br\/site\/wp-content\/uploads\/2015\/12\/caba\u00e7a-23-150x150.jpg\" class=\"attachment-thumbnail size-thumbnail\" alt=\"\" srcset=\"https:\/\/www.ultimotipo.com.br\/site\/wp-content\/uploads\/2015\/12\/caba\u00e7a-23-150x150.jpg 150w, https:\/\/www.ultimotipo.com.br\/site\/wp-content\/uploads\/2015\/12\/caba\u00e7a-23-70x70.jpg 70w\" sizes=\"(max-width: 150px) 100vw, 150px\" \/><\/a>\n\t\t\t<\/dt><\/dl><dl class='gallery-item'>\n\t\t\t<dt class='gallery-icon landscape'>\n\t\t\t\t<a href='https:\/\/www.ultimotipo.com.br\/site\/wp-content\/uploads\/2015\/12\/caba\u00e7a-22.jpg'><img loading=\"lazy\" decoding=\"async\" width=\"150\" height=\"150\" src=\"https:\/\/www.ultimotipo.com.br\/site\/wp-content\/uploads\/2015\/12\/caba\u00e7a-22-150x150.jpg\" class=\"attachment-thumbnail size-thumbnail\" alt=\"\" srcset=\"https:\/\/www.ultimotipo.com.br\/site\/wp-content\/uploads\/2015\/12\/caba\u00e7a-22-150x150.jpg 150w, https:\/\/www.ultimotipo.com.br\/site\/wp-content\/uploads\/2015\/12\/caba\u00e7a-22-70x70.jpg 70w\" sizes=\"(max-width: 150px) 100vw, 150px\" \/><\/a>\n\t\t\t<\/dt><\/dl><dl class='gallery-item'>\n\t\t\t<dt class='gallery-icon portrait'>\n\t\t\t\t<a href='https:\/\/www.ultimotipo.com.br\/site\/wp-content\/uploads\/2015\/12\/caba\u00e7a-21.jpg'><img loading=\"lazy\" decoding=\"async\" width=\"150\" height=\"150\" src=\"https:\/\/www.ultimotipo.com.br\/site\/wp-content\/uploads\/2015\/12\/caba\u00e7a-21-150x150.jpg\" class=\"attachment-thumbnail size-thumbnail\" alt=\"\" srcset=\"https:\/\/www.ultimotipo.com.br\/site\/wp-content\/uploads\/2015\/12\/caba\u00e7a-21-150x150.jpg 150w, https:\/\/www.ultimotipo.com.br\/site\/wp-content\/uploads\/2015\/12\/caba\u00e7a-21-70x70.jpg 70w\" sizes=\"(max-width: 150px) 100vw, 150px\" \/><\/a>\n\t\t\t<\/dt><\/dl><dl class='gallery-item'>\n\t\t\t<dt class='gallery-icon landscape'>\n\t\t\t\t<a href='https:\/\/www.ultimotipo.com.br\/site\/wp-content\/uploads\/2015\/12\/caba\u00e7a-14.jpg'><img loading=\"lazy\" decoding=\"async\" width=\"150\" height=\"150\" src=\"https:\/\/www.ultimotipo.com.br\/site\/wp-content\/uploads\/2015\/12\/caba\u00e7a-14-150x150.jpg\" class=\"attachment-thumbnail size-thumbnail\" alt=\"\" srcset=\"https:\/\/www.ultimotipo.com.br\/site\/wp-content\/uploads\/2015\/12\/caba\u00e7a-14-150x150.jpg 150w, https:\/\/www.ultimotipo.com.br\/site\/wp-content\/uploads\/2015\/12\/caba\u00e7a-14-70x70.jpg 70w\" sizes=\"(max-width: 150px) 100vw, 150px\" \/><\/a>\n\t\t\t<\/dt><\/dl><br style=\"clear: both\" \/><dl class='gallery-item'>\n\t\t\t<dt class='gallery-icon landscape'>\n\t\t\t\t<a href='https:\/\/www.ultimotipo.com.br\/site\/wp-content\/uploads\/2015\/12\/caba\u00e7a-13.jpg'><img loading=\"lazy\" decoding=\"async\" width=\"150\" height=\"150\" src=\"https:\/\/www.ultimotipo.com.br\/site\/wp-content\/uploads\/2015\/12\/caba\u00e7a-13-150x150.jpg\" class=\"attachment-thumbnail size-thumbnail\" alt=\"\" srcset=\"https:\/\/www.ultimotipo.com.br\/site\/wp-content\/uploads\/2015\/12\/caba\u00e7a-13-150x150.jpg 150w, https:\/\/www.ultimotipo.com.br\/site\/wp-content\/uploads\/2015\/12\/caba\u00e7a-13-70x70.jpg 70w\" sizes=\"(max-width: 150px) 100vw, 150px\" \/><\/a>\n\t\t\t<\/dt><\/dl><dl class='gallery-item'>\n\t\t\t<dt class='gallery-icon portrait'>\n\t\t\t\t<a href='https:\/\/www.ultimotipo.com.br\/site\/wp-content\/uploads\/2015\/12\/caba\u00e7a-12.jpg'><img loading=\"lazy\" decoding=\"async\" width=\"150\" height=\"150\" src=\"https:\/\/www.ultimotipo.com.br\/site\/wp-content\/uploads\/2015\/12\/caba\u00e7a-12-150x150.jpg\" class=\"attachment-thumbnail size-thumbnail\" alt=\"\" srcset=\"https:\/\/www.ultimotipo.com.br\/site\/wp-content\/uploads\/2015\/12\/caba\u00e7a-12-150x150.jpg 150w, https:\/\/www.ultimotipo.com.br\/site\/wp-content\/uploads\/2015\/12\/caba\u00e7a-12-70x70.jpg 70w\" sizes=\"(max-width: 150px) 100vw, 150px\" \/><\/a>\n\t\t\t<\/dt><\/dl><dl class='gallery-item'>\n\t\t\t<dt class='gallery-icon landscape'>\n\t\t\t\t<a href='https:\/\/www.ultimotipo.com.br\/site\/wp-content\/uploads\/2015\/12\/caba\u00e7a-17.jpg'><img loading=\"lazy\" decoding=\"async\" width=\"150\" height=\"150\" src=\"https:\/\/www.ultimotipo.com.br\/site\/wp-content\/uploads\/2015\/12\/caba\u00e7a-17-150x150.jpg\" class=\"attachment-thumbnail size-thumbnail\" alt=\"\" srcset=\"https:\/\/www.ultimotipo.com.br\/site\/wp-content\/uploads\/2015\/12\/caba\u00e7a-17-150x150.jpg 150w, https:\/\/www.ultimotipo.com.br\/site\/wp-content\/uploads\/2015\/12\/caba\u00e7a-17-70x70.jpg 70w\" sizes=\"(max-width: 150px) 100vw, 150px\" \/><\/a>\n\t\t\t<\/dt><\/dl><dl class='gallery-item'>\n\t\t\t<dt class='gallery-icon landscape'>\n\t\t\t\t<a href='https:\/\/www.ultimotipo.com.br\/site\/wp-content\/uploads\/2015\/12\/caba\u00e7a-16.jpg'><img loading=\"lazy\" decoding=\"async\" width=\"150\" height=\"150\" src=\"https:\/\/www.ultimotipo.com.br\/site\/wp-content\/uploads\/2015\/12\/caba\u00e7a-16-150x150.jpg\" class=\"attachment-thumbnail size-thumbnail\" alt=\"\" srcset=\"https:\/\/www.ultimotipo.com.br\/site\/wp-content\/uploads\/2015\/12\/caba\u00e7a-16-150x150.jpg 150w, https:\/\/www.ultimotipo.com.br\/site\/wp-content\/uploads\/2015\/12\/caba\u00e7a-16-70x70.jpg 70w\" sizes=\"(max-width: 150px) 100vw, 150px\" \/><\/a>\n\t\t\t<\/dt><\/dl><br style=\"clear: both\" \/><dl class='gallery-item'>\n\t\t\t<dt class='gallery-icon portrait'>\n\t\t\t\t<a href='https:\/\/www.ultimotipo.com.br\/site\/wp-content\/uploads\/2015\/12\/caba\u00e7a-15.jpg'><img loading=\"lazy\" decoding=\"async\" width=\"150\" height=\"150\" src=\"https:\/\/www.ultimotipo.com.br\/site\/wp-content\/uploads\/2015\/12\/caba\u00e7a-15-150x150.jpg\" class=\"attachment-thumbnail size-thumbnail\" alt=\"\" srcset=\"https:\/\/www.ultimotipo.com.br\/site\/wp-content\/uploads\/2015\/12\/caba\u00e7a-15-150x150.jpg 150w, https:\/\/www.ultimotipo.com.br\/site\/wp-content\/uploads\/2015\/12\/caba\u00e7a-15-70x70.jpg 70w\" sizes=\"(max-width: 150px) 100vw, 150px\" \/><\/a>\n\t\t\t<\/dt><\/dl><dl class='gallery-item'>\n\t\t\t<dt class='gallery-icon portrait'>\n\t\t\t\t<a href='https:\/\/www.ultimotipo.com.br\/site\/wp-content\/uploads\/2015\/12\/caba\u00e7a-10.jpg'><img loading=\"lazy\" decoding=\"async\" width=\"150\" height=\"150\" src=\"https:\/\/www.ultimotipo.com.br\/site\/wp-content\/uploads\/2015\/12\/caba\u00e7a-10-150x150.jpg\" class=\"attachment-thumbnail size-thumbnail\" alt=\"\" srcset=\"https:\/\/www.ultimotipo.com.br\/site\/wp-content\/uploads\/2015\/12\/caba\u00e7a-10-150x150.jpg 150w, https:\/\/www.ultimotipo.com.br\/site\/wp-content\/uploads\/2015\/12\/caba\u00e7a-10-70x70.jpg 70w\" sizes=\"(max-width: 150px) 100vw, 150px\" \/><\/a>\n\t\t\t<\/dt><\/dl><dl class='gallery-item'>\n\t\t\t<dt class='gallery-icon landscape'>\n\t\t\t\t<a href='https:\/\/www.ultimotipo.com.br\/site\/wp-content\/uploads\/2015\/12\/caba\u00e7a-9.jpg'><img loading=\"lazy\" decoding=\"async\" width=\"150\" height=\"150\" src=\"https:\/\/www.ultimotipo.com.br\/site\/wp-content\/uploads\/2015\/12\/caba\u00e7a-9-150x150.jpg\" class=\"attachment-thumbnail size-thumbnail\" alt=\"\" srcset=\"https:\/\/www.ultimotipo.com.br\/site\/wp-content\/uploads\/2015\/12\/caba\u00e7a-9-150x150.jpg 150w, https:\/\/www.ultimotipo.com.br\/site\/wp-content\/uploads\/2015\/12\/caba\u00e7a-9-70x70.jpg 70w\" sizes=\"(max-width: 150px) 100vw, 150px\" \/><\/a>\n\t\t\t<\/dt><\/dl><dl class='gallery-item'>\n\t\t\t<dt class='gallery-icon landscape'>\n\t\t\t\t<a href='https:\/\/www.ultimotipo.com.br\/site\/wp-content\/uploads\/2015\/12\/caba\u00e7a-11.jpg'><img loading=\"lazy\" decoding=\"async\" width=\"150\" height=\"150\" src=\"https:\/\/www.ultimotipo.com.br\/site\/wp-content\/uploads\/2015\/12\/caba\u00e7a-11-150x150.jpg\" class=\"attachment-thumbnail size-thumbnail\" alt=\"\" srcset=\"https:\/\/www.ultimotipo.com.br\/site\/wp-content\/uploads\/2015\/12\/caba\u00e7a-11-150x150.jpg 150w, https:\/\/www.ultimotipo.com.br\/site\/wp-content\/uploads\/2015\/12\/caba\u00e7a-11-70x70.jpg 70w\" sizes=\"(max-width: 150px) 100vw, 150px\" \/><\/a>\n\t\t\t<\/dt><\/dl><br style=\"clear: both\" \/><dl class='gallery-item'>\n\t\t\t<dt class='gallery-icon portrait'>\n\t\t\t\t<a href='https:\/\/www.ultimotipo.com.br\/site\/wp-content\/uploads\/2015\/12\/caba\u00e7a-8.jpg'><img loading=\"lazy\" decoding=\"async\" width=\"150\" height=\"150\" src=\"https:\/\/www.ultimotipo.com.br\/site\/wp-content\/uploads\/2015\/12\/caba\u00e7a-8-150x150.jpg\" class=\"attachment-thumbnail size-thumbnail\" alt=\"\" srcset=\"https:\/\/www.ultimotipo.com.br\/site\/wp-content\/uploads\/2015\/12\/caba\u00e7a-8-150x150.jpg 150w, https:\/\/www.ultimotipo.com.br\/site\/wp-content\/uploads\/2015\/12\/caba\u00e7a-8-70x70.jpg 70w\" sizes=\"(max-width: 150px) 100vw, 150px\" \/><\/a>\n\t\t\t<\/dt><\/dl><dl class='gallery-item'>\n\t\t\t<dt class='gallery-icon landscape'>\n\t\t\t\t<a href='https:\/\/www.ultimotipo.com.br\/site\/wp-content\/uploads\/2015\/12\/caba\u00e7a-7.jpg'><img loading=\"lazy\" decoding=\"async\" width=\"150\" height=\"150\" src=\"https:\/\/www.ultimotipo.com.br\/site\/wp-content\/uploads\/2015\/12\/caba\u00e7a-7-150x150.jpg\" class=\"attachment-thumbnail size-thumbnail\" alt=\"\" srcset=\"https:\/\/www.ultimotipo.com.br\/site\/wp-content\/uploads\/2015\/12\/caba\u00e7a-7-150x150.jpg 150w, https:\/\/www.ultimotipo.com.br\/site\/wp-content\/uploads\/2015\/12\/caba\u00e7a-7-70x70.jpg 70w\" sizes=\"(max-width: 150px) 100vw, 150px\" \/><\/a>\n\t\t\t<\/dt><\/dl><dl class='gallery-item'>\n\t\t\t<dt class='gallery-icon portrait'>\n\t\t\t\t<a href='https:\/\/www.ultimotipo.com.br\/site\/wp-content\/uploads\/2015\/12\/caba\u00e7a-6.jpg'><img loading=\"lazy\" decoding=\"async\" width=\"150\" height=\"150\" src=\"https:\/\/www.ultimotipo.com.br\/site\/wp-content\/uploads\/2015\/12\/caba\u00e7a-6-150x150.jpg\" class=\"attachment-thumbnail size-thumbnail\" alt=\"\" srcset=\"https:\/\/www.ultimotipo.com.br\/site\/wp-content\/uploads\/2015\/12\/caba\u00e7a-6-150x150.jpg 150w, https:\/\/www.ultimotipo.com.br\/site\/wp-content\/uploads\/2015\/12\/caba\u00e7a-6-70x70.jpg 70w\" sizes=\"(max-width: 150px) 100vw, 150px\" \/><\/a>\n\t\t\t<\/dt><\/dl><dl class='gallery-item'>\n\t\t\t<dt class='gallery-icon landscape'>\n\t\t\t\t<a href='https:\/\/www.ultimotipo.com.br\/site\/wp-content\/uploads\/2015\/12\/caba\u00e7a-5.jpg'><img loading=\"lazy\" decoding=\"async\" width=\"150\" height=\"150\" src=\"https:\/\/www.ultimotipo.com.br\/site\/wp-content\/uploads\/2015\/12\/caba\u00e7a-5-150x150.jpg\" class=\"attachment-thumbnail size-thumbnail\" alt=\"\" srcset=\"https:\/\/www.ultimotipo.com.br\/site\/wp-content\/uploads\/2015\/12\/caba\u00e7a-5-150x150.jpg 150w, https:\/\/www.ultimotipo.com.br\/site\/wp-content\/uploads\/2015\/12\/caba\u00e7a-5-70x70.jpg 70w\" sizes=\"(max-width: 150px) 100vw, 150px\" \/><\/a>\n\t\t\t<\/dt><\/dl><br style=\"clear: both\" \/><dl class='gallery-item'>\n\t\t\t<dt class='gallery-icon landscape'>\n\t\t\t\t<a href='https:\/\/www.ultimotipo.com.br\/site\/wp-content\/uploads\/2015\/12\/caba\u00e7a-4.jpg'><img loading=\"lazy\" decoding=\"async\" width=\"150\" height=\"150\" src=\"https:\/\/www.ultimotipo.com.br\/site\/wp-content\/uploads\/2015\/12\/caba\u00e7a-4-150x150.jpg\" class=\"attachment-thumbnail size-thumbnail\" alt=\"\" srcset=\"https:\/\/www.ultimotipo.com.br\/site\/wp-content\/uploads\/2015\/12\/caba\u00e7a-4-150x150.jpg 150w, https:\/\/www.ultimotipo.com.br\/site\/wp-content\/uploads\/2015\/12\/caba\u00e7a-4-70x70.jpg 70w\" sizes=\"(max-width: 150px) 100vw, 150px\" \/><\/a>\n\t\t\t<\/dt><\/dl><dl class='gallery-item'>\n\t\t\t<dt class='gallery-icon landscape'>\n\t\t\t\t<a href='https:\/\/www.ultimotipo.com.br\/site\/wp-content\/uploads\/2015\/12\/caba\u00e7a-3.jpg'><img loading=\"lazy\" decoding=\"async\" width=\"150\" height=\"150\" src=\"https:\/\/www.ultimotipo.com.br\/site\/wp-content\/uploads\/2015\/12\/caba\u00e7a-3-150x150.jpg\" class=\"attachment-thumbnail size-thumbnail\" alt=\"\" srcset=\"https:\/\/www.ultimotipo.com.br\/site\/wp-content\/uploads\/2015\/12\/caba\u00e7a-3-150x150.jpg 150w, https:\/\/www.ultimotipo.com.br\/site\/wp-content\/uploads\/2015\/12\/caba\u00e7a-3-70x70.jpg 70w\" sizes=\"(max-width: 150px) 100vw, 150px\" \/><\/a>\n\t\t\t<\/dt><\/dl><dl class='gallery-item'>\n\t\t\t<dt class='gallery-icon portrait'>\n\t\t\t\t<a href='https:\/\/www.ultimotipo.com.br\/site\/wp-content\/uploads\/2015\/12\/caba\u00e7a-2.jpg'><img loading=\"lazy\" decoding=\"async\" width=\"150\" height=\"150\" src=\"https:\/\/www.ultimotipo.com.br\/site\/wp-content\/uploads\/2015\/12\/caba\u00e7a-2-150x150.jpg\" class=\"attachment-thumbnail size-thumbnail\" alt=\"\" srcset=\"https:\/\/www.ultimotipo.com.br\/site\/wp-content\/uploads\/2015\/12\/caba\u00e7a-2-150x150.jpg 150w, https:\/\/www.ultimotipo.com.br\/site\/wp-content\/uploads\/2015\/12\/caba\u00e7a-2-70x70.jpg 70w\" sizes=\"(max-width: 150px) 100vw, 150px\" \/><\/a>\n\t\t\t<\/dt><\/dl><dl class='gallery-item'>\n\t\t\t<dt class='gallery-icon portrait'>\n\t\t\t\t<a href='https:\/\/www.ultimotipo.com.br\/site\/wp-content\/uploads\/2015\/12\/caba\u00e7a-1.jpg'><img loading=\"lazy\" decoding=\"async\" width=\"150\" height=\"150\" src=\"https:\/\/www.ultimotipo.com.br\/site\/wp-content\/uploads\/2015\/12\/caba\u00e7a-1-150x150.jpg\" class=\"attachment-thumbnail size-thumbnail\" alt=\"\" srcset=\"https:\/\/www.ultimotipo.com.br\/site\/wp-content\/uploads\/2015\/12\/caba\u00e7a-1-150x150.jpg 150w, https:\/\/www.ultimotipo.com.br\/site\/wp-content\/uploads\/2015\/12\/caba\u00e7a-1-70x70.jpg 70w\" sizes=\"(max-width: 150px) 100vw, 150px\" \/><\/a>\n\t\t\t<\/dt><\/dl><br style=\"clear: both\" \/><dl class='gallery-item'>\n\t\t\t<dt class='gallery-icon landscape'>\n\t\t\t\t<a href='https:\/\/www.ultimotipo.com.br\/site\/wp-content\/uploads\/2015\/12\/caba\u00e7a-37.jpg'><img loading=\"lazy\" decoding=\"async\" width=\"150\" height=\"150\" src=\"https:\/\/www.ultimotipo.com.br\/site\/wp-content\/uploads\/2015\/12\/caba\u00e7a-37-150x150.jpg\" class=\"attachment-thumbnail size-thumbnail\" alt=\"\" srcset=\"https:\/\/www.ultimotipo.com.br\/site\/wp-content\/uploads\/2015\/12\/caba\u00e7a-37-150x150.jpg 150w, https:\/\/www.ultimotipo.com.br\/site\/wp-content\/uploads\/2015\/12\/caba\u00e7a-37-70x70.jpg 70w\" sizes=\"(max-width: 150px) 100vw, 150px\" \/><\/a>\n\t\t\t<\/dt><\/dl>\n\t\t\t<br style='clear: both' \/>\n\t\t<\/div>\n\n","protected":false},"excerpt":{"rendered":"<p>O personagem principal do espet\u00e1culo era o penico caba\u00e7afone. Mas o que \u00e9 isso? Um instrumento de percuss\u00e3o de \u00daltimo Tipo que revolucionou o mundo musical. Descoberto em \u201cMozarl\u00e2ndia\u201d, ele era composto por uma caba\u00e7a, um caldeir\u00e3o e um penico. Foi criado por n\u00f3s, em 1992, ano em que montamos o show \u201cCaba\u00e7a M\u00e1gica\u201d, em Goi\u00e2nia. O espet\u00e1culo tinha in\u00edcio num clima medieval, com pr\u00edncipes, princesas e bobos, e uma corte repleta de loucos. O repert\u00f3rio contava com as m\u00fasicas: &hellip; <a href=\"https:\/\/www.ultimotipo.com.br\/site\/espetaculos\/espetaculos-desmontados\/cabaca-magica\/\">Leia Mais <span class=\"meta-nav\"> | +<\/span><\/a><\/p>\n","protected":false},"author":1,"featured_media":0,"parent":2071,"menu_order":0,"comment_status":"closed","ping_status":"closed","template":"","meta":{"footnotes":""},"_links":{"self":[{"href":"https:\/\/www.ultimotipo.com.br\/site\/wp-json\/wp\/v2\/pages\/5280"}],"collection":[{"href":"https:\/\/www.ultimotipo.com.br\/site\/wp-json\/wp\/v2\/pages"}],"about":[{"href":"https:\/\/www.ultimotipo.com.br\/site\/wp-json\/wp\/v2\/types\/page"}],"author":[{"embeddable":true,"href":"https:\/\/www.ultimotipo.com.br\/site\/wp-json\/wp\/v2\/users\/1"}],"replies":[{"embeddable":true,"href":"https:\/\/www.ultimotipo.com.br\/site\/wp-json\/wp\/v2\/comments?post=5280"}],"version-history":[{"count":3,"href":"https:\/\/www.ultimotipo.com.br\/site\/wp-json\/wp\/v2\/pages\/5280\/revisions"}],"predecessor-version":[{"id":5328,"href":"https:\/\/www.ultimotipo.com.br\/site\/wp-json\/wp\/v2\/pages\/5280\/revisions\/5328"}],"up":[{"embeddable":true,"href":"https:\/\/www.ultimotipo.com.br\/site\/wp-json\/wp\/v2\/pages\/2071"}],"wp:attachment":[{"href":"https:\/\/www.ultimotipo.com.br\/site\/wp-json\/wp\/v2\/media?parent=5280"}],"curies":[{"name":"wp","href":"https:\/\/api.w.org\/{rel}","templated":true}]}}