{"id":53,"date":"2013-06-05T19:47:31","date_gmt":"2013-06-05T19:47:31","guid":{"rendered":"http:\/\/ultimotipo.birahcarvalho.com.br\/site\/?page_id=53"},"modified":"2017-03-30T17:08:25","modified_gmt":"2017-03-30T17:08:25","slug":"as-cigarras-e-a-formiga","status":"publish","type":"page","link":"https:\/\/www.ultimotipo.com.br\/site\/espetaculos\/espetaculos-desmontados\/as-cigarras-e-a-formiga\/","title":{"rendered":"As Cigarras e a Formiga"},"content":{"rendered":"<p>A pe\u00e7a foi inspirada nas f\u00e1bulas de Esopo e La Fontaine. Uma dupla de cigarras, logicamente cantoras, vivem perseguindo o sucesso e a fama como \u00fanica forma de sobreviverem e continuarem seguindo sua natureza, que \u00e9 cantar. Uma formiga as acompanha, sendo uma esp\u00e9cie de camareira, contra-regras (o faz-tudo), que tamb\u00e9m sonha em ser artista.<\/p>\n<p>Logo no in\u00edcio da hist\u00f3ria, por ideia da formiga (que deseja ser o terceiro componente do grupo), resolvem que um trio poderia chamar mais a aten\u00e7\u00e3o das pessoas. Mas, para sua decep\u00e7\u00e3o, as cantoras resolvem realizar um teste com candidatos da plateia, dizendo que isso pode ser bom para a popularidade delas. A formiga inveja as cigarras artistas, que, por sua vez, vivem a criticar a amiga esfor\u00e7ada, que n\u00e3o sabe fazer outra coisa na vida a n\u00e3o ser trabalhar.<\/p>\n<p>Quando percebem que o inverno est\u00e1 chegando, as cigarras sentem que precisam fazer alguma coisa para n\u00e3o passarem frio e fome. Assim, de olho nos suprimentos que a formiga tem guardado, resolvem process\u00e1-la por maus tratos, e, como argumento, utilizam fatos da f\u00e1bula de La Fontaine, contada h\u00e1 mais de 300 anos.<\/p>\n<p>Em um julgamento bastante irreverente, em que as crian\u00e7as ajudam a dar uma solu\u00e7\u00e3o para o caso, a formiga acaba revertendo a situa\u00e7\u00e3o e provando que as cigarras n\u00e3o s\u00e3o t\u00e3o santas quanto parecem, pois s\u00e3o parasitas. Por fim, todos entram em acordo quando o juiz determina que as cigarras d\u00eaem aulas de canto para a formiga e em troca esta lhes d\u00ea casa e comida durante o inverno.<\/p>\n<p>\u00c9 um espet\u00e1culo de muita m\u00fasica, surpresa e intera\u00e7\u00e3o. No repert\u00f3rio est\u00e3o composi\u00e7\u00f5es que ficaram famosas na voz da Turma do Bal\u00e3o M\u00e1gico, como \u201cA Galinha Magricela\u201d, \u201cO Trenzinho\u201d e \u201cDan\u00e7a Assim\u201d, al\u00e9m de can\u00e7\u00f5es de Arnaldo Antunes, Luiz Tatit, Elza Soares, Rita Lee e muito mais. Os ritmos usados s\u00e3o sempre muito alegres e envolventes.<\/p>\n<p>A dire\u00e7\u00e3o \u00e9 de Carlos Arruda, que recebeu o pr\u00eamio Maria Clara Machado \u2013 Rio de Janeiro &#8211; de melhor espet\u00e1culo em 2003 pela pe\u00e7a \u201cBonequinha de Pano\u201d.<\/p>\n<p><strong>Dura\u00e7\u00e3o:<\/strong> 50 minutos<\/p>\n<p>&nbsp;<\/p>\n<p><strong>Ficha T\u00e9cnica<\/strong><\/p>\n<p>Elenco<br \/>\nJara Carvalho: Voz, viol\u00e3o e gaita \u2013 Personagem: Cingapura<br \/>\nD\u00e9o Piti: Voz e percuss\u00e3o \u2013 Personagem: Simbora<br \/>\nL\u00f3ra Brito: Voz e percuss\u00e3o \u2013 Personagem: Cidona Sumer<br \/>\nVel\u00fa Carvalho: Personagem: Formiga<\/p>\n<p>Texto: D\u00e9o Piti e Jara Carvalho<\/p>\n<p>Dire\u00e7\u00e3o: Carlos Arruda (Puruca)<\/p>\n<p>&nbsp;<\/p>\n<div id='gallery-1' class='gallery galleryid-53 gallery-columns-4 gallery-size-thumbnail'><dl class='gallery-item'>\n\t\t\t<dt class='gallery-icon portrait'>\n\t\t\t\t<a href='https:\/\/www.ultimotipo.com.br\/site\/wp-content\/uploads\/2013\/08\/as_cigarras_e_a_formiga_007.jpg'><img loading=\"lazy\" decoding=\"async\" width=\"150\" height=\"150\" src=\"https:\/\/www.ultimotipo.com.br\/site\/wp-content\/uploads\/2013\/08\/as_cigarras_e_a_formiga_007-150x150.jpg\" class=\"attachment-thumbnail size-thumbnail\" alt=\"\" srcset=\"https:\/\/www.ultimotipo.com.br\/site\/wp-content\/uploads\/2013\/08\/as_cigarras_e_a_formiga_007-150x150.jpg 150w, https:\/\/www.ultimotipo.com.br\/site\/wp-content\/uploads\/2013\/08\/as_cigarras_e_a_formiga_007-70x70.jpg 70w\" sizes=\"(max-width: 150px) 100vw, 150px\" \/><\/a>\n\t\t\t<\/dt><\/dl><dl class='gallery-item'>\n\t\t\t<dt class='gallery-icon landscape'>\n\t\t\t\t<a href='https:\/\/www.ultimotipo.com.br\/site\/wp-content\/uploads\/2013\/08\/as_cigarras_e_a_formiga_004.jpg'><img loading=\"lazy\" decoding=\"async\" width=\"150\" height=\"150\" src=\"https:\/\/www.ultimotipo.com.br\/site\/wp-content\/uploads\/2013\/08\/as_cigarras_e_a_formiga_004-150x150.jpg\" class=\"attachment-thumbnail size-thumbnail\" alt=\"\" srcset=\"https:\/\/www.ultimotipo.com.br\/site\/wp-content\/uploads\/2013\/08\/as_cigarras_e_a_formiga_004-150x150.jpg 150w, https:\/\/www.ultimotipo.com.br\/site\/wp-content\/uploads\/2013\/08\/as_cigarras_e_a_formiga_004-70x70.jpg 70w\" sizes=\"(max-width: 150px) 100vw, 150px\" \/><\/a>\n\t\t\t<\/dt><\/dl><dl class='gallery-item'>\n\t\t\t<dt class='gallery-icon portrait'>\n\t\t\t\t<a href='https:\/\/www.ultimotipo.com.br\/site\/wp-content\/uploads\/2013\/08\/as_cigarras_e_a_formiga_006.jpg'><img loading=\"lazy\" decoding=\"async\" width=\"150\" height=\"150\" src=\"https:\/\/www.ultimotipo.com.br\/site\/wp-content\/uploads\/2013\/08\/as_cigarras_e_a_formiga_006-150x150.jpg\" class=\"attachment-thumbnail size-thumbnail\" alt=\"\" srcset=\"https:\/\/www.ultimotipo.com.br\/site\/wp-content\/uploads\/2013\/08\/as_cigarras_e_a_formiga_006-150x150.jpg 150w, https:\/\/www.ultimotipo.com.br\/site\/wp-content\/uploads\/2013\/08\/as_cigarras_e_a_formiga_006-70x70.jpg 70w\" sizes=\"(max-width: 150px) 100vw, 150px\" \/><\/a>\n\t\t\t<\/dt><\/dl><dl class='gallery-item'>\n\t\t\t<dt class='gallery-icon landscape'>\n\t\t\t\t<a href='https:\/\/www.ultimotipo.com.br\/site\/wp-content\/uploads\/2013\/08\/as_cigarras_e_a_formiga_005.jpg'><img loading=\"lazy\" decoding=\"async\" width=\"150\" height=\"150\" src=\"https:\/\/www.ultimotipo.com.br\/site\/wp-content\/uploads\/2013\/08\/as_cigarras_e_a_formiga_005-150x150.jpg\" class=\"attachment-thumbnail size-thumbnail\" alt=\"\" srcset=\"https:\/\/www.ultimotipo.com.br\/site\/wp-content\/uploads\/2013\/08\/as_cigarras_e_a_formiga_005-150x150.jpg 150w, https:\/\/www.ultimotipo.com.br\/site\/wp-content\/uploads\/2013\/08\/as_cigarras_e_a_formiga_005-70x70.jpg 70w\" sizes=\"(max-width: 150px) 100vw, 150px\" \/><\/a>\n\t\t\t<\/dt><\/dl><br style=\"clear: both\" \/><dl class='gallery-item'>\n\t\t\t<dt class='gallery-icon portrait'>\n\t\t\t\t<a href='https:\/\/www.ultimotipo.com.br\/site\/wp-content\/uploads\/2013\/08\/as_cigarras_e_a_formiga_003.jpg'><img loading=\"lazy\" decoding=\"async\" width=\"150\" height=\"150\" src=\"https:\/\/www.ultimotipo.com.br\/site\/wp-content\/uploads\/2013\/08\/as_cigarras_e_a_formiga_003-150x150.jpg\" class=\"attachment-thumbnail size-thumbnail\" alt=\"\" srcset=\"https:\/\/www.ultimotipo.com.br\/site\/wp-content\/uploads\/2013\/08\/as_cigarras_e_a_formiga_003-150x150.jpg 150w, https:\/\/www.ultimotipo.com.br\/site\/wp-content\/uploads\/2013\/08\/as_cigarras_e_a_formiga_003-70x70.jpg 70w\" sizes=\"(max-width: 150px) 100vw, 150px\" \/><\/a>\n\t\t\t<\/dt><\/dl><dl class='gallery-item'>\n\t\t\t<dt class='gallery-icon landscape'>\n\t\t\t\t<a href='https:\/\/www.ultimotipo.com.br\/site\/wp-content\/uploads\/2013\/08\/as_cigarras_e_a_formiga_002.jpg'><img loading=\"lazy\" decoding=\"async\" width=\"150\" height=\"150\" src=\"https:\/\/www.ultimotipo.com.br\/site\/wp-content\/uploads\/2013\/08\/as_cigarras_e_a_formiga_002-150x150.jpg\" class=\"attachment-thumbnail size-thumbnail\" alt=\"\" srcset=\"https:\/\/www.ultimotipo.com.br\/site\/wp-content\/uploads\/2013\/08\/as_cigarras_e_a_formiga_002-150x150.jpg 150w, https:\/\/www.ultimotipo.com.br\/site\/wp-content\/uploads\/2013\/08\/as_cigarras_e_a_formiga_002-70x70.jpg 70w\" sizes=\"(max-width: 150px) 100vw, 150px\" \/><\/a>\n\t\t\t<\/dt><\/dl><dl class='gallery-item'>\n\t\t\t<dt class='gallery-icon landscape'>\n\t\t\t\t<a href='https:\/\/www.ultimotipo.com.br\/site\/wp-content\/uploads\/2013\/08\/as_cigarras_e_a_formiga_001.jpg'><img loading=\"lazy\" decoding=\"async\" width=\"150\" height=\"150\" src=\"https:\/\/www.ultimotipo.com.br\/site\/wp-content\/uploads\/2013\/08\/as_cigarras_e_a_formiga_001-150x150.jpg\" class=\"attachment-thumbnail size-thumbnail\" alt=\"\" srcset=\"https:\/\/www.ultimotipo.com.br\/site\/wp-content\/uploads\/2013\/08\/as_cigarras_e_a_formiga_001-150x150.jpg 150w, https:\/\/www.ultimotipo.com.br\/site\/wp-content\/uploads\/2013\/08\/as_cigarras_e_a_formiga_001-70x70.jpg 70w\" sizes=\"(max-width: 150px) 100vw, 150px\" \/><\/a>\n\t\t\t<\/dt><\/dl>\n\t\t\t<br style='clear: both' \/>\n\t\t<\/div>\n\n","protected":false},"excerpt":{"rendered":"<p>A pe\u00e7a foi inspirada nas f\u00e1bulas de Esopo e La Fontaine. Uma dupla de cigarras, logicamente cantoras, vivem perseguindo o sucesso e a fama como \u00fanica forma de sobreviverem e continuarem seguindo sua natureza, que \u00e9 cantar. Uma formiga as acompanha, sendo uma esp\u00e9cie de camareira, contra-regras (o faz-tudo), que tamb\u00e9m sonha em ser artista. Logo no in\u00edcio da hist\u00f3ria, por ideia da formiga (que deseja ser o terceiro componente do grupo), resolvem que um trio poderia chamar mais a &hellip; <a href=\"https:\/\/www.ultimotipo.com.br\/site\/espetaculos\/espetaculos-desmontados\/as-cigarras-e-a-formiga\/\">Leia Mais <span class=\"meta-nav\"> | +<\/span><\/a><\/p>\n","protected":false},"author":1,"featured_media":0,"parent":2071,"menu_order":0,"comment_status":"closed","ping_status":"closed","template":"","meta":{"footnotes":""},"_links":{"self":[{"href":"https:\/\/www.ultimotipo.com.br\/site\/wp-json\/wp\/v2\/pages\/53"}],"collection":[{"href":"https:\/\/www.ultimotipo.com.br\/site\/wp-json\/wp\/v2\/pages"}],"about":[{"href":"https:\/\/www.ultimotipo.com.br\/site\/wp-json\/wp\/v2\/types\/page"}],"author":[{"embeddable":true,"href":"https:\/\/www.ultimotipo.com.br\/site\/wp-json\/wp\/v2\/users\/1"}],"replies":[{"embeddable":true,"href":"https:\/\/www.ultimotipo.com.br\/site\/wp-json\/wp\/v2\/comments?post=53"}],"version-history":[{"count":10,"href":"https:\/\/www.ultimotipo.com.br\/site\/wp-json\/wp\/v2\/pages\/53\/revisions"}],"predecessor-version":[{"id":5947,"href":"https:\/\/www.ultimotipo.com.br\/site\/wp-json\/wp\/v2\/pages\/53\/revisions\/5947"}],"up":[{"embeddable":true,"href":"https:\/\/www.ultimotipo.com.br\/site\/wp-json\/wp\/v2\/pages\/2071"}],"wp:attachment":[{"href":"https:\/\/www.ultimotipo.com.br\/site\/wp-json\/wp\/v2\/media?parent=53"}],"curies":[{"name":"wp","href":"https:\/\/api.w.org\/{rel}","templated":true}]}}