{"id":66,"date":"2013-06-05T19:52:06","date_gmt":"2013-06-05T19:52:06","guid":{"rendered":"http:\/\/ultimotipo.birahcarvalho.com.br\/site\/?page_id=66"},"modified":"2023-06-18T15:20:02","modified_gmt":"2023-06-18T15:20:02","slug":"outra-festa-no-ceu","status":"publish","type":"page","link":"https:\/\/www.ultimotipo.com.br\/site\/espetaculos\/espetaculos-desmontados\/outra-festa-no-ceu\/","title":{"rendered":"Outra Festa no C\u00e9u"},"content":{"rendered":"<p>Esta pe\u00e7a foi baseada em &#8220;A Festa no C\u00e9u&#8221;, na vers\u00e3o da cole\u00e7\u00e3o &#8220;Era Uma Vez&#8230;&#8221; (os famosos disquinhos), gravada em 1960. Teve texto e composi\u00e7\u00f5es de Jo\u00e3o de Barro e arranjos e reg\u00eancia de Radam\u00e9s Gnatali, obra que esteve presente na inf\u00e2ncia da maior parte dos brasileiros dos anos 60 e 70.<\/p>\n<p>O grupo recriou a est\u00f3ria dividindo-a em tr\u00eas festas. Na primeira, ocorre o nascimento de Ad\u00e3o, o Sapo. Na segunda, apresenta-se a vida cotidiana, quando ocorre a transforma\u00e7\u00e3o de girino em sapo adulto e ele j\u00e1 se mostra estudioso. Na terceira, Ad\u00e3o, j\u00e1 professor dos sapinhos do brejo, anda matutando a respeito do desaparecimento de tantos sapos pelo mundo. Ent\u00e3o, \u00e9 anunciada a Festa no C\u00e9u, para a qual todos os bichos s\u00e3o convidados, por\u00e9m s\u00f3 quem tem asas pode fazer a viagem.<\/p>\n<p>Assim, Ad\u00e3o conclui que esta \u00e9 a oportunidade dele descobrir o que est\u00e1 acontecendo com seus irm\u00e3os sapos e n\u00e3o sossega enquanto n\u00e3o consegue uma maneira de chegar ao c\u00e9u. Por fim, pega carona em um foguete, que, entretanto, n\u00e3o tem dia pra voltar.<\/p>\n<p>Mas, quando chega ao c\u00e9u, n\u00e3o encontra os sapos que sumiram do mundo, al\u00e9m de ser discriminado pelas aves. Totalmente desiludido, ele se esconde no viol\u00e3o do urubu e, no meio da viagem de volta, resolve saltar. Por\u00e9m a Saracura, sua rival, o salva, argumentando que, se mais um sapo morrer, a vida no mundo se tornaria insuport\u00e1vel pela presen\u00e7a de tantos insetos.<\/p>\n<p>O espet\u00e1culo busca questionar a a\u00e7\u00e3o depredadora do homem e despertar na crian\u00e7a a consci\u00eancia ecol\u00f3gica. No repert\u00f3rio est\u00e3o, al\u00e9m das can\u00e7\u00f5es originais, composi\u00e7\u00f5es do pr\u00f3prio grupo, de Jackson do Pandeiro, temas folcl\u00f3ricos e um poema musicado de Cec\u00edlia Meireles.<\/p>\n<p><strong>Dura\u00e7\u00e3o:<\/strong> 50 minutos<\/p>\n<p>&nbsp;<\/p>\n<p><strong>Ficha T\u00e9cnica<\/strong><\/p>\n<p>Elenco<br \/>\nD\u00e9o Piti: Sapo Esperto<br \/>\nJara Carvalho: Sapo Boi<br \/>\nL\u00f3ra Brito: Sapo Cururu<br \/>\nVel\u00fa Carvalho: Ad\u00e3o e Saparauto<\/p>\n<p>Roteiro e Concep\u00e7\u00e3o: Jara Carvalho e D\u00e9o Piti<br \/>\nCen\u00e1rio e objetos: Jara Carvalho e D\u00e9o Piti<br \/>\nFigurino e Dire\u00e7\u00e3o: D\u00e9o Piti<br \/>\nIlumina\u00e7\u00e3o: Andr\u00e9 Salvador<\/p>\n<p>&nbsp;<\/p>\n<div id='gallery-1' class='gallery galleryid-66 gallery-columns-4 gallery-size-thumbnail'><dl class='gallery-item'>\n\t\t\t<dt class='gallery-icon portrait'>\n\t\t\t\t<a href='https:\/\/www.ultimotipo.com.br\/site\/wp-content\/uploads\/2013\/08\/outra_festa_no_ceu_016.jpg'><img loading=\"lazy\" decoding=\"async\" width=\"150\" height=\"150\" src=\"https:\/\/www.ultimotipo.com.br\/site\/wp-content\/uploads\/2013\/08\/outra_festa_no_ceu_016-150x150.jpg\" class=\"attachment-thumbnail size-thumbnail\" alt=\"\" srcset=\"https:\/\/www.ultimotipo.com.br\/site\/wp-content\/uploads\/2013\/08\/outra_festa_no_ceu_016-150x150.jpg 150w, https:\/\/www.ultimotipo.com.br\/site\/wp-content\/uploads\/2013\/08\/outra_festa_no_ceu_016-70x70.jpg 70w\" sizes=\"(max-width: 150px) 100vw, 150px\" \/><\/a>\n\t\t\t<\/dt><\/dl><dl class='gallery-item'>\n\t\t\t<dt class='gallery-icon portrait'>\n\t\t\t\t<a href='https:\/\/www.ultimotipo.com.br\/site\/wp-content\/uploads\/2013\/08\/outra_festa_no_ceu_017.jpg'><img loading=\"lazy\" decoding=\"async\" width=\"150\" height=\"150\" src=\"https:\/\/www.ultimotipo.com.br\/site\/wp-content\/uploads\/2013\/08\/outra_festa_no_ceu_017-150x150.jpg\" class=\"attachment-thumbnail size-thumbnail\" alt=\"\" srcset=\"https:\/\/www.ultimotipo.com.br\/site\/wp-content\/uploads\/2013\/08\/outra_festa_no_ceu_017-150x150.jpg 150w, https:\/\/www.ultimotipo.com.br\/site\/wp-content\/uploads\/2013\/08\/outra_festa_no_ceu_017-70x70.jpg 70w\" sizes=\"(max-width: 150px) 100vw, 150px\" \/><\/a>\n\t\t\t<\/dt><\/dl><dl class='gallery-item'>\n\t\t\t<dt class='gallery-icon portrait'>\n\t\t\t\t<a href='https:\/\/www.ultimotipo.com.br\/site\/wp-content\/uploads\/2013\/08\/outra_festa_no_ceu_018.jpg'><img loading=\"lazy\" decoding=\"async\" width=\"150\" height=\"150\" src=\"https:\/\/www.ultimotipo.com.br\/site\/wp-content\/uploads\/2013\/08\/outra_festa_no_ceu_018-150x150.jpg\" class=\"attachment-thumbnail size-thumbnail\" alt=\"\" srcset=\"https:\/\/www.ultimotipo.com.br\/site\/wp-content\/uploads\/2013\/08\/outra_festa_no_ceu_018-150x150.jpg 150w, https:\/\/www.ultimotipo.com.br\/site\/wp-content\/uploads\/2013\/08\/outra_festa_no_ceu_018-70x70.jpg 70w\" sizes=\"(max-width: 150px) 100vw, 150px\" \/><\/a>\n\t\t\t<\/dt><\/dl><dl class='gallery-item'>\n\t\t\t<dt class='gallery-icon portrait'>\n\t\t\t\t<a href='https:\/\/www.ultimotipo.com.br\/site\/wp-content\/uploads\/2013\/08\/outra_festa_no_ceu_019.jpg'><img loading=\"lazy\" decoding=\"async\" width=\"150\" height=\"150\" src=\"https:\/\/www.ultimotipo.com.br\/site\/wp-content\/uploads\/2013\/08\/outra_festa_no_ceu_019-150x150.jpg\" class=\"attachment-thumbnail size-thumbnail\" alt=\"\" srcset=\"https:\/\/www.ultimotipo.com.br\/site\/wp-content\/uploads\/2013\/08\/outra_festa_no_ceu_019-150x150.jpg 150w, https:\/\/www.ultimotipo.com.br\/site\/wp-content\/uploads\/2013\/08\/outra_festa_no_ceu_019-70x70.jpg 70w\" sizes=\"(max-width: 150px) 100vw, 150px\" \/><\/a>\n\t\t\t<\/dt><\/dl><br style=\"clear: both\" \/><dl class='gallery-item'>\n\t\t\t<dt class='gallery-icon landscape'>\n\t\t\t\t<a href='https:\/\/www.ultimotipo.com.br\/site\/wp-content\/uploads\/2013\/08\/outra_festa_no_ceu_013.jpg'><img loading=\"lazy\" decoding=\"async\" width=\"150\" height=\"150\" src=\"https:\/\/www.ultimotipo.com.br\/site\/wp-content\/uploads\/2013\/08\/outra_festa_no_ceu_013-150x150.jpg\" class=\"attachment-thumbnail size-thumbnail\" alt=\"\" srcset=\"https:\/\/www.ultimotipo.com.br\/site\/wp-content\/uploads\/2013\/08\/outra_festa_no_ceu_013-150x150.jpg 150w, https:\/\/www.ultimotipo.com.br\/site\/wp-content\/uploads\/2013\/08\/outra_festa_no_ceu_013-70x70.jpg 70w\" sizes=\"(max-width: 150px) 100vw, 150px\" \/><\/a>\n\t\t\t<\/dt><\/dl><dl class='gallery-item'>\n\t\t\t<dt class='gallery-icon landscape'>\n\t\t\t\t<a href='https:\/\/www.ultimotipo.com.br\/site\/wp-content\/uploads\/2013\/08\/outra_festa_no_ceu_015.jpg'><img loading=\"lazy\" decoding=\"async\" width=\"150\" height=\"150\" src=\"https:\/\/www.ultimotipo.com.br\/site\/wp-content\/uploads\/2013\/08\/outra_festa_no_ceu_015-150x150.jpg\" class=\"attachment-thumbnail size-thumbnail\" alt=\"\" srcset=\"https:\/\/www.ultimotipo.com.br\/site\/wp-content\/uploads\/2013\/08\/outra_festa_no_ceu_015-150x150.jpg 150w, https:\/\/www.ultimotipo.com.br\/site\/wp-content\/uploads\/2013\/08\/outra_festa_no_ceu_015-70x70.jpg 70w\" sizes=\"(max-width: 150px) 100vw, 150px\" \/><\/a>\n\t\t\t<\/dt><\/dl><dl class='gallery-item'>\n\t\t\t<dt class='gallery-icon landscape'>\n\t\t\t\t<a href='https:\/\/www.ultimotipo.com.br\/site\/wp-content\/uploads\/2013\/08\/outra_festa_no_ceu_012.jpg'><img loading=\"lazy\" decoding=\"async\" width=\"150\" height=\"150\" src=\"https:\/\/www.ultimotipo.com.br\/site\/wp-content\/uploads\/2013\/08\/outra_festa_no_ceu_012-150x150.jpg\" class=\"attachment-thumbnail size-thumbnail\" alt=\"\" srcset=\"https:\/\/www.ultimotipo.com.br\/site\/wp-content\/uploads\/2013\/08\/outra_festa_no_ceu_012-150x150.jpg 150w, https:\/\/www.ultimotipo.com.br\/site\/wp-content\/uploads\/2013\/08\/outra_festa_no_ceu_012-70x70.jpg 70w\" sizes=\"(max-width: 150px) 100vw, 150px\" \/><\/a>\n\t\t\t<\/dt><\/dl><dl class='gallery-item'>\n\t\t\t<dt class='gallery-icon portrait'>\n\t\t\t\t<a href='https:\/\/www.ultimotipo.com.br\/site\/wp-content\/uploads\/2013\/08\/outra_festa_no_ceu_014.jpg'><img loading=\"lazy\" decoding=\"async\" width=\"150\" height=\"150\" src=\"https:\/\/www.ultimotipo.com.br\/site\/wp-content\/uploads\/2013\/08\/outra_festa_no_ceu_014-150x150.jpg\" class=\"attachment-thumbnail size-thumbnail\" alt=\"\" srcset=\"https:\/\/www.ultimotipo.com.br\/site\/wp-content\/uploads\/2013\/08\/outra_festa_no_ceu_014-150x150.jpg 150w, https:\/\/www.ultimotipo.com.br\/site\/wp-content\/uploads\/2013\/08\/outra_festa_no_ceu_014-70x70.jpg 70w\" sizes=\"(max-width: 150px) 100vw, 150px\" \/><\/a>\n\t\t\t<\/dt><\/dl><br style=\"clear: both\" \/><dl class='gallery-item'>\n\t\t\t<dt class='gallery-icon landscape'>\n\t\t\t\t<a href='https:\/\/www.ultimotipo.com.br\/site\/wp-content\/uploads\/2013\/08\/outra_festa_no_ceu_009.jpg'><img loading=\"lazy\" decoding=\"async\" width=\"150\" height=\"150\" src=\"https:\/\/www.ultimotipo.com.br\/site\/wp-content\/uploads\/2013\/08\/outra_festa_no_ceu_009-150x150.jpg\" class=\"attachment-thumbnail size-thumbnail\" alt=\"\" srcset=\"https:\/\/www.ultimotipo.com.br\/site\/wp-content\/uploads\/2013\/08\/outra_festa_no_ceu_009-150x150.jpg 150w, https:\/\/www.ultimotipo.com.br\/site\/wp-content\/uploads\/2013\/08\/outra_festa_no_ceu_009-70x70.jpg 70w\" sizes=\"(max-width: 150px) 100vw, 150px\" \/><\/a>\n\t\t\t<\/dt><\/dl><dl class='gallery-item'>\n\t\t\t<dt class='gallery-icon portrait'>\n\t\t\t\t<a href='https:\/\/www.ultimotipo.com.br\/site\/wp-content\/uploads\/2013\/08\/outra_festa_no_ceu_011.jpg'><img loading=\"lazy\" decoding=\"async\" width=\"150\" height=\"150\" src=\"https:\/\/www.ultimotipo.com.br\/site\/wp-content\/uploads\/2013\/08\/outra_festa_no_ceu_011-150x150.jpg\" class=\"attachment-thumbnail size-thumbnail\" alt=\"\" srcset=\"https:\/\/www.ultimotipo.com.br\/site\/wp-content\/uploads\/2013\/08\/outra_festa_no_ceu_011-150x150.jpg 150w, https:\/\/www.ultimotipo.com.br\/site\/wp-content\/uploads\/2013\/08\/outra_festa_no_ceu_011-70x70.jpg 70w\" sizes=\"(max-width: 150px) 100vw, 150px\" \/><\/a>\n\t\t\t<\/dt><\/dl><dl class='gallery-item'>\n\t\t\t<dt class='gallery-icon portrait'>\n\t\t\t\t<a href='https:\/\/www.ultimotipo.com.br\/site\/wp-content\/uploads\/2013\/08\/outra_festa_no_ceu_005.jpg'><img loading=\"lazy\" decoding=\"async\" width=\"150\" height=\"150\" src=\"https:\/\/www.ultimotipo.com.br\/site\/wp-content\/uploads\/2013\/08\/outra_festa_no_ceu_005-150x150.jpg\" class=\"attachment-thumbnail size-thumbnail\" alt=\"\" srcset=\"https:\/\/www.ultimotipo.com.br\/site\/wp-content\/uploads\/2013\/08\/outra_festa_no_ceu_005-150x150.jpg 150w, https:\/\/www.ultimotipo.com.br\/site\/wp-content\/uploads\/2013\/08\/outra_festa_no_ceu_005-70x70.jpg 70w\" sizes=\"(max-width: 150px) 100vw, 150px\" \/><\/a>\n\t\t\t<\/dt><\/dl><dl class='gallery-item'>\n\t\t\t<dt class='gallery-icon landscape'>\n\t\t\t\t<a href='https:\/\/www.ultimotipo.com.br\/site\/wp-content\/uploads\/2013\/08\/outra_festa_no_ceu_010.jpg'><img loading=\"lazy\" decoding=\"async\" width=\"150\" height=\"150\" src=\"https:\/\/www.ultimotipo.com.br\/site\/wp-content\/uploads\/2013\/08\/outra_festa_no_ceu_010-150x150.jpg\" class=\"attachment-thumbnail size-thumbnail\" alt=\"\" srcset=\"https:\/\/www.ultimotipo.com.br\/site\/wp-content\/uploads\/2013\/08\/outra_festa_no_ceu_010-150x150.jpg 150w, https:\/\/www.ultimotipo.com.br\/site\/wp-content\/uploads\/2013\/08\/outra_festa_no_ceu_010-70x70.jpg 70w\" sizes=\"(max-width: 150px) 100vw, 150px\" \/><\/a>\n\t\t\t<\/dt><\/dl><br style=\"clear: both\" \/><dl class='gallery-item'>\n\t\t\t<dt class='gallery-icon landscape'>\n\t\t\t\t<a href='https:\/\/www.ultimotipo.com.br\/site\/wp-content\/uploads\/2013\/08\/outra_festa_no_ceu_002.jpg'><img loading=\"lazy\" decoding=\"async\" width=\"150\" height=\"150\" src=\"https:\/\/www.ultimotipo.com.br\/site\/wp-content\/uploads\/2013\/08\/outra_festa_no_ceu_002-150x150.jpg\" class=\"attachment-thumbnail size-thumbnail\" alt=\"\" srcset=\"https:\/\/www.ultimotipo.com.br\/site\/wp-content\/uploads\/2013\/08\/outra_festa_no_ceu_002-150x150.jpg 150w, https:\/\/www.ultimotipo.com.br\/site\/wp-content\/uploads\/2013\/08\/outra_festa_no_ceu_002-70x70.jpg 70w\" sizes=\"(max-width: 150px) 100vw, 150px\" \/><\/a>\n\t\t\t<\/dt><\/dl><dl class='gallery-item'>\n\t\t\t<dt class='gallery-icon portrait'>\n\t\t\t\t<a href='https:\/\/www.ultimotipo.com.br\/site\/wp-content\/uploads\/2013\/08\/outra_festa_no_ceu_007.jpg'><img loading=\"lazy\" decoding=\"async\" width=\"150\" height=\"150\" src=\"https:\/\/www.ultimotipo.com.br\/site\/wp-content\/uploads\/2013\/08\/outra_festa_no_ceu_007-150x150.jpg\" class=\"attachment-thumbnail size-thumbnail\" alt=\"\" srcset=\"https:\/\/www.ultimotipo.com.br\/site\/wp-content\/uploads\/2013\/08\/outra_festa_no_ceu_007-150x150.jpg 150w, https:\/\/www.ultimotipo.com.br\/site\/wp-content\/uploads\/2013\/08\/outra_festa_no_ceu_007-70x70.jpg 70w\" sizes=\"(max-width: 150px) 100vw, 150px\" \/><\/a>\n\t\t\t<\/dt><\/dl><dl class='gallery-item'>\n\t\t\t<dt class='gallery-icon landscape'>\n\t\t\t\t<a href='https:\/\/www.ultimotipo.com.br\/site\/wp-content\/uploads\/2013\/08\/outra_festa_no_ceu_008.jpg'><img loading=\"lazy\" decoding=\"async\" width=\"150\" height=\"150\" src=\"https:\/\/www.ultimotipo.com.br\/site\/wp-content\/uploads\/2013\/08\/outra_festa_no_ceu_008-150x150.jpg\" class=\"attachment-thumbnail size-thumbnail\" alt=\"\" srcset=\"https:\/\/www.ultimotipo.com.br\/site\/wp-content\/uploads\/2013\/08\/outra_festa_no_ceu_008-150x150.jpg 150w, https:\/\/www.ultimotipo.com.br\/site\/wp-content\/uploads\/2013\/08\/outra_festa_no_ceu_008-70x70.jpg 70w\" sizes=\"(max-width: 150px) 100vw, 150px\" \/><\/a>\n\t\t\t<\/dt><\/dl><dl class='gallery-item'>\n\t\t\t<dt class='gallery-icon portrait'>\n\t\t\t\t<a href='https:\/\/www.ultimotipo.com.br\/site\/wp-content\/uploads\/2013\/08\/outra_festa_no_ceu_006.jpg'><img loading=\"lazy\" decoding=\"async\" width=\"150\" height=\"150\" src=\"https:\/\/www.ultimotipo.com.br\/site\/wp-content\/uploads\/2013\/08\/outra_festa_no_ceu_006-150x150.jpg\" class=\"attachment-thumbnail size-thumbnail\" alt=\"\" srcset=\"https:\/\/www.ultimotipo.com.br\/site\/wp-content\/uploads\/2013\/08\/outra_festa_no_ceu_006-150x150.jpg 150w, https:\/\/www.ultimotipo.com.br\/site\/wp-content\/uploads\/2013\/08\/outra_festa_no_ceu_006-70x70.jpg 70w\" sizes=\"(max-width: 150px) 100vw, 150px\" \/><\/a>\n\t\t\t<\/dt><\/dl><br style=\"clear: both\" \/><dl class='gallery-item'>\n\t\t\t<dt class='gallery-icon portrait'>\n\t\t\t\t<a href='https:\/\/www.ultimotipo.com.br\/site\/wp-content\/uploads\/2013\/08\/outra_festa_no_ceu_004.jpg'><img loading=\"lazy\" decoding=\"async\" width=\"150\" height=\"150\" src=\"https:\/\/www.ultimotipo.com.br\/site\/wp-content\/uploads\/2013\/08\/outra_festa_no_ceu_004-150x150.jpg\" class=\"attachment-thumbnail size-thumbnail\" alt=\"\" srcset=\"https:\/\/www.ultimotipo.com.br\/site\/wp-content\/uploads\/2013\/08\/outra_festa_no_ceu_004-150x150.jpg 150w, https:\/\/www.ultimotipo.com.br\/site\/wp-content\/uploads\/2013\/08\/outra_festa_no_ceu_004-70x70.jpg 70w\" sizes=\"(max-width: 150px) 100vw, 150px\" \/><\/a>\n\t\t\t<\/dt><\/dl><dl class='gallery-item'>\n\t\t\t<dt class='gallery-icon landscape'>\n\t\t\t\t<a href='https:\/\/www.ultimotipo.com.br\/site\/wp-content\/uploads\/2013\/08\/outra_festa_no_ceu_003.jpg'><img loading=\"lazy\" decoding=\"async\" width=\"150\" height=\"150\" src=\"https:\/\/www.ultimotipo.com.br\/site\/wp-content\/uploads\/2013\/08\/outra_festa_no_ceu_003-150x150.jpg\" class=\"attachment-thumbnail size-thumbnail\" alt=\"\" srcset=\"https:\/\/www.ultimotipo.com.br\/site\/wp-content\/uploads\/2013\/08\/outra_festa_no_ceu_003-150x150.jpg 150w, https:\/\/www.ultimotipo.com.br\/site\/wp-content\/uploads\/2013\/08\/outra_festa_no_ceu_003-70x70.jpg 70w\" sizes=\"(max-width: 150px) 100vw, 150px\" \/><\/a>\n\t\t\t<\/dt><\/dl><dl class='gallery-item'>\n\t\t\t<dt class='gallery-icon portrait'>\n\t\t\t\t<a href='https:\/\/www.ultimotipo.com.br\/site\/wp-content\/uploads\/2013\/08\/outra_festa_no_ceu_001.jpg'><img loading=\"lazy\" decoding=\"async\" width=\"150\" height=\"150\" src=\"https:\/\/www.ultimotipo.com.br\/site\/wp-content\/uploads\/2013\/08\/outra_festa_no_ceu_001-150x150.jpg\" class=\"attachment-thumbnail size-thumbnail\" alt=\"\" srcset=\"https:\/\/www.ultimotipo.com.br\/site\/wp-content\/uploads\/2013\/08\/outra_festa_no_ceu_001-150x150.jpg 150w, https:\/\/www.ultimotipo.com.br\/site\/wp-content\/uploads\/2013\/08\/outra_festa_no_ceu_001-70x70.jpg 70w\" sizes=\"(max-width: 150px) 100vw, 150px\" \/><\/a>\n\t\t\t<\/dt><\/dl>\n\t\t\t<br style='clear: both' \/>\n\t\t<\/div>\n\n","protected":false},"excerpt":{"rendered":"<p>Esta pe\u00e7a foi baseada em &#8220;A Festa no C\u00e9u&#8221;, na vers\u00e3o da cole\u00e7\u00e3o &#8220;Era Uma Vez&#8230;&#8221; (os famosos disquinhos), gravada em 1960. Teve texto e composi\u00e7\u00f5es de Jo\u00e3o de Barro e arranjos e reg\u00eancia de Radam\u00e9s Gnatali, obra que esteve presente na inf\u00e2ncia da maior parte dos brasileiros dos anos 60 e 70. O grupo recriou a est\u00f3ria dividindo-a em tr\u00eas festas. Na primeira, ocorre o nascimento de Ad\u00e3o, o Sapo. Na segunda, apresenta-se a vida cotidiana, quando ocorre a &hellip; <a href=\"https:\/\/www.ultimotipo.com.br\/site\/espetaculos\/espetaculos-desmontados\/outra-festa-no-ceu\/\">Leia Mais <span class=\"meta-nav\"> | +<\/span><\/a><\/p>\n","protected":false},"author":1,"featured_media":1312,"parent":2071,"menu_order":0,"comment_status":"closed","ping_status":"open","template":"","meta":{"footnotes":""},"_links":{"self":[{"href":"https:\/\/www.ultimotipo.com.br\/site\/wp-json\/wp\/v2\/pages\/66"}],"collection":[{"href":"https:\/\/www.ultimotipo.com.br\/site\/wp-json\/wp\/v2\/pages"}],"about":[{"href":"https:\/\/www.ultimotipo.com.br\/site\/wp-json\/wp\/v2\/types\/page"}],"author":[{"embeddable":true,"href":"https:\/\/www.ultimotipo.com.br\/site\/wp-json\/wp\/v2\/users\/1"}],"replies":[{"embeddable":true,"href":"https:\/\/www.ultimotipo.com.br\/site\/wp-json\/wp\/v2\/comments?post=66"}],"version-history":[{"count":10,"href":"https:\/\/www.ultimotipo.com.br\/site\/wp-json\/wp\/v2\/pages\/66\/revisions"}],"predecessor-version":[{"id":5953,"href":"https:\/\/www.ultimotipo.com.br\/site\/wp-json\/wp\/v2\/pages\/66\/revisions\/5953"}],"up":[{"embeddable":true,"href":"https:\/\/www.ultimotipo.com.br\/site\/wp-json\/wp\/v2\/pages\/2071"}],"wp:featuredmedia":[{"embeddable":true,"href":"https:\/\/www.ultimotipo.com.br\/site\/wp-json\/wp\/v2\/media\/1312"}],"wp:attachment":[{"href":"https:\/\/www.ultimotipo.com.br\/site\/wp-json\/wp\/v2\/media?parent=66"}],"curies":[{"name":"wp","href":"https:\/\/api.w.org\/{rel}","templated":true}]}}