{"id":6713,"date":"2017-03-07T02:05:27","date_gmt":"2017-03-07T02:05:27","guid":{"rendered":"http:\/\/www.ultimotipo.com.br\/site\/?page_id=6713"},"modified":"2017-03-31T18:44:25","modified_gmt":"2017-03-31T18:44:25","slug":"tocando-o-terror-o-musicaos","status":"publish","type":"page","link":"https:\/\/www.ultimotipo.com.br\/site\/espetaculos\/para-todos\/tocando-o-terror-o-musicaos\/","title":{"rendered":"Tocando o Terror &#8211; O Musicaos"},"content":{"rendered":"<p>O espet\u00e1culo conta a aventura bem-humorada de Etelvina, uma menina muito estranha que quer ser mordida por um vampiro para se tornar imortal. Durante sua jornada \u00e0 procura do predador, ela encontra estranhas criaturas, como lobos, lobisomens e bruxas, e \u201csitua\u00e7\u00f5es do al\u00e9m\u201d, mas nada de vampiros, pois esses n\u00e3o se encontram em qualquer esquina. Por\u00e9m, ela n\u00e3o perde as esperan\u00e7as, e desce at\u00e9 as profundezas de sua alma em busca de seu lado mais negro.<\/p>\n<p>Baseada em diversos filmes de terror e suspense, a pe\u00e7a \u00e9 recheada de refer\u00eancias cinematogr\u00e1ficas e clich\u00eas, que v\u00eam dos cl\u00e1ssicos de Bram Stoker \u201cDr\u00e1cula\u201d (1992) e \u201cNosferatu\u201d (1922), al\u00e9m de outros filmes, como \u201cO Chamado\u201d (2002) e \u201cO Iluminado\u201d (1980).<\/p>\n<p>No repert\u00f3rio, est\u00e3o m\u00fasicas conhecidas do grande p\u00fablico, como\u00a0 \u201cPav\u00e3o Misterioso\u201d (Ednardo), \u201cMist\u00e9rios da Meia-Noite\u201d (Z\u00e9 Ramalho), \u201cDoce Vampiro\u201d (Rita Lee e Roberto de Carvalho), al\u00e9m de sons autorais, como \u201cAmor Mais que Perfeito\u201d (D\u00e9o Piti), \u201cO Monjolo do Seu Lindorfo\u201d (Jara Carvalho e D\u00e9o Piti) e \u201cA do Lobo\u201d (Jonatas Davi).<\/p>\n<p>Neste espet\u00e1culo, o \u00daltimo Tipo tamb\u00e9m vai explorar sons eletr\u00f4nicos de guitarra e sintetizador, dando um colorido de trilha sonora de filme. Os arranjos tamb\u00e9m ganham uma veia mais pop, com a incorpora\u00e7\u00e3o desses instrumentos. Outra novidade \u00e9 que o grupo usar\u00e1 pela primeira vez um n\u00famero a\u00e9reo em uma das cenas.<\/p>\n<p><strong>Dura\u00e7\u00e3o:<\/strong> 60 minutos<\/p>\n<p><strong>Ficha t\u00e9cnica<\/strong><\/p>\n<p>Dire\u00e7\u00e3o: Deo Piti<\/p>\n<p>Texto: Velu Carvalho<\/p>\n<p>M\u00fasica: Jara Carvalho e Deo Piti<\/p>\n<p>Elenco: Velu Carvalho, Lya Bueno, Jara Carvalho, D\u00e9o Piti e Sofia Oliveira<\/p>\n<p>Cen\u00e1rio: \u00daltimo Tipo<\/p>\n<p>Figurino: Deo Piti<\/p>\n<p>Ilumina\u00e7\u00e3o: Andr\u00e9 Salvador<\/p>\n<p>&nbsp;<\/p>\n<div id='gallery-1' class='gallery galleryid-6713 gallery-columns-4 gallery-size-thumbnail'><dl class='gallery-item'>\n\t\t\t<dt class='gallery-icon landscape'>\n\t\t\t\t<a href='https:\/\/www.ultimotipo.com.br\/site\/wp-content\/uploads\/2017\/03\/Tocando-o-Terror-color-1.jpg'><img loading=\"lazy\" decoding=\"async\" width=\"150\" height=\"150\" src=\"https:\/\/www.ultimotipo.com.br\/site\/wp-content\/uploads\/2017\/03\/Tocando-o-Terror-color-1-150x150.jpg\" class=\"attachment-thumbnail size-thumbnail\" alt=\"\" srcset=\"https:\/\/www.ultimotipo.com.br\/site\/wp-content\/uploads\/2017\/03\/Tocando-o-Terror-color-1-150x150.jpg 150w, https:\/\/www.ultimotipo.com.br\/site\/wp-content\/uploads\/2017\/03\/Tocando-o-Terror-color-1-70x70.jpg 70w\" sizes=\"(max-width: 150px) 100vw, 150px\" \/><\/a>\n\t\t\t<\/dt><\/dl><dl class='gallery-item'>\n\t\t\t<dt class='gallery-icon landscape'>\n\t\t\t\t<a href='https:\/\/www.ultimotipo.com.br\/site\/wp-content\/uploads\/2017\/03\/P1060278.jpg'><img loading=\"lazy\" decoding=\"async\" width=\"150\" height=\"150\" src=\"https:\/\/www.ultimotipo.com.br\/site\/wp-content\/uploads\/2017\/03\/P1060278-150x150.jpg\" class=\"attachment-thumbnail size-thumbnail\" alt=\"\" srcset=\"https:\/\/www.ultimotipo.com.br\/site\/wp-content\/uploads\/2017\/03\/P1060278-150x150.jpg 150w, https:\/\/www.ultimotipo.com.br\/site\/wp-content\/uploads\/2017\/03\/P1060278-70x70.jpg 70w\" sizes=\"(max-width: 150px) 100vw, 150px\" \/><\/a>\n\t\t\t<\/dt><\/dl><dl class='gallery-item'>\n\t\t\t<dt class='gallery-icon landscape'>\n\t\t\t\t<a href='https:\/\/www.ultimotipo.com.br\/site\/wp-content\/uploads\/2017\/03\/Tocando-o-Terror-baixa-1.jpeg'><img loading=\"lazy\" decoding=\"async\" width=\"150\" height=\"150\" src=\"https:\/\/www.ultimotipo.com.br\/site\/wp-content\/uploads\/2017\/03\/Tocando-o-Terror-baixa-1-150x150.jpg\" class=\"attachment-thumbnail size-thumbnail\" alt=\"\" srcset=\"https:\/\/www.ultimotipo.com.br\/site\/wp-content\/uploads\/2017\/03\/Tocando-o-Terror-baixa-1-150x150.jpg 150w, https:\/\/www.ultimotipo.com.br\/site\/wp-content\/uploads\/2017\/03\/Tocando-o-Terror-baixa-1-70x70.jpeg 70w\" sizes=\"(max-width: 150px) 100vw, 150px\" \/><\/a>\n\t\t\t<\/dt><\/dl><dl class='gallery-item'>\n\t\t\t<dt class='gallery-icon portrait'>\n\t\t\t\t<a href='https:\/\/www.ultimotipo.com.br\/site\/wp-content\/uploads\/2017\/03\/IMG_7420.jpg'><img loading=\"lazy\" decoding=\"async\" width=\"150\" height=\"150\" src=\"https:\/\/www.ultimotipo.com.br\/site\/wp-content\/uploads\/2017\/03\/IMG_7420-150x150.jpg\" class=\"attachment-thumbnail size-thumbnail\" alt=\"\" srcset=\"https:\/\/www.ultimotipo.com.br\/site\/wp-content\/uploads\/2017\/03\/IMG_7420-150x150.jpg 150w, https:\/\/www.ultimotipo.com.br\/site\/wp-content\/uploads\/2017\/03\/IMG_7420-70x70.jpg 70w\" sizes=\"(max-width: 150px) 100vw, 150px\" \/><\/a>\n\t\t\t<\/dt><\/dl><br style=\"clear: both\" \/><dl class='gallery-item'>\n\t\t\t<dt class='gallery-icon landscape'>\n\t\t\t\t<a href='https:\/\/www.ultimotipo.com.br\/site\/wp-content\/uploads\/2017\/03\/IMG_7434.jpg'><img loading=\"lazy\" decoding=\"async\" width=\"150\" height=\"150\" src=\"https:\/\/www.ultimotipo.com.br\/site\/wp-content\/uploads\/2017\/03\/IMG_7434-150x150.jpg\" class=\"attachment-thumbnail size-thumbnail\" alt=\"\" srcset=\"https:\/\/www.ultimotipo.com.br\/site\/wp-content\/uploads\/2017\/03\/IMG_7434-150x150.jpg 150w, https:\/\/www.ultimotipo.com.br\/site\/wp-content\/uploads\/2017\/03\/IMG_7434-70x70.jpg 70w\" sizes=\"(max-width: 150px) 100vw, 150px\" \/><\/a>\n\t\t\t<\/dt><\/dl><dl class='gallery-item'>\n\t\t\t<dt class='gallery-icon landscape'>\n\t\t\t\t<a href='https:\/\/www.ultimotipo.com.br\/site\/wp-content\/uploads\/2017\/03\/IMG_7457.jpg'><img loading=\"lazy\" decoding=\"async\" width=\"150\" height=\"150\" src=\"https:\/\/www.ultimotipo.com.br\/site\/wp-content\/uploads\/2017\/03\/IMG_7457-150x150.jpg\" class=\"attachment-thumbnail size-thumbnail\" alt=\"\" srcset=\"https:\/\/www.ultimotipo.com.br\/site\/wp-content\/uploads\/2017\/03\/IMG_7457-150x150.jpg 150w, https:\/\/www.ultimotipo.com.br\/site\/wp-content\/uploads\/2017\/03\/IMG_7457-70x70.jpg 70w\" sizes=\"(max-width: 150px) 100vw, 150px\" \/><\/a>\n\t\t\t<\/dt><\/dl><dl class='gallery-item'>\n\t\t\t<dt class='gallery-icon portrait'>\n\t\t\t\t<a href='https:\/\/www.ultimotipo.com.br\/site\/wp-content\/uploads\/2017\/03\/IMG_7476.jpg'><img loading=\"lazy\" decoding=\"async\" width=\"150\" height=\"150\" src=\"https:\/\/www.ultimotipo.com.br\/site\/wp-content\/uploads\/2017\/03\/IMG_7476-150x150.jpg\" class=\"attachment-thumbnail size-thumbnail\" alt=\"\" srcset=\"https:\/\/www.ultimotipo.com.br\/site\/wp-content\/uploads\/2017\/03\/IMG_7476-150x150.jpg 150w, https:\/\/www.ultimotipo.com.br\/site\/wp-content\/uploads\/2017\/03\/IMG_7476-70x70.jpg 70w\" sizes=\"(max-width: 150px) 100vw, 150px\" \/><\/a>\n\t\t\t<\/dt><\/dl><dl class='gallery-item'>\n\t\t\t<dt class='gallery-icon portrait'>\n\t\t\t\t<a href='https:\/\/www.ultimotipo.com.br\/site\/wp-content\/uploads\/2017\/03\/IMG_7492.jpg'><img loading=\"lazy\" decoding=\"async\" width=\"150\" height=\"150\" src=\"https:\/\/www.ultimotipo.com.br\/site\/wp-content\/uploads\/2017\/03\/IMG_7492-150x150.jpg\" class=\"attachment-thumbnail size-thumbnail\" alt=\"\" srcset=\"https:\/\/www.ultimotipo.com.br\/site\/wp-content\/uploads\/2017\/03\/IMG_7492-150x150.jpg 150w, https:\/\/www.ultimotipo.com.br\/site\/wp-content\/uploads\/2017\/03\/IMG_7492-70x70.jpg 70w\" sizes=\"(max-width: 150px) 100vw, 150px\" \/><\/a>\n\t\t\t<\/dt><\/dl><br style=\"clear: both\" \/><dl class='gallery-item'>\n\t\t\t<dt class='gallery-icon portrait'>\n\t\t\t\t<a href='https:\/\/www.ultimotipo.com.br\/site\/wp-content\/uploads\/2017\/03\/IMG_7511.jpg'><img loading=\"lazy\" decoding=\"async\" width=\"150\" height=\"150\" src=\"https:\/\/www.ultimotipo.com.br\/site\/wp-content\/uploads\/2017\/03\/IMG_7511-150x150.jpg\" class=\"attachment-thumbnail size-thumbnail\" alt=\"\" srcset=\"https:\/\/www.ultimotipo.com.br\/site\/wp-content\/uploads\/2017\/03\/IMG_7511-150x150.jpg 150w, https:\/\/www.ultimotipo.com.br\/site\/wp-content\/uploads\/2017\/03\/IMG_7511-70x70.jpg 70w\" sizes=\"(max-width: 150px) 100vw, 150px\" \/><\/a>\n\t\t\t<\/dt><\/dl><dl class='gallery-item'>\n\t\t\t<dt class='gallery-icon landscape'>\n\t\t\t\t<a href='https:\/\/www.ultimotipo.com.br\/site\/wp-content\/uploads\/2017\/03\/IMG_7513.jpg'><img loading=\"lazy\" decoding=\"async\" width=\"150\" height=\"150\" src=\"https:\/\/www.ultimotipo.com.br\/site\/wp-content\/uploads\/2017\/03\/IMG_7513-150x150.jpg\" class=\"attachment-thumbnail size-thumbnail\" alt=\"\" srcset=\"https:\/\/www.ultimotipo.com.br\/site\/wp-content\/uploads\/2017\/03\/IMG_7513-150x150.jpg 150w, https:\/\/www.ultimotipo.com.br\/site\/wp-content\/uploads\/2017\/03\/IMG_7513-70x70.jpg 70w\" sizes=\"(max-width: 150px) 100vw, 150px\" \/><\/a>\n\t\t\t<\/dt><\/dl><dl class='gallery-item'>\n\t\t\t<dt class='gallery-icon landscape'>\n\t\t\t\t<a href='https:\/\/www.ultimotipo.com.br\/site\/wp-content\/uploads\/2017\/03\/IMG_7531.jpg'><img loading=\"lazy\" decoding=\"async\" width=\"150\" height=\"150\" src=\"https:\/\/www.ultimotipo.com.br\/site\/wp-content\/uploads\/2017\/03\/IMG_7531-150x150.jpg\" class=\"attachment-thumbnail size-thumbnail\" alt=\"\" srcset=\"https:\/\/www.ultimotipo.com.br\/site\/wp-content\/uploads\/2017\/03\/IMG_7531-150x150.jpg 150w, https:\/\/www.ultimotipo.com.br\/site\/wp-content\/uploads\/2017\/03\/IMG_7531-70x70.jpg 70w\" sizes=\"(max-width: 150px) 100vw, 150px\" \/><\/a>\n\t\t\t<\/dt><\/dl><dl class='gallery-item'>\n\t\t\t<dt class='gallery-icon landscape'>\n\t\t\t\t<a href='https:\/\/www.ultimotipo.com.br\/site\/wp-content\/uploads\/2017\/03\/IMG_7606.jpg'><img loading=\"lazy\" decoding=\"async\" width=\"150\" height=\"150\" src=\"https:\/\/www.ultimotipo.com.br\/site\/wp-content\/uploads\/2017\/03\/IMG_7606-150x150.jpg\" class=\"attachment-thumbnail size-thumbnail\" alt=\"\" srcset=\"https:\/\/www.ultimotipo.com.br\/site\/wp-content\/uploads\/2017\/03\/IMG_7606-150x150.jpg 150w, https:\/\/www.ultimotipo.com.br\/site\/wp-content\/uploads\/2017\/03\/IMG_7606-70x70.jpg 70w\" sizes=\"(max-width: 150px) 100vw, 150px\" \/><\/a>\n\t\t\t<\/dt><\/dl><br style=\"clear: both\" \/><dl class='gallery-item'>\n\t\t\t<dt class='gallery-icon landscape'>\n\t\t\t\t<a href='https:\/\/www.ultimotipo.com.br\/site\/wp-content\/uploads\/2017\/03\/IMG_7745.jpg'><img loading=\"lazy\" decoding=\"async\" width=\"150\" height=\"150\" src=\"https:\/\/www.ultimotipo.com.br\/site\/wp-content\/uploads\/2017\/03\/IMG_7745-150x150.jpg\" class=\"attachment-thumbnail size-thumbnail\" alt=\"\" srcset=\"https:\/\/www.ultimotipo.com.br\/site\/wp-content\/uploads\/2017\/03\/IMG_7745-150x150.jpg 150w, https:\/\/www.ultimotipo.com.br\/site\/wp-content\/uploads\/2017\/03\/IMG_7745-70x70.jpg 70w\" sizes=\"(max-width: 150px) 100vw, 150px\" \/><\/a>\n\t\t\t<\/dt><\/dl><dl class='gallery-item'>\n\t\t\t<dt class='gallery-icon landscape'>\n\t\t\t\t<a href='https:\/\/www.ultimotipo.com.br\/site\/wp-content\/uploads\/2017\/03\/IMG_7758.jpg'><img loading=\"lazy\" decoding=\"async\" width=\"150\" height=\"150\" src=\"https:\/\/www.ultimotipo.com.br\/site\/wp-content\/uploads\/2017\/03\/IMG_7758-150x150.jpg\" class=\"attachment-thumbnail size-thumbnail\" alt=\"\" srcset=\"https:\/\/www.ultimotipo.com.br\/site\/wp-content\/uploads\/2017\/03\/IMG_7758-150x150.jpg 150w, https:\/\/www.ultimotipo.com.br\/site\/wp-content\/uploads\/2017\/03\/IMG_7758-70x70.jpg 70w\" sizes=\"(max-width: 150px) 100vw, 150px\" \/><\/a>\n\t\t\t<\/dt><\/dl><dl class='gallery-item'>\n\t\t\t<dt class='gallery-icon landscape'>\n\t\t\t\t<a href='https:\/\/www.ultimotipo.com.br\/site\/wp-content\/uploads\/2017\/03\/IMG_7759.jpg'><img loading=\"lazy\" decoding=\"async\" width=\"150\" height=\"150\" src=\"https:\/\/www.ultimotipo.com.br\/site\/wp-content\/uploads\/2017\/03\/IMG_7759-150x150.jpg\" class=\"attachment-thumbnail size-thumbnail\" alt=\"\" srcset=\"https:\/\/www.ultimotipo.com.br\/site\/wp-content\/uploads\/2017\/03\/IMG_7759-150x150.jpg 150w, https:\/\/www.ultimotipo.com.br\/site\/wp-content\/uploads\/2017\/03\/IMG_7759-70x70.jpg 70w\" sizes=\"(max-width: 150px) 100vw, 150px\" \/><\/a>\n\t\t\t<\/dt><\/dl><dl class='gallery-item'>\n\t\t\t<dt class='gallery-icon landscape'>\n\t\t\t\t<a href='https:\/\/www.ultimotipo.com.br\/site\/wp-content\/uploads\/2017\/03\/IMG_7784.jpg'><img loading=\"lazy\" decoding=\"async\" width=\"150\" height=\"150\" src=\"https:\/\/www.ultimotipo.com.br\/site\/wp-content\/uploads\/2017\/03\/IMG_7784-150x150.jpg\" class=\"attachment-thumbnail size-thumbnail\" alt=\"\" srcset=\"https:\/\/www.ultimotipo.com.br\/site\/wp-content\/uploads\/2017\/03\/IMG_7784-150x150.jpg 150w, https:\/\/www.ultimotipo.com.br\/site\/wp-content\/uploads\/2017\/03\/IMG_7784-70x70.jpg 70w\" sizes=\"(max-width: 150px) 100vw, 150px\" \/><\/a>\n\t\t\t<\/dt><\/dl><br style=\"clear: both\" \/><dl class='gallery-item'>\n\t\t\t<dt class='gallery-icon landscape'>\n\t\t\t\t<a href='https:\/\/www.ultimotipo.com.br\/site\/wp-content\/uploads\/2017\/03\/P1060263-2.jpg'><img loading=\"lazy\" decoding=\"async\" width=\"150\" height=\"150\" src=\"https:\/\/www.ultimotipo.com.br\/site\/wp-content\/uploads\/2017\/03\/P1060263-2-150x150.jpg\" class=\"attachment-thumbnail size-thumbnail\" alt=\"\" srcset=\"https:\/\/www.ultimotipo.com.br\/site\/wp-content\/uploads\/2017\/03\/P1060263-2-150x150.jpg 150w, https:\/\/www.ultimotipo.com.br\/site\/wp-content\/uploads\/2017\/03\/P1060263-2-70x70.jpg 70w\" sizes=\"(max-width: 150px) 100vw, 150px\" \/><\/a>\n\t\t\t<\/dt><\/dl><dl class='gallery-item'>\n\t\t\t<dt class='gallery-icon landscape'>\n\t\t\t\t<a href='https:\/\/www.ultimotipo.com.br\/site\/wp-content\/uploads\/2017\/03\/IMG_7792.jpg'><img loading=\"lazy\" decoding=\"async\" width=\"150\" height=\"150\" src=\"https:\/\/www.ultimotipo.com.br\/site\/wp-content\/uploads\/2017\/03\/IMG_7792-150x150.jpg\" class=\"attachment-thumbnail size-thumbnail\" alt=\"\" srcset=\"https:\/\/www.ultimotipo.com.br\/site\/wp-content\/uploads\/2017\/03\/IMG_7792-150x150.jpg 150w, https:\/\/www.ultimotipo.com.br\/site\/wp-content\/uploads\/2017\/03\/IMG_7792-70x70.jpg 70w\" sizes=\"(max-width: 150px) 100vw, 150px\" \/><\/a>\n\t\t\t<\/dt><\/dl><dl class='gallery-item'>\n\t\t\t<dt class='gallery-icon landscape'>\n\t\t\t\t<a href='https:\/\/www.ultimotipo.com.br\/site\/wp-content\/uploads\/2017\/03\/IMG_7809.jpg'><img loading=\"lazy\" decoding=\"async\" width=\"150\" height=\"150\" src=\"https:\/\/www.ultimotipo.com.br\/site\/wp-content\/uploads\/2017\/03\/IMG_7809-150x150.jpg\" class=\"attachment-thumbnail size-thumbnail\" alt=\"\" srcset=\"https:\/\/www.ultimotipo.com.br\/site\/wp-content\/uploads\/2017\/03\/IMG_7809-150x150.jpg 150w, https:\/\/www.ultimotipo.com.br\/site\/wp-content\/uploads\/2017\/03\/IMG_7809-70x70.jpg 70w\" sizes=\"(max-width: 150px) 100vw, 150px\" \/><\/a>\n\t\t\t<\/dt><\/dl><dl class='gallery-item'>\n\t\t\t<dt class='gallery-icon landscape'>\n\t\t\t\t<a href='https:\/\/www.ultimotipo.com.br\/site\/wp-content\/uploads\/2017\/03\/IMG_7864.jpg'><img loading=\"lazy\" decoding=\"async\" width=\"150\" height=\"150\" src=\"https:\/\/www.ultimotipo.com.br\/site\/wp-content\/uploads\/2017\/03\/IMG_7864-150x150.jpg\" class=\"attachment-thumbnail size-thumbnail\" alt=\"\" srcset=\"https:\/\/www.ultimotipo.com.br\/site\/wp-content\/uploads\/2017\/03\/IMG_7864-150x150.jpg 150w, https:\/\/www.ultimotipo.com.br\/site\/wp-content\/uploads\/2017\/03\/IMG_7864-70x70.jpg 70w\" sizes=\"(max-width: 150px) 100vw, 150px\" \/><\/a>\n\t\t\t<\/dt><\/dl><br style=\"clear: both\" \/><dl class='gallery-item'>\n\t\t\t<dt class='gallery-icon landscape'>\n\t\t\t\t<a href='https:\/\/www.ultimotipo.com.br\/site\/wp-content\/uploads\/2017\/03\/IMG_7871.jpg'><img loading=\"lazy\" decoding=\"async\" width=\"150\" height=\"150\" src=\"https:\/\/www.ultimotipo.com.br\/site\/wp-content\/uploads\/2017\/03\/IMG_7871-150x150.jpg\" class=\"attachment-thumbnail size-thumbnail\" alt=\"\" srcset=\"https:\/\/www.ultimotipo.com.br\/site\/wp-content\/uploads\/2017\/03\/IMG_7871-150x150.jpg 150w, https:\/\/www.ultimotipo.com.br\/site\/wp-content\/uploads\/2017\/03\/IMG_7871-70x70.jpg 70w\" sizes=\"(max-width: 150px) 100vw, 150px\" \/><\/a>\n\t\t\t<\/dt><\/dl><dl class='gallery-item'>\n\t\t\t<dt class='gallery-icon landscape'>\n\t\t\t\t<a href='https:\/\/www.ultimotipo.com.br\/site\/wp-content\/uploads\/2017\/03\/IMG_7879.jpg'><img loading=\"lazy\" decoding=\"async\" width=\"150\" height=\"150\" src=\"https:\/\/www.ultimotipo.com.br\/site\/wp-content\/uploads\/2017\/03\/IMG_7879-150x150.jpg\" class=\"attachment-thumbnail size-thumbnail\" alt=\"\" srcset=\"https:\/\/www.ultimotipo.com.br\/site\/wp-content\/uploads\/2017\/03\/IMG_7879-150x150.jpg 150w, https:\/\/www.ultimotipo.com.br\/site\/wp-content\/uploads\/2017\/03\/IMG_7879-70x70.jpg 70w\" sizes=\"(max-width: 150px) 100vw, 150px\" \/><\/a>\n\t\t\t<\/dt><\/dl><dl class='gallery-item'>\n\t\t\t<dt class='gallery-icon portrait'>\n\t\t\t\t<a href='https:\/\/www.ultimotipo.com.br\/site\/wp-content\/uploads\/2017\/03\/IMG_7897.jpg'><img loading=\"lazy\" decoding=\"async\" width=\"150\" height=\"150\" src=\"https:\/\/www.ultimotipo.com.br\/site\/wp-content\/uploads\/2017\/03\/IMG_7897-150x150.jpg\" class=\"attachment-thumbnail size-thumbnail\" alt=\"\" srcset=\"https:\/\/www.ultimotipo.com.br\/site\/wp-content\/uploads\/2017\/03\/IMG_7897-150x150.jpg 150w, https:\/\/www.ultimotipo.com.br\/site\/wp-content\/uploads\/2017\/03\/IMG_7897-70x70.jpg 70w\" sizes=\"(max-width: 150px) 100vw, 150px\" \/><\/a>\n\t\t\t<\/dt><\/dl><dl class='gallery-item'>\n\t\t\t<dt class='gallery-icon landscape'>\n\t\t\t\t<a href='https:\/\/www.ultimotipo.com.br\/site\/wp-content\/uploads\/2017\/03\/IMG_7951.jpg'><img loading=\"lazy\" decoding=\"async\" width=\"150\" height=\"150\" src=\"https:\/\/www.ultimotipo.com.br\/site\/wp-content\/uploads\/2017\/03\/IMG_7951-150x150.jpg\" class=\"attachment-thumbnail size-thumbnail\" alt=\"\" srcset=\"https:\/\/www.ultimotipo.com.br\/site\/wp-content\/uploads\/2017\/03\/IMG_7951-150x150.jpg 150w, https:\/\/www.ultimotipo.com.br\/site\/wp-content\/uploads\/2017\/03\/IMG_7951-70x70.jpg 70w\" sizes=\"(max-width: 150px) 100vw, 150px\" \/><\/a>\n\t\t\t<\/dt><\/dl><br style=\"clear: both\" \/>\n\t\t<\/div>\n\n<p>&nbsp;<\/p>\n<p>&nbsp;<\/p>\n<p>&nbsp;<\/p>\n","protected":false},"excerpt":{"rendered":"<p>O espet\u00e1culo conta a aventura bem-humorada de Etelvina, uma menina muito estranha que quer ser mordida por um vampiro para se tornar imortal. Durante sua jornada \u00e0 procura do predador, ela encontra estranhas criaturas, como lobos, lobisomens e bruxas, e \u201csitua\u00e7\u00f5es do al\u00e9m\u201d, mas nada de vampiros, pois esses n\u00e3o se encontram em qualquer esquina. Por\u00e9m, ela n\u00e3o perde as esperan\u00e7as, e desce at\u00e9 as profundezas de sua alma em busca de seu lado mais negro. Baseada em diversos filmes &hellip; <a href=\"https:\/\/www.ultimotipo.com.br\/site\/espetaculos\/para-todos\/tocando-o-terror-o-musicaos\/\">Leia Mais <span class=\"meta-nav\"> | +<\/span><\/a><\/p>\n","protected":false},"author":1,"featured_media":6805,"parent":2621,"menu_order":0,"comment_status":"closed","ping_status":"closed","template":"","meta":{"footnotes":""},"_links":{"self":[{"href":"https:\/\/www.ultimotipo.com.br\/site\/wp-json\/wp\/v2\/pages\/6713"}],"collection":[{"href":"https:\/\/www.ultimotipo.com.br\/site\/wp-json\/wp\/v2\/pages"}],"about":[{"href":"https:\/\/www.ultimotipo.com.br\/site\/wp-json\/wp\/v2\/types\/page"}],"author":[{"embeddable":true,"href":"https:\/\/www.ultimotipo.com.br\/site\/wp-json\/wp\/v2\/users\/1"}],"replies":[{"embeddable":true,"href":"https:\/\/www.ultimotipo.com.br\/site\/wp-json\/wp\/v2\/comments?post=6713"}],"version-history":[{"count":5,"href":"https:\/\/www.ultimotipo.com.br\/site\/wp-json\/wp\/v2\/pages\/6713\/revisions"}],"predecessor-version":[{"id":6833,"href":"https:\/\/www.ultimotipo.com.br\/site\/wp-json\/wp\/v2\/pages\/6713\/revisions\/6833"}],"up":[{"embeddable":true,"href":"https:\/\/www.ultimotipo.com.br\/site\/wp-json\/wp\/v2\/pages\/2621"}],"wp:featuredmedia":[{"embeddable":true,"href":"https:\/\/www.ultimotipo.com.br\/site\/wp-json\/wp\/v2\/media\/6805"}],"wp:attachment":[{"href":"https:\/\/www.ultimotipo.com.br\/site\/wp-json\/wp\/v2\/media?parent=6713"}],"curies":[{"name":"wp","href":"https:\/\/api.w.org\/{rel}","templated":true}]}}