{"id":6777,"date":"2017-03-28T00:06:36","date_gmt":"2017-03-28T00:06:36","guid":{"rendered":"http:\/\/www.ultimotipo.com.br\/site\/?page_id=6777"},"modified":"2017-05-31T18:17:48","modified_gmt":"2017-05-31T18:17:48","slug":"trem-das-artes","status":"publish","type":"page","link":"https:\/\/www.ultimotipo.com.br\/site\/trem-das-artes\/","title":{"rendered":"Trem das Artes"},"content":{"rendered":"<p><img loading=\"lazy\" decoding=\"async\" class=\"alignnone size-full wp-image-6782\" src=\"http:\/\/www.ultimotipo.com.br\/site\/wp-content\/uploads\/2017\/03\/EstacaoJaguariuna.jpg\" alt=\"\" width=\"400\" height=\"200\" \/><\/p>\n<p>Neste projeto, mais uma parceria entre o grupo \u00daltimo Tipo e a Produtora Dire\u00e7\u00e3o Cultura, pretende-se desenvolver uma programa\u00e7\u00e3o cultural gratuita ao longo de um ano, todos os finais de semana, na esta\u00e7\u00e3o do trem tur\u00edstico Maria Fuma\u00e7a, no Centro Cultural de Jaguari\u00fana (SP) e tamb\u00e9m dentro da composi\u00e7\u00e3o. A programa\u00e7\u00e3o compreende apresenta\u00e7\u00f5es de teatro e de m\u00fasica do grupo \u00daltimo Tipo e de grupos da cidade de Jaguari\u00fana e da regi\u00e3o de Campinas (SP). O projeto prev\u00ea, ainda, uma exposi\u00e7\u00e3o permanente na Esta\u00e7\u00e3o de Jaguari\u00fana, que narra a hist\u00f3ria da cidade e do pr\u00f3prio edif\u00edcio.<\/p>\n<p>Projeto aprovado pelo PROAC ICMS n\u00ba 16.000.<\/p>\n<p>Benef\u00edcios \u00e0 empresa patrocinadora:<\/p>\n<p>&#8211; Inser\u00e7\u00e3o de logotipo em banners, cartazes e flyers;<br \/>\n&#8211; Assessoria de imprensa e clipping;<br \/>\n&#8211; Outdoor do projeto;<br \/>\n&#8211; Fotos e v\u00eddeo das atividades.<\/p>\n<p>Contatos para patroc\u00ednios devem ser feitos diretamente com a Dire\u00e7\u00e3o Cultura: (19) 3202-5405 \/ contato@direcaocultura.com.br<\/p>\n","protected":false},"excerpt":{"rendered":"<p>Neste projeto, mais uma parceria entre o grupo \u00daltimo Tipo e a Produtora Dire\u00e7\u00e3o Cultura, pretende-se desenvolver uma programa\u00e7\u00e3o cultural gratuita ao longo de um ano, todos os finais de semana, na esta\u00e7\u00e3o do trem tur\u00edstico Maria Fuma\u00e7a, no Centro Cultural de Jaguari\u00fana (SP) e tamb\u00e9m dentro da composi\u00e7\u00e3o. A programa\u00e7\u00e3o compreende apresenta\u00e7\u00f5es de teatro e de m\u00fasica do grupo \u00daltimo Tipo e de grupos da cidade de Jaguari\u00fana e da regi\u00e3o de Campinas (SP). O projeto prev\u00ea, ainda, uma &hellip; <a href=\"https:\/\/www.ultimotipo.com.br\/site\/trem-das-artes\/\">Leia Mais <span class=\"meta-nav\"> | +<\/span><\/a><\/p>\n","protected":false},"author":4,"featured_media":0,"parent":0,"menu_order":0,"comment_status":"closed","ping_status":"closed","template":"","meta":{"footnotes":""},"_links":{"self":[{"href":"https:\/\/www.ultimotipo.com.br\/site\/wp-json\/wp\/v2\/pages\/6777"}],"collection":[{"href":"https:\/\/www.ultimotipo.com.br\/site\/wp-json\/wp\/v2\/pages"}],"about":[{"href":"https:\/\/www.ultimotipo.com.br\/site\/wp-json\/wp\/v2\/types\/page"}],"author":[{"embeddable":true,"href":"https:\/\/www.ultimotipo.com.br\/site\/wp-json\/wp\/v2\/users\/4"}],"replies":[{"embeddable":true,"href":"https:\/\/www.ultimotipo.com.br\/site\/wp-json\/wp\/v2\/comments?post=6777"}],"version-history":[{"count":7,"href":"https:\/\/www.ultimotipo.com.br\/site\/wp-json\/wp\/v2\/pages\/6777\/revisions"}],"predecessor-version":[{"id":7124,"href":"https:\/\/www.ultimotipo.com.br\/site\/wp-json\/wp\/v2\/pages\/6777\/revisions\/7124"}],"wp:attachment":[{"href":"https:\/\/www.ultimotipo.com.br\/site\/wp-json\/wp\/v2\/media?parent=6777"}],"curies":[{"name":"wp","href":"https:\/\/api.w.org\/{rel}","templated":true}]}}